{"id":898,"date":"2017-02-12T11:09:53","date_gmt":"2017-02-12T11:09:53","guid":{"rendered":"http:\/\/isostar.lv\/?page_id=898"},"modified":"2025-10-28T15:00:19","modified_gmt":"2025-10-28T13:00:19","slug":"kontakti","status":"publish","type":"page","link":"https:\/\/v2.intervals.lv\/lv\/kontakti\/","title":{"rendered":"Kontakti"},"content":{"rendered":"\n<figure class=\"wp-block-image size-full\"><img decoding=\"async\" src=\"https:\/\/v2.intervals.lv\/wp-content\/uploads\/2023\/07\/Intervals-ka-mus-atrast-01-scaled.jpg\" alt=\"\" class=\"wp-image-95523\"\/><\/figure>\n\n\n<p><iframe src=\"https:\/\/www.google.com\/maps\/embed?pb=!1m18!1m12!1m3!1d1702.504511909997!2d24.16391793303041!3d56.97136712987948!2m3!1f0!2f0!3f0!3m2!1i1024!2i768!4f13.1!3m3!1m2!1s0x46eecfc3e6ce196d%3A0x1fc029ff18eeba0d!2sINTERVALS.LV!5e1!3m2!1slv!2slv!4v1693393750349!5m2!1slv!2slv\" width=\"100%\" height=\"450\" style=\"border:0;\" allowfullscreen=\"\" loading=\"lazy\" referrerpolicy=\"no-referrer-when-downgrade\"><\/iframe><\/p>\n\n\n<div style=\"height:60px\" aria-hidden=\"true\" class=\"wp-block-spacer\"><\/div>\n\n\n\n<div class=\"wp-block-columns has-3-columns is-layout-flex wp-container-core-columns-is-layout-28f84493 wp-block-columns-is-layout-flex\">\n<div class=\"wp-block-column is-layout-flow wp-block-column-is-layout-flow\">\n<h3 class=\"wp-block-heading\" id=\"h-uznemuma-rekviziti\"><strong>Uz\u0146\u0113muma rekviz\u012bti<\/strong><\/h3>\n\n\n\n<p><strong>SIA Kalna iela<\/strong><br>Re\u0123istr\u0101cijas numurs:\u00a0<strong>45403025153<br><\/strong>PVN numurs:\u00a0<strong>LV45403025153<\/strong><br>Adrese:\u00a0<strong>Miera iela 4-17, \u013baudona, LV-4862<\/strong><br>Birojs:\u00a0<strong>Gustava Zemgala gatve 71 (5. korpuss), R\u012bga, LV-1039<\/strong><br>T\u0101lrunis:\u00a0<strong>+371 200 11 284<\/strong><br>E-pasts:<strong>\u00a0<a href=\"mailto:orders@intervals.lv\">orders@intervals.lv<\/a><\/strong><\/p>\n<\/div>\n\n\n\n<div class=\"wp-block-column is-layout-flow wp-block-column-is-layout-flow\">\n<h3 class=\"wp-block-heading\" id=\"h-norekinu-rekviziti\"><strong>Nor\u0113\u0137inu rekviz\u012bti<\/strong><\/h3>\n\n\n\n<p>Banka: <strong>Citadele banka AS<\/strong><br>Bankas kods: <strong>PARXLV22<\/strong><br>Konts: <strong>LV86PARX0013388690001<\/strong><\/p>\n<\/div>\n\n\n\n<div class=\"wp-block-column is-layout-flow wp-block-column-is-layout-flow\">\n<h3 class=\"wp-block-heading\" id=\"h-darba-laiks\"><strong>Darba laiks<\/strong><\/h3>\n\n\n\n<p>Pirmdiena &#8211; ceturtdiena &#8211; 9:00 l\u012bdz 18:00<br>Piektdiena &#8211; 9:00 l\u012bdz 17:00<br>Sestdiena, sv\u0113tdiena &#8211; br\u012bvs<\/p>\n<\/div>\n<\/div>\n\n\n\n<h3 class=\"wp-block-heading\" id=\"h-isostar-logo-paka\"><a href=\"http:\/\/www.isostar.lv\/wp-content\/uploads\/2017\/02\/isostar_logo.zip\"><strong>ISOSTAR logo paka<\/strong><\/a><\/h3>\n\n\n\n<p>Spied uz <a href=\"https:\/\/v2.intervals.lv\/wp-content\/uploads\/2021\/02\/Isostar-logo.zip\">saites<\/a> vai logo lai lejupl\u0101d\u0113tu. ISOSTAR logotipa izmanto\u0161anas ir j\u0101saska\u0146o rakstot uz <a href=\"mailto:intervals@intervals.lv\">orders@intervals.lv<\/a>.<\/p>\n\n\n\n<figure class=\"wp-block-image size-large is-resized\"><a href=\"https:\/\/v2.intervals.lv\/wp-content\/uploads\/2021\/02\/Isostar-logo.zip\"><img loading=\"lazy\" decoding=\"async\" width=\"350\" height=\"205\" src=\"https:\/\/v2.intervals.lv\/wp-content\/uploads\/2021\/02\/Isostar-logo-melns-mazins-02-350x205.png\" alt=\"\" class=\"wp-image-36046\" style=\"width:121px;height:71px\" srcset=\"https:\/\/v2.intervals.lv\/wp-content\/uploads\/2021\/02\/Isostar-logo-melns-mazins-02-350x205.png 350w, https:\/\/v2.intervals.lv\/wp-content\/uploads\/2021\/02\/Isostar-logo-melns-mazins-02-150x88.png 150w, https:\/\/v2.intervals.lv\/wp-content\/uploads\/2021\/02\/Isostar-logo-melns-mazins-02-600x352.png 600w, https:\/\/v2.intervals.lv\/wp-content\/uploads\/2021\/02\/Isostar-logo-melns-mazins-02-300x176.png 300w, https:\/\/v2.intervals.lv\/wp-content\/uploads\/2021\/02\/Isostar-logo-melns-mazins-02.png 726w\" sizes=\"auto, (max-width: 350px) 100vw, 350px\" \/><\/a><\/figure>\n\n\n\n<div class=\"wp-block-kadence-spacer aligncenter kt-block-spacer-898_e53014-da\"><div class=\"kt-block-spacer kt-block-spacer-halign-center\"><hr class=\"kt-divider\"\/><\/div><\/div>\n\n\n\n<blockquote class=\"wp-block-quote is-layout-flow wp-block-quote-is-layout-flow\">\n<h5 class=\"wp-block-heading has-text-align-center\" id=\"h-uznemuma-darbibas-veicinasanai-un-izaugsmei-esam-piesaistijusi-papildu-finansejumu-no-luminor-to-izdevas-sanemt-pateicoties-valsts-finansu-institucijai-altum-un-es-strukturfondiem\">Uz\u0146\u0113muma darb\u012bbas veicin\u0101\u0161anai un izaugsmei esam piesaist\u012bju\u0161i papildu finans\u0113jumu no Luminor. To izdev\u0101s sa\u0146emt, pateicoties valsts finan\u0161u instit\u016bcijai Altum un ES strukt\u016brfondiem.<\/h5>\n\n\n\n<figure class=\"wp-block-image size-full\"><img decoding=\"async\" src=\"https:\/\/v2.intervals.lv\/wp-content\/uploads\/2025\/09\/image004.png\" alt=\"\" class=\"wp-image-146266\"\/><\/figure>\n<\/blockquote>\n\n\n\n<p><\/p>\n","protected":false},"excerpt":{"rendered":"<p>Uz\u0146\u0113muma rekviz\u012bti SIA Kalna ielaRe\u0123istr\u0101cijas numurs:\u00a045403025153PVN numurs:\u00a0LV45403025153Adrese:\u00a0Miera iela 4-17, \u013baudona, LV-4862Birojs:\u00a0Gustava Zemgala gatve 71 (5. korpuss), R\u012bga, LV-1039T\u0101lrunis:\u00a0+371 200 11 284E-pasts:\u00a0orders@intervals.lv Nor\u0113\u0137inu rekviz\u012bti Banka: Citadele banka ASBankas kods: PARXLV22Konts: LV86PARX0013388690001 Darba laiks Pirmdiena &#8211; ceturtdiena &#8211; 9:00 l\u012bdz 18:00Piektdiena &#8211; 9:00 l\u012bdz 17:00Sestdiena, sv\u0113tdiena &#8211; br\u012bvs ISOSTAR logo paka Spied uz saites vai logo lai [&hellip;]<\/p>\n","protected":false},"author":1,"featured_media":0,"parent":0,"menu_order":2,"comment_status":"closed","ping_status":"closed","template":"","meta":{"footnotes":""},"class_list":["post-898","page","type-page","status-publish","hentry"],"_links":{"self":[{"href":"https:\/\/v2.intervals.lv\/lv\/wp-json\/wp\/v2\/pages\/898","targetHints":{"allow":["GET"]}}],"collection":[{"href":"https:\/\/v2.intervals.lv\/lv\/wp-json\/wp\/v2\/pages"}],"about":[{"href":"https:\/\/v2.intervals.lv\/lv\/wp-json\/wp\/v2\/types\/page"}],"author":[{"embeddable":true,"href":"https:\/\/v2.intervals.lv\/lv\/wp-json\/wp\/v2\/users\/1"}],"replies":[{"embeddable":true,"href":"https:\/\/v2.intervals.lv\/lv\/wp-json\/wp\/v2\/comments?post=898"}],"version-history":[{"count":0,"href":"https:\/\/v2.intervals.lv\/lv\/wp-json\/wp\/v2\/pages\/898\/revisions"}],"wp:attachment":[{"href":"https:\/\/v2.intervals.lv\/lv\/wp-json\/wp\/v2\/media?parent=898"}],"curies":[{"name":"wp","href":"https:\/\/api.w.org\/{rel}","templated":true}]}}