{"id":900,"date":"2017-02-12T11:12:34","date_gmt":"2017-02-12T11:12:34","guid":{"rendered":"http:\/\/isostar.lv\/?page_id=900"},"modified":"2026-02-19T11:54:51","modified_gmt":"2026-02-19T09:54:51","slug":"tirdzniecibas-vietas","status":"publish","type":"page","link":"https:\/\/v2.intervals.lv\/lv\/tirdzniecibas-vietas\/","title":{"rendered":"Tirdzniec\u012bbas vietas"},"content":{"rendered":"\n<h2 class=\"wp-block-heading has-text-align-center\" id=\"h-isostar-produktus-vari-iegadaties-sajas-tirdzniecibas-vietas\">ISOSTAR produktus vari ieg\u0101d\u0101ties \u0161aj\u0101s tirdzniec\u012bbas viet\u0101s:<\/h2>\n\n\n\n\n<div class=\"wp-block-kadence-column kadence-column900_00fda8-38\"><div class=\"kt-inside-inner-col\">\n<figure class=\"wp-block-image size-large\"><img loading=\"lazy\" decoding=\"async\" width=\"350\" height=\"123\" src=\"https:\/\/v2.intervals.lv\/wp-content\/uploads\/2025\/01\/RIMI_logo_l-transp-350x123.png\" alt=\"\" class=\"wp-image-125110\" srcset=\"https:\/\/v2.intervals.lv\/wp-content\/uploads\/2025\/01\/RIMI_logo_l-transp-350x123.png 350w, https:\/\/v2.intervals.lv\/wp-content\/uploads\/2025\/01\/RIMI_logo_l-transp-150x53.png 150w, https:\/\/v2.intervals.lv\/wp-content\/uploads\/2025\/01\/RIMI_logo_l-transp-600x211.png 600w, https:\/\/v2.intervals.lv\/wp-content\/uploads\/2025\/01\/RIMI_logo_l-transp-300x106.png 300w, https:\/\/v2.intervals.lv\/wp-content\/uploads\/2025\/01\/RIMI_logo_l-transp-768x271.png 768w, https:\/\/v2.intervals.lv\/wp-content\/uploads\/2025\/01\/RIMI_logo_l-transp-80x28.png 80w, https:\/\/v2.intervals.lv\/wp-content\/uploads\/2025\/01\/RIMI_logo_l-transp.png 1181w\" sizes=\"auto, (max-width: 350px) 100vw, 350px\" \/><\/figure>\n<\/div><\/div>\n\n\n\n<div class=\"wp-block-kadence-column kadence-column900_ccfc01-28\"><div class=\"kt-inside-inner-col\">\n<figure class=\"wp-block-image size-large\"><img loading=\"lazy\" decoding=\"async\" width=\"350\" height=\"117\" src=\"https:\/\/v2.intervals.lv\/wp-content\/uploads\/2025\/01\/Visu-klientu-logo-paka-36-350x117.png\" alt=\"\" class=\"wp-image-125122\" srcset=\"https:\/\/v2.intervals.lv\/wp-content\/uploads\/2025\/01\/Visu-klientu-logo-paka-36-350x117.png 350w, https:\/\/v2.intervals.lv\/wp-content\/uploads\/2025\/01\/Visu-klientu-logo-paka-36-150x50.png 150w, https:\/\/v2.intervals.lv\/wp-content\/uploads\/2025\/01\/Visu-klientu-logo-paka-36-600x201.png 600w, https:\/\/v2.intervals.lv\/wp-content\/uploads\/2025\/01\/Visu-klientu-logo-paka-36-300x100.png 300w, https:\/\/v2.intervals.lv\/wp-content\/uploads\/2025\/01\/Visu-klientu-logo-paka-36-768x257.png 768w, https:\/\/v2.intervals.lv\/wp-content\/uploads\/2025\/01\/Visu-klientu-logo-paka-36-1536x513.png 1536w, https:\/\/v2.intervals.lv\/wp-content\/uploads\/2025\/01\/Visu-klientu-logo-paka-36-2048x685.png 2048w, https:\/\/v2.intervals.lv\/wp-content\/uploads\/2025\/01\/Visu-klientu-logo-paka-36.png 1200w\" sizes=\"auto, (max-width: 350px) 100vw, 350px\" \/><\/figure>\n<\/div><\/div>\n\n\n\n<div class=\"wp-block-kadence-column kadence-column900_5116a9-e9\"><div class=\"kt-inside-inner-col\">\n<figure class=\"wp-block-image size-large\"><img loading=\"lazy\" decoding=\"async\" width=\"350\" height=\"104\" src=\"https:\/\/v2.intervals.lv\/wp-content\/uploads\/2025\/01\/DEPO_logo_min_aptv_laukums-01-350x104.png\" alt=\"\" class=\"wp-image-125118\" srcset=\"https:\/\/v2.intervals.lv\/wp-content\/uploads\/2025\/01\/DEPO_logo_min_aptv_laukums-01-350x104.png 350w, https:\/\/v2.intervals.lv\/wp-content\/uploads\/2025\/01\/DEPO_logo_min_aptv_laukums-01-150x45.png 150w, https:\/\/v2.intervals.lv\/wp-content\/uploads\/2025\/01\/DEPO_logo_min_aptv_laukums-01-600x178.png 600w, https:\/\/v2.intervals.lv\/wp-content\/uploads\/2025\/01\/DEPO_logo_min_aptv_laukums-01-300x89.png 300w, https:\/\/v2.intervals.lv\/wp-content\/uploads\/2025\/01\/DEPO_logo_min_aptv_laukums-01-768x228.png 768w, https:\/\/v2.intervals.lv\/wp-content\/uploads\/2025\/01\/DEPO_logo_min_aptv_laukums-01-1536x456.png 1536w, https:\/\/v2.intervals.lv\/wp-content\/uploads\/2025\/01\/DEPO_logo_min_aptv_laukums-01-2048x607.png 2048w, https:\/\/v2.intervals.lv\/wp-content\/uploads\/2025\/01\/DEPO_logo_min_aptv_laukums-01.png 1200w\" sizes=\"auto, (max-width: 350px) 100vw, 350px\" \/><\/figure>\n<\/div><\/div>\n\n\n\n<div class=\"wp-block-kadence-column kadence-column900_689df3-a6\"><div class=\"kt-inside-inner-col\">\n<figure class=\"wp-block-image size-large\"><img loading=\"lazy\" decoding=\"async\" width=\"350\" height=\"94\" src=\"https:\/\/v2.intervals.lv\/wp-content\/uploads\/2025\/01\/St_Stockmann_1-line_black-white-background-350x94.png\" alt=\"\" class=\"wp-image-125114\" srcset=\"https:\/\/v2.intervals.lv\/wp-content\/uploads\/2025\/01\/St_Stockmann_1-line_black-white-background-350x94.png 350w, https:\/\/v2.intervals.lv\/wp-content\/uploads\/2025\/01\/St_Stockmann_1-line_black-white-background-150x40.png 150w, https:\/\/v2.intervals.lv\/wp-content\/uploads\/2025\/01\/St_Stockmann_1-line_black-white-background-300x80.png 300w, https:\/\/v2.intervals.lv\/wp-content\/uploads\/2025\/01\/St_Stockmann_1-line_black-white-background.png 425w\" sizes=\"auto, (max-width: 350px) 100vw, 350px\" \/><\/figure>\n<\/div><\/div>\n\n\n\n\n\n<div class=\"wp-block-kadence-column kadence-column900_230667-a9\"><div class=\"kt-inside-inner-col\">\n<figure class=\"wp-block-image aligncenter size-thumbnail\"><img loading=\"lazy\" decoding=\"async\" width=\"150\" height=\"150\" src=\"https:\/\/v2.intervals.lv\/wp-content\/uploads\/2025\/01\/acb_tenisa_kluba_log-300x300-1-150x150.webp\" alt=\"\" class=\"wp-image-125135\" srcset=\"https:\/\/v2.intervals.lv\/wp-content\/uploads\/2025\/01\/acb_tenisa_kluba_log-300x300-1-150x150.webp 150w, https:\/\/v2.intervals.lv\/wp-content\/uploads\/2025\/01\/acb_tenisa_kluba_log-300x300-1-32x32.webp 32w, https:\/\/v2.intervals.lv\/wp-content\/uploads\/2025\/01\/acb_tenisa_kluba_log-300x300-1-135x135.webp 135w, https:\/\/v2.intervals.lv\/wp-content\/uploads\/2025\/01\/acb_tenisa_kluba_log-300x300-1.webp 300w\" sizes=\"auto, (max-width: 150px) 100vw, 150px\" \/><\/figure>\n<\/div><\/div>\n\n\n\n<div class=\"wp-block-kadence-column kadence-column900_671df7-91\"><div class=\"kt-inside-inner-col\">\n<figure class=\"wp-block-image size-large\"><img decoding=\"async\" src=\"https:\/\/v2.intervals.lv\/wp-content\/uploads\/2021\/09\/Visu-klientu-logo-paka-02-350x350.png\" alt=\"\" class=\"wp-image-65314\"\/><\/figure>\n<\/div><\/div>\n\n\n\n<div class=\"wp-block-kadence-column kadence-column900_970511-e1\"><div class=\"kt-inside-inner-col\">\n<figure class=\"wp-block-image size-full\"><img loading=\"lazy\" decoding=\"async\" width=\"350\" height=\"350\" src=\"https:\/\/v2.intervals.lv\/wp-content\/uploads\/2025\/01\/sanitex-350x350-1.png\" alt=\"\" class=\"wp-image-125127\" srcset=\"https:\/\/v2.intervals.lv\/wp-content\/uploads\/2025\/01\/sanitex-350x350-1.png 350w, https:\/\/v2.intervals.lv\/wp-content\/uploads\/2025\/01\/sanitex-350x350-1-300x300.png 300w, https:\/\/v2.intervals.lv\/wp-content\/uploads\/2025\/01\/sanitex-350x350-1-150x150.png 150w, https:\/\/v2.intervals.lv\/wp-content\/uploads\/2025\/01\/sanitex-350x350-1-32x32.png 32w, https:\/\/v2.intervals.lv\/wp-content\/uploads\/2025\/01\/sanitex-350x350-1-135x135.png 135w\" sizes=\"auto, (max-width: 350px) 100vw, 350px\" \/><\/figure>\n<\/div><\/div>\n\n\n\n<div class=\"wp-block-kadence-column kadence-column900_095eec-65\"><div class=\"kt-inside-inner-col\">\n<figure class=\"wp-block-image size-large\"><img loading=\"lazy\" decoding=\"async\" width=\"350\" height=\"240\" src=\"https:\/\/v2.intervals.lv\/wp-content\/uploads\/2025\/01\/Elvi-logo_bez_fona-350x240.png\" alt=\"\" class=\"wp-image-125140\" srcset=\"https:\/\/v2.intervals.lv\/wp-content\/uploads\/2025\/01\/Elvi-logo_bez_fona-350x240.png 350w, https:\/\/v2.intervals.lv\/wp-content\/uploads\/2025\/01\/Elvi-logo_bez_fona-150x103.png 150w, https:\/\/v2.intervals.lv\/wp-content\/uploads\/2025\/01\/Elvi-logo_bez_fona-300x206.png 300w, https:\/\/v2.intervals.lv\/wp-content\/uploads\/2025\/01\/Elvi-logo_bez_fona.png 600w\" sizes=\"auto, (max-width: 350px) 100vw, 350px\" \/><\/figure>\n<\/div><\/div>\n\n\n\n\n\n<div class=\"wp-block-kadence-column kadence-column900_005617-c7\"><div class=\"kt-inside-inner-col\"><\/div><\/div>\n\n\n\n<div class=\"wp-block-kadence-column kadence-column900_bbb923-b8\"><div class=\"kt-inside-inner-col\"><\/div><\/div>\n\n\n\n<div class=\"wp-block-kadence-column kadence-column900_9368b3-1b\"><div class=\"kt-inside-inner-col\"><\/div><\/div>\n\n\n\n<div class=\"wp-block-kadence-column kadence-column900_db6a52-63\"><div class=\"kt-inside-inner-col\"><\/div><\/div>\n\n\n\n\n<p><\/p>\n","protected":false},"excerpt":{"rendered":"<p>ISOSTAR produktus vari ieg\u0101d\u0101ties \u0161aj\u0101s tirdzniec\u012bbas viet\u0101s:<\/p>\n","protected":false},"author":1,"featured_media":0,"parent":0,"menu_order":0,"comment_status":"closed","ping_status":"closed","template":"","meta":{"footnotes":""},"class_list":["post-900","page","type-page","status-publish","hentry"],"_links":{"self":[{"href":"https:\/\/v2.intervals.lv\/lv\/wp-json\/wp\/v2\/pages\/900","targetHints":{"allow":["GET"]}}],"collection":[{"href":"https:\/\/v2.intervals.lv\/lv\/wp-json\/wp\/v2\/pages"}],"about":[{"href":"https:\/\/v2.intervals.lv\/lv\/wp-json\/wp\/v2\/types\/page"}],"author":[{"embeddable":true,"href":"https:\/\/v2.intervals.lv\/lv\/wp-json\/wp\/v2\/users\/1"}],"replies":[{"embeddable":true,"href":"https:\/\/v2.intervals.lv\/lv\/wp-json\/wp\/v2\/comments?post=900"}],"version-history":[{"count":0,"href":"https:\/\/v2.intervals.lv\/lv\/wp-json\/wp\/v2\/pages\/900\/revisions"}],"wp:attachment":[{"href":"https:\/\/v2.intervals.lv\/lv\/wp-json\/wp\/v2\/media?parent=900"}],"curies":[{"name":"wp","href":"https:\/\/api.w.org\/{rel}","templated":true}]}}