{"id":931,"date":"2017-02-12T16:01:43","date_gmt":"2017-02-12T16:01:43","guid":{"rendered":"http:\/\/isostar.lv\/?page_id=931"},"modified":"2026-02-18T16:06:30","modified_gmt":"2026-02-18T14:06:30","slug":"piegade","status":"publish","type":"page","link":"https:\/\/v2.intervals.lv\/lv\/piegade\/","title":{"rendered":"Pieg\u0101de"},"content":{"rendered":"\n<h3 class=\"wp-block-heading\" id=\"h-piegade-uz-omniva-pakomatu-cena-2-99-eur\">Pieg\u0101de uz OMNIVA pakom\u0101tu &#8211; Cena: 2,99 EUR<\/h3>\n\n\n\n\n<div class=\"wp-block-kadence-column kadence-column931_e63f62-29 inner-column-1\"><div class=\"kt-inside-inner-col\">\n<figure class=\"wp-block-image size-large is-resized is-style-default\"><img decoding=\"async\" src=\"https:\/\/v2.intervals.lv\/wp-content\/uploads\/2021\/08\/Visu-klientu-logo-paka-18-350x350.png\" alt=\"\" class=\"wp-image-44398\"\/><\/figure>\n<\/div><\/div>\n\n\n\n<div class=\"wp-block-kadence-column kadence-column931_fb71ed-ed inner-column-2\"><div class=\"kt-inside-inner-col\">\n<p><strong>BEZMAKSAS <\/strong>pieg\u0101de visiem pirkumiem virs 30 EUR, izmantojot OMNIVA pakalpojumu. Ja pirkuma summa ir zem 30,00 EUR, maksa par s\u016bt\u012bjumu 2,99 EUR. Veicot apmaksu darba dien\u0101 l\u012bdz 14:00, izs\u016btam pas\u016bt\u012bjumu taj\u0101 pa\u0161\u0101 dien\u0101. Noteikumi var main\u012bties \u012bpa\u0161o akciju laik\u0101.<br>L\u016bdzam \u0146emt v\u0113r\u0101, ka ziemas laikapst\u0101k\u013cos temperat\u016bra pakom\u0101t\u0101 var b\u016bt zem\u0101ka k\u0101 parasti.<\/p>\n<\/div><\/div>\n\n\n\n\n<blockquote class=\"wp-block-quote is-layout-flow wp-block-quote-is-layout-flow\">\n<p>Pas\u016bt\u012bjumu sa\u0146emsi n\u0101kamaj\u0101 darba dien\u0101, ja pas\u016bt\u012bjumu apmaks\u0101si l\u012bdz 14:00.<\/p>\n<\/blockquote>\n\n\n\n<div class=\"wp-block-kadence-spacer aligncenter kt-block-spacer-931_fb8dbe-40\"><div class=\"kt-block-spacer kt-block-spacer-halign-center\"><hr class=\"kt-divider\"\/><\/div><\/div>\n\n\n\n<h3 class=\"wp-block-heading\" id=\"h-piegade-uz-dpd-pakomatu-cena-2-99-eur\">Pieg\u0101de uz DPD pakom\u0101tu &#8211; Cena: 2,99 EUR<\/h3>\n\n\n\n\n<div class=\"wp-block-kadence-column kadence-column931_756590-5a inner-column-1\"><div class=\"kt-inside-inner-col\">\n<figure class=\"wp-block-image size-large is-style-default\"><img loading=\"lazy\" decoding=\"async\" width=\"350\" height=\"350\" src=\"https:\/\/v2.intervals.lv\/wp-content\/uploads\/2022\/03\/Visu-klientu-logo-paka-39-350x350.png\" alt=\"\" class=\"wp-image-60856\" srcset=\"https:\/\/v2.intervals.lv\/wp-content\/uploads\/2022\/03\/Visu-klientu-logo-paka-39-350x350.png 350w, https:\/\/v2.intervals.lv\/wp-content\/uploads\/2022\/03\/Visu-klientu-logo-paka-39-300x300.png 300w, https:\/\/v2.intervals.lv\/wp-content\/uploads\/2022\/03\/Visu-klientu-logo-paka-39-150x150.png 150w, https:\/\/v2.intervals.lv\/wp-content\/uploads\/2022\/03\/Visu-klientu-logo-paka-39-600x600.png 600w, https:\/\/v2.intervals.lv\/wp-content\/uploads\/2022\/03\/Visu-klientu-logo-paka-39-768x768.png 768w, https:\/\/v2.intervals.lv\/wp-content\/uploads\/2022\/03\/Visu-klientu-logo-paka-39-1600x1600.png 1600w, https:\/\/v2.intervals.lv\/wp-content\/uploads\/2022\/03\/Visu-klientu-logo-paka-39-1536x1536.png 1536w, https:\/\/v2.intervals.lv\/wp-content\/uploads\/2022\/03\/Visu-klientu-logo-paka-39-2048x2048.png 2048w, https:\/\/v2.intervals.lv\/wp-content\/uploads\/2022\/03\/Visu-klientu-logo-paka-39-60x60.png 60w, https:\/\/v2.intervals.lv\/wp-content\/uploads\/2022\/03\/Visu-klientu-logo-paka-39-100x100.png 100w, https:\/\/v2.intervals.lv\/wp-content\/uploads\/2022\/03\/Visu-klientu-logo-paka-39-32x32.png 32w, https:\/\/v2.intervals.lv\/wp-content\/uploads\/2022\/03\/Visu-klientu-logo-paka-39-135x135.png 135w, https:\/\/v2.intervals.lv\/wp-content\/uploads\/2022\/03\/Visu-klientu-logo-paka-39.png 1200w\" sizes=\"auto, (max-width: 350px) 100vw, 350px\" \/><\/figure>\n<\/div><\/div>\n\n\n\n<div class=\"wp-block-kadence-column kadence-column931_c180fb-e9 inner-column-2\"><div class=\"kt-inside-inner-col\">\n<p><strong>BEZMAKSAS <\/strong>pieg\u0101de visiem pirkumiem virs 30 EUR, izmantojot DPD pakalpojumu. Ja pirkuma summa ir zem 30,00 EUR, maksa par s\u016bt\u012bjumu 2,99 Veicot apmaksu darba dien\u0101 l\u012bdz 14:00, izs\u016btam pas\u016bt\u012bjumu taj\u0101 pa\u0161\u0101 dien\u0101. Noteikumi var main\u012bties \u012bpa\u0161o akciju laik\u0101.<\/p>\n<\/div><\/div>\n\n\n\n\n<blockquote class=\"wp-block-quote is-layout-flow wp-block-quote-is-layout-flow\">\n<p>Pas\u016bt\u012bjumu sa\u0146emsi n\u0101kamaj\u0101 darba dien\u0101, ja pas\u016bt\u012bjumu apmaks\u0101si l\u012bdz 14:00.<\/p>\n<\/blockquote>\n\n\n\n<div class=\"wp-block-kadence-spacer aligncenter kt-block-spacer-931_8b78d5-42\"><div class=\"kt-block-spacer kt-block-spacer-halign-center\"><hr class=\"kt-divider\"\/><\/div><\/div>\n\n\n\n<div class=\"wp-block-group has-global-padding is-layout-constrained wp-block-group-is-layout-constrained\">\n<h3 class=\"wp-block-heading\" id=\"h-delivery-to-smartpost-itella-parcel-machine-price-2-99-eur\">Delivery to Smartpost itella parcel machine &#8211; Price: 2,99 EUR<\/h3>\n\n\n\n\n<div class=\"wp-block-kadence-column kadence-column931_d0297c-b6 inner-column-1\"><div class=\"kt-inside-inner-col\">\n<figure class=\"wp-block-image size-full is-style-default\"><img loading=\"lazy\" decoding=\"async\" width=\"152\" height=\"45\" src=\"https:\/\/v2.intervals.lv\/wp-content\/uploads\/2025\/01\/itella_smartpost_logo_blue.bd61a674.gif\" alt=\"\" class=\"wp-image-124081\"\/><\/figure>\n<\/div><\/div>\n\n\n\n<div class=\"wp-block-kadence-column kadence-column931_dcc249-ee inner-column-2\"><div class=\"kt-inside-inner-col\">\n<p>FREE delivery for all purchases over EUR 30 using the Smartpost itella parcel delivery service. If the purchase amount is below 30,00 EUR, the fee for the parcel is 2,99 EUR. If you pay before 14:00 on a working day, we will dispatch your order the same day. Terms and conditions are subject to change during special promotions.<\/p>\n<\/div><\/div>\n\n\n\n\n<blockquote class=\"wp-block-quote is-layout-flow wp-block-quote-is-layout-flow\">\n<p>You will receive your order the next working day if you pay before 14:00.<\/p>\n<\/blockquote>\n\n\n\n<div class=\"wp-block-kadence-spacer aligncenter kt-block-spacer-931_90e24a-6f\"><div class=\"kt-block-spacer kt-block-spacer-halign-center\"><hr class=\"kt-divider\"\/><\/div><\/div>\n<\/div>\n\n\n\n\n\n<h3 class=\"wp-block-heading\" id=\"h-piegade-ar-venipak-kurjeru-cena-5-99-eur\">Pieg\u0101de ar VENIPAK kurjeru &#8211; Cena: 5,99 EUR<\/h3>\n\n\n\n\n<div class=\"wp-block-kadence-column kadence-column931_0241c8-ee inner-column-1\"><div class=\"kt-inside-inner-col\">\n<figure class=\"wp-block-image size-large is-style-default\"><img loading=\"lazy\" decoding=\"async\" width=\"350\" height=\"75\" src=\"https:\/\/v2.intervals.lv\/wp-content\/uploads\/2022\/04\/Venipak_Logotype_Purple-350x75.png\" alt=\"\" class=\"wp-image-70906\" srcset=\"https:\/\/v2.intervals.lv\/wp-content\/uploads\/2022\/04\/Venipak_Logotype_Purple-350x75.png 350w, https:\/\/v2.intervals.lv\/wp-content\/uploads\/2022\/04\/Venipak_Logotype_Purple-150x32.png 150w, https:\/\/v2.intervals.lv\/wp-content\/uploads\/2022\/04\/Venipak_Logotype_Purple-600x128.png 600w, https:\/\/v2.intervals.lv\/wp-content\/uploads\/2022\/04\/Venipak_Logotype_Purple-300x64.png 300w, https:\/\/v2.intervals.lv\/wp-content\/uploads\/2022\/04\/Venipak_Logotype_Purple-768x164.png 768w, https:\/\/v2.intervals.lv\/wp-content\/uploads\/2022\/04\/Venipak_Logotype_Purple.png 882w\" sizes=\"auto, (max-width: 350px) 100vw, 350px\" \/><\/figure>\n<\/div><\/div>\n\n\n\n<div class=\"wp-block-kadence-column kadence-column931_709e96-56 inner-column-2\"><div class=\"kt-inside-inner-col\">\n<p>Pas\u016bt\u012bjumu sa\u0146emsi n\u0101kamaj\u0101 darba dien\u0101. BEZMAKSAS pieg\u0101de pirkumiem virs 100 EUR, izmantojot VENIPAK pakalpojumu. Veicot apmaksu darba dien\u0101 l\u012bdz 12:00, izs\u016btam pas\u016bt\u012bjumu taj\u0101 pa\u0161\u0101 dien\u0101. Noteikumi var main\u012bties \u012bpa\u0161o akciju laik\u0101.<\/p>\n<\/div><\/div>\n\n\n\n\n<blockquote class=\"wp-block-quote is-layout-flow wp-block-quote-is-layout-flow\">\n<p>Pas\u016bt\u012bjumu sa\u0146emsi n\u0101kamaj\u0101 darba dien\u0101, ja pas\u016bt\u012bjumu apmaks\u0101si l\u012bdz 12:00.<\/p>\n<\/blockquote>\n\n\n\n<div class=\"wp-block-kadence-spacer aligncenter kt-block-spacer-931_a03938-68\"><div class=\"kt-block-spacer kt-block-spacer-halign-center\"><hr class=\"kt-divider\"\/><\/div><\/div>\n\n\n\n<h3 class=\"wp-block-heading\" id=\"h-sanemsana-isostar-biroja-nbsp-cena-0-00-eur\">Sa\u0146em\u0161ana ISOSTAR biroj\u0101&nbsp;&#8211; Cena: 0,00 EUR<\/h3>\n\n\n\n\n<div class=\"wp-block-kadence-column kadence-column931_4666fb-ee inner-column-1\"><div class=\"kt-inside-inner-col\">\n<figure class=\"wp-block-image aligncenter size-large is-resized\"><img loading=\"lazy\" decoding=\"async\" width=\"350\" height=\"350\" src=\"https:\/\/v2.intervals.lv\/wp-content\/uploads\/2022\/03\/home-house-icon-png-and-vector-for-free-download-871819-1-350x350.png\" alt=\"\" class=\"wp-image-60896\" srcset=\"https:\/\/v2.intervals.lv\/wp-content\/uploads\/2022\/03\/home-house-icon-png-and-vector-for-free-download-871819-1-350x350.png 350w, https:\/\/v2.intervals.lv\/wp-content\/uploads\/2022\/03\/home-house-icon-png-and-vector-for-free-download-871819-1-300x300.png 300w, https:\/\/v2.intervals.lv\/wp-content\/uploads\/2022\/03\/home-house-icon-png-and-vector-for-free-download-871819-1-150x150.png 150w, https:\/\/v2.intervals.lv\/wp-content\/uploads\/2022\/03\/home-house-icon-png-and-vector-for-free-download-871819-1-60x60.png 60w, https:\/\/v2.intervals.lv\/wp-content\/uploads\/2022\/03\/home-house-icon-png-and-vector-for-free-download-871819-1-100x100.png 100w, https:\/\/v2.intervals.lv\/wp-content\/uploads\/2022\/03\/home-house-icon-png-and-vector-for-free-download-871819-1-32x32.png 32w, https:\/\/v2.intervals.lv\/wp-content\/uploads\/2022\/03\/home-house-icon-png-and-vector-for-free-download-871819-1-135x135.png 135w, https:\/\/v2.intervals.lv\/wp-content\/uploads\/2022\/03\/home-house-icon-png-and-vector-for-free-download-871819-1.png 512w\" sizes=\"auto, (max-width: 350px) 100vw, 350px\" \/><\/figure>\n<\/div><\/div>\n\n\n\n<div class=\"wp-block-kadence-column kadence-column931_418327-9a inner-column-2\"><div class=\"kt-inside-inner-col\">\n<p>Pas\u016bt\u012bjums tiks gatavots uzreiz p\u0113c apmaksas sa\u0146em\u0161anas br\u012b\u017ea un par s\u016bt\u012bjuma gatav\u012bbu sa\u0146emt sa\u0146emsiet e-pastu. Pas\u016bt\u012bjuma sa\u0146em\u0161ana notiek m\u016bsu biroj\u0101 (Gustava Zemgala gatve 71, Riga) darba dien\u0101s no 9:00 l\u012bdz 17:00. Par pas\u016bt\u012bjuma sa\u0146em\u0161anu l\u016bdzu sazinieties ar mums pa telefonu +371 20011284 vai rakstot uz <a href=\"mailto:intervals@intervals.lv\" target=\"_blank\" rel=\"noreferrer noopener\">intervals@intervals.lv<\/a>.<\/p>\n<\/div><\/div>\n\n\n\n\n<blockquote class=\"wp-block-quote is-layout-flow wp-block-quote-is-layout-flow\">\n<p>Pas\u016bt\u012bjumu sa\u0146emsi taj\u0101 pa\u0161\u0101 dien\u0101 ~1h p\u0113c pas\u016bt\u012bjuma apmaksas.<\/p>\n<\/blockquote>\n\n\n\n<div class=\"wp-block-kadence-spacer aligncenter kt-block-spacer-931_fed184-74\"><div class=\"kt-block-spacer kt-block-spacer-halign-center\"><hr class=\"kt-divider\"\/><\/div><\/div>\n\n\n\n<h2 class=\"wp-block-heading\" id=\"h-starptautiska-piegade-uz-dpd-pakomatiem-uz-sadam-eiropas-valstim\">Starptautisk\u0101 pieg\u0101de uz DPD pakom\u0101tiem uz \u0161\u0101d\u0101m Eiropas valst\u012bm<\/h2>\n\n\n\n\n<div class=\"wp-block-kadence-column kadence-column931_304a6d-9f inner-column-1\"><div class=\"kt-inside-inner-col\">\n<figure class=\"wp-block-image aligncenter size-full is-resized\"><img decoding=\"async\" src=\"https:\/\/v2.intervals.lv\/wp-content\/uploads\/2026\/02\/DPD_logo_2015.svg.png\" alt=\"\" class=\"wp-image-154411\" style=\"object-fit:cover\"\/><\/figure>\n<\/div><\/div>\n\n\n\n<div class=\"wp-block-kadence-column kadence-column931_f65e2e-47 inner-column-2\"><div class=\"kt-inside-inner-col\">\n<p>Pas\u016bt\u012bjumu sa\u0146emsiet 3-7 darba dienu laik\u0101. Veicot apmaksu darba dien\u0101 l\u012bdz 12:00, izs\u016btam pas\u016bt\u012bjumu taj\u0101 pa\u0161\u0101 dien\u0101. Noteikumi var main\u012bties \u012bpa\u0161o akciju laik\u0101.<\/p>\n\n\n\n<p><\/p>\n<\/div><\/div>\n\n\n\n\n<p id=\"h-piegade-ar-itella-smartpost-kurjeru-uz-sekojosam-valstim-eiropa\"><\/p>\n\n\n\n<figure class=\"wp-block-table\"><table class=\"has-fixed-layout\"><thead><tr><th>Valsts<\/th><th>Maksim\u0101lais svars<\/th><th>0 &#8211; 3 kg<\/th><th>3 &#8211; 10 kg<\/th><th>10 &#8211; 20 kg<\/th><\/tr><\/thead><tbody><tr><td><strong>Somija<\/strong><\/td><td>20 kg<\/td><td>13.99 EUR<\/td><td>18.99 EUR<\/td><td>20.99 EUR<\/td><\/tr><tr><td><strong>Zviedrija<\/strong><\/td><td>20 kg<\/td><td>13.99 EUR<\/td><td>17.99 EUR<\/td><td>18.99 EUR<\/td><\/tr><tr><td><strong>V\u0101cija<\/strong><\/td><td>20 kg<\/td><td>8.99 EUR<\/td><td>13.99 EUR<\/td><td>24.99 EUR<\/td><\/tr><tr><td><strong>Polija<\/strong><\/td><td>20 kg<\/td><td>7.99 EUR<\/td><td>10.99 EUR<\/td><td>17.99 EUR<\/td><\/tr><tr><td><strong>\u010cehija<\/strong><\/td><td>20 kg<\/td><td>11.99 EUR<\/td><td>16.99 EUR<\/td><td>24.99 EUR<\/td><\/tr><tr><td><strong>Ung\u0101rija<\/strong><\/td><td>20 kg<\/td><td>11.99 EUR<\/td><td>16.99 EUR<\/td><td>29.99 EUR<\/td><\/tr><tr><td><strong>D\u0101nija<\/strong><\/td><td>20 kg<\/td><td>16.99 EUR<\/td><td>18.99 EUR<\/td><td>27.99 EUR<\/td><\/tr><tr><td><strong>N\u012bderlande<\/strong><\/td><td>20 kg<\/td><td>11.99 EUR<\/td><td>14.99 EUR<\/td><td>24.99 EUR<\/td><\/tr><tr><td><strong>Sp\u0101nija<\/strong><\/td><td>20 kg<\/td><td>10.99 EUR<\/td><td>16.99 EUR<\/td><td>26.99 EUR<\/td><\/tr><tr><td><strong>Francija<\/strong><\/td><td>20 kg<\/td><td>14.99 EUR<\/td><td>17.99 EUR<\/td><td>29.99 EUR<\/td><\/tr><tr><td><strong>Be\u013c\u0123ija<\/strong><\/td><td>20 kg<\/td><td>10.99 EUR<\/td><td>14.99 EUR<\/td><td>23.99 EUR<\/td><\/tr><\/tbody><\/table><\/figure>\n\n\n\n<div class=\"wp-block-kadence-spacer aligncenter kt-block-spacer-931_1ee315-92\"><div class=\"kt-block-spacer kt-block-spacer-halign-center\"><hr class=\"kt-divider\"\/><\/div><\/div>\n\n\n\n<h2 class=\"wp-block-heading\" id=\"h-lielizmera-sutijumi\">Lielizm\u0113ra s\u016bt\u012bjumi<\/h2>\n\n\n\n<p>L\u016bdzam \u0146emt v\u0113r\u0101, ka s\u016bt\u012bjumu, kura svars p\u0101rsniedz 20 kg un\/vai t\u0101 izm\u0113rs p\u0101rsniedz 39x64x38 cm, ir iesp\u0113jams sa\u0146emt tikai ar Venipak kurjeru vai pie mums ofis\u0101 G. Zemgala gatv\u0113 71, R\u012bg\u0101.<\/p>\n\n\n\n<p><\/p>\n","protected":false},"excerpt":{"rendered":"<p>Pieg\u0101de uz OMNIVA pakom\u0101tu &#8211; Cena: 2,99 EUR Pas\u016bt\u012bjumu sa\u0146emsi n\u0101kamaj\u0101 darba dien\u0101, ja pas\u016bt\u012bjumu apmaks\u0101si l\u012bdz 14:00. Pieg\u0101de uz DPD pakom\u0101tu &#8211; Cena: 2,99 EUR Pas\u016bt\u012bjumu sa\u0146emsi n\u0101kamaj\u0101 darba dien\u0101, ja pas\u016bt\u012bjumu apmaks\u0101si l\u012bdz 14:00. Delivery to Smartpost itella parcel machine &#8211; Price: 2,99 EUR You will receive your order the next working day [&hellip;]<\/p>\n","protected":false},"author":1,"featured_media":0,"parent":0,"menu_order":0,"comment_status":"closed","ping_status":"closed","template":"","meta":{"footnotes":""},"class_list":["post-931","page","type-page","status-publish","hentry"],"_links":{"self":[{"href":"https:\/\/v2.intervals.lv\/lv\/wp-json\/wp\/v2\/pages\/931","targetHints":{"allow":["GET"]}}],"collection":[{"href":"https:\/\/v2.intervals.lv\/lv\/wp-json\/wp\/v2\/pages"}],"about":[{"href":"https:\/\/v2.intervals.lv\/lv\/wp-json\/wp\/v2\/types\/page"}],"author":[{"embeddable":true,"href":"https:\/\/v2.intervals.lv\/lv\/wp-json\/wp\/v2\/users\/1"}],"replies":[{"embeddable":true,"href":"https:\/\/v2.intervals.lv\/lv\/wp-json\/wp\/v2\/comments?post=931"}],"version-history":[{"count":0,"href":"https:\/\/v2.intervals.lv\/lv\/wp-json\/wp\/v2\/pages\/931\/revisions"}],"wp:attachment":[{"href":"https:\/\/v2.intervals.lv\/lv\/wp-json\/wp\/v2\/media?parent=931"}],"curies":[{"name":"wp","href":"https:\/\/api.w.org\/{rel}","templated":true}]}}