{"id":96380,"date":"2023-08-08T14:54:49","date_gmt":"2023-08-08T12:54:49","guid":{"rendered":"https:\/\/intervals.lv\/?page_id=96380"},"modified":"2025-02-06T14:54:15","modified_gmt":"2025-02-06T12:54:15","slug":"nomaksa","status":"publish","type":"page","link":"https:\/\/v2.intervals.lv\/lv\/nomaksa\/","title":{"rendered":"Nomaksa"},"content":{"rendered":"\n<h1 class=\"wp-block-heading has-text-align-center\" id=\"h-nomaksas-veidi\">NOMAKSAS VEIDI<\/h1>\n\n\n\n<h2 class=\"wp-block-heading\" id=\"h-1-esto-3\">1. <strong><strong>ESTO 3<\/strong><\/strong><\/h2>\n\n\n\n<figure class=\"wp-block-image size-full\"><img decoding=\"async\" src=\"https:\/\/v2.intervals.lv\/wp-content\/uploads\/2025\/01\/ESTO-3-info-banner-3-LV.jpg\" alt=\"\" class=\"wp-image-125876\"\/><\/figure>\n\n\n\n<p>ESTO 3 ir popul\u0101r\u0101k\u0101 un jaun\u0101k\u0101s paaudzes nor\u0113\u0137inu metode. \u0112rti sadaliet pirkuma summu 3 vien\u0101dos maks\u0101jumos. Ieg\u016bstiet tie\u0161i to, kas Jums nepiecie\u0161ams, bez procentiem un bez papildu maksas. ESTO 3 pakalpojums pieejams internetveikalos un kl\u0101tienes veikalos. Apmekl\u0113jiet <a href=\"https:\/\/esto.eu\/lv?lang=lv\">esto.lv<\/a>, lai iepaz\u012btos ar ESTO Partnerveikaliem, kuros jau pieejams ESTO 3 <a href=\"https:\/\/esto.eu\/lv\/esto-market\">https:\/\/esto.eu\/lv\/esto-market<\/a><\/p>\n\n\n\n<p><strong>K\u0101 tas darbojas?<\/strong><\/p>\n\n\n\n<p>Ar ESTO 3 J\u016bs varat sadal\u012bt pirkuma summu 3 vien\u0101d\u0101s da\u013c\u0101s, maks\u0101jumus veicot 3 m\u0113ne\u0161u laik\u0101 bez papildus maksas.<\/p>\n\n\n\n<ol class=\"wp-block-list\">\n<li>Ievietojiet savas izv\u0113l\u0113t\u0101s preces pirkuma groz\u0101<\/li>\n\n\n\n<li>Nor\u0113\u0137inu sada\u013c\u0101 k\u0101 maks\u0101\u0161anas metodi izv\u0113lieties ESTO 3<\/li>\n\n\n\n<li>Apstiprin\u0101jumu sa\u0146emsiet uzreiz re\u0101llaik\u0101<\/li>\n\n\n\n<li>Apstipriniet ESTO 3 l\u012bgumu un sa\u0146emiet savu pirkumu!<\/li>\n<\/ol>\n\n\n\n<figure class=\"wp-block-image size-full\"><img decoding=\"async\" src=\"https:\/\/v2.intervals.lv\/wp-content\/uploads\/2025\/01\/ESTO-3-info-banner-4-LV-LV.jpg\" alt=\"\" class=\"wp-image-126204\"\/><\/figure>\n\n\n\n<h2 class=\"wp-block-heading\" id=\"h-2-esto-nomaksa\"><strong><strong>2.<\/strong> <strong>ESTO NOMAKSA<\/strong><\/strong><\/h2>\n\n\n\n<p>ESTO nomaksa ir inovat\u012bvs maks\u0101jumu risin\u0101jums, kas \u013cauj sadal\u012bt pirkuma summu ikm\u0113ne\u0161a maks\u0101jumos. ESTO nomaksa pieejama internetveikalos un kl\u0101tienes veikalos. Apmekl\u0113jiet <a href=\"https:\/\/esto.eu\/lv?lang=lv\">esto.lv<\/a>, lai iepaz\u012btos ar Partnerveikaliem, kuri jau izmanto ESTO nomaksu: <a href=\"https:\/\/esto.eu\/lv\/esto-market?lang=lv\">https:\/\/esto.eu\/lv\/esto-market<\/a>&nbsp;<\/p>\n\n\n\n<figure class=\"wp-block-image size-full\"><img decoding=\"async\" src=\"https:\/\/v2.intervals.lv\/wp-content\/uploads\/2025\/01\/ESTO-HP-info-banner-3-LV.jpg\" alt=\"\" class=\"wp-image-125884\"\/><\/figure>\n\n\n\n<p><strong>K\u0101 tas darbojas?<\/strong><\/p>\n\n\n\n<ol start=\"1\" class=\"wp-block-list\">\n<li>Ievietojiet savas izv\u0113l\u0113t\u0101s preces pirkuma groz\u0101<\/li>\n\n\n\n<li>Nor\u0113\u0137inu sada\u013c\u0101 k\u0101 maks\u0101\u0161anas metodi izv\u0113lieties ESTO nomaksa<\/li>\n\n\n\n<li>Izv\u0113lieties sev v\u0113lamo atmaksas termi\u0146u 3-60 m\u0113ne\u0161i<\/li>\n\n\n\n<li>ESTO nomaksas apstiprin\u0101jumu sa\u0146emsiet uzreiz re\u0101llaik\u0101<\/li>\n\n\n\n<li>Apstipriniet ESTO nomaksas l\u012bgumu un sa\u0146emiet savu pirkumu!<\/li>\n<\/ol>\n\n\n\n<p><strong>ESTO nomaksa nodro\u0161ina licenc\u0113ts pat\u0113r\u0113t\u0101ju kredit\u0113\u0161anas uz\u0146\u0113mums ESTO LV AS.<\/strong> Pirms l\u012bguma parakst\u012b\u0161anas r\u016bp\u012bgi izlasiet pied\u0101v\u0101t\u0101 l\u012bguma noteikumus un, ja nepiecie\u0161ams, konsult\u0113jieties ar ESTO AS darbinieku vai citu speci\u0101listu. Vair\u0101k inform\u0101cijas ESTO m\u0101jaslap\u0101 <a href=\"http:\/\/www.esto.eu\/lv\">www.esto.eu\/lv<\/a>&nbsp; Piem\u0113rs: aizdevuma summa 1050 eiro, aizdevuma atmaksas termi\u0146\u0161 12m\u0113ne\u0161i un fiks\u0113t\u0101 procentu likme 19.9 %,&nbsp; l\u012bguma noform\u0113\u0161anas maksa 0,00EUR, ikm\u0113ne\u0161a administr\u0113\u0161anas maksa 0,00 eiro gada procentu likme 21.8% ikm\u0113ne\u0161a maks\u0101jums 97,22 eiro, un kop\u0113j\u0101 summa, kas j\u0101atmaks\u0101 pat\u0113r\u0113t\u0101jam \u2013 1166.64 eiro. <strong><\/strong><\/p>\n\n\n\n<figure class=\"wp-block-image size-full\"><img decoding=\"async\" src=\"https:\/\/v2.intervals.lv\/wp-content\/uploads\/2025\/01\/ESTO-HP-info-banner-4-LV-LV.jpg\" alt=\"\" class=\"wp-image-126208\"\/><\/figure>\n\n\n\n<h2 class=\"wp-block-heading\" id=\"h-2-esto-maksa-velak\"><strong><strong>2.<\/strong> <strong>ESTO MAKS\u0100 V\u0112L\u0100K<\/strong><\/strong><\/h2>\n\n\n\n<figure class=\"wp-block-image size-full\"><img decoding=\"async\" src=\"https:\/\/v2.intervals.lv\/wp-content\/uploads\/2025\/01\/ESTO-PL-info-banner-1-LV.jpg\" alt=\"\" class=\"wp-image-125888\"\/><\/figure>\n\n\n\n<p>ESTO Maks\u0101 v\u0113l\u0101k ir gudrs veids, k\u0101 nor\u0113\u0137in\u0101ties un sa\u0146emt preces uzreiz un atmaks\u0101t pirkuma summu 30 dienu laik\u0101. Ieg\u016bstiet tie\u0161i to, kas Jums nepiecie\u0161ams, ar da\u017eiem klik\u0161\u0137iem &#8211; bez procentiem, bez papildu maksas.&nbsp;ESTO Maks\u0101 v\u0113l\u0101k pakalpojums pieejams internetveikalos un kl\u0101tienes veikalos. Apmekl\u0113jiet <a href=\"https:\/\/esto.eu\/lv?lang=lv\">esto.lv<\/a>, lai iepaz\u012btos ar ESTO partnerveikaliem, kuros jau izmanto ESTO Maks\u0101 v\u0113l\u0101k: <a href=\"https:\/\/esto.eu\/lv\/esto-market\">https:\/\/esto.eu\/lv\/esto-market<\/a> <strong><\/strong><\/p>\n\n\n\n<p><strong>K\u0101 tas darbojas?<\/strong><\/p>\n\n\n\n<p>K\u0101 maks\u0101\u0161anas metodi izv\u0113loties ESTO Maks\u0101 v\u0113l\u0101k, j\u016bs sa\u0146emsiet preci tagad, bet maks\u0101jums par to b\u016bs j\u0101veic 30 dienu laik\u0101.<\/p>\n\n\n\n<ol start=\"1\" class=\"wp-block-list\">\n<li>Ievietojiet savas izv\u0113l\u0113t\u0101s preces pirkuma groz\u0101.<\/li>\n\n\n\n<li>Nor\u0113\u0137inu sada\u013c\u0101 k\u0101 maks\u0101\u0161anas metodi izv\u0113lieties ESTO Maks\u0101 v\u0113l\u0101k.<\/li>\n\n\n\n<li>Apstiprin\u0101jumu sa\u0146emsiet uzreiz re\u0101llaik\u0101.<\/li>\n\n\n\n<li>Apstipriniet ESTO Maks\u0101 v\u0113l\u0101k l\u012bgumu un sa\u0146emiet savu pirkumu!<\/li>\n<\/ol>\n\n\n\n<figure class=\"wp-block-image size-full\"><img decoding=\"async\" src=\"https:\/\/v2.intervals.lv\/wp-content\/uploads\/2025\/01\/ESTO-PL-info-banner-4-LV-LV.jpg\" alt=\"\" class=\"wp-image-126227\"\/><\/figure>\n\n\n\n<h2 class=\"wp-block-heading\" id=\"h-4-klix-pay-later-perc-tagad-maksa-velak\"><strong>4.<\/strong> <strong>KLIX PAY LATER &#8211; P\u0113rc tagad, maks\u0101 v\u0113l\u0101k<\/strong><\/h2>\n\n\n\n<p><strong>Klix Pay Later <\/strong>nodro\u0161ina piln\u012bb\u0101 att\u0101lin\u0101tu, dro\u0161u un \u0101tru aizdevuma noform\u0113\u0161anu interneta un kl\u0101tienes veikalos. Piln\u012bb\u0101 att\u0101lin\u0101ta aizdevuma noform\u0113\u0161ana ar 4 vienk\u0101r\u0161iem so\u013ciem:<\/p>\n\n\n\n<ul class=\"wp-block-list\">\n<li>Autentific\u0113jies;<\/li>\n\n\n\n<li>Aizpildi pieteikumu;<\/li>\n\n\n\n<li>Sa\u0146em pied\u0101v\u0101jumus 5 min\u016b\u0161u laik\u0101;<\/li>\n\n\n\n<li>Paraksti l\u012bgumu ar Smart ID, AS \u201cCitadele banka\u201d internetbanku vai eParaksts.<\/li>\n<\/ul>\n\n\n\n<p><strong>Kur\u0161 var ieg\u0101d\u0101ties preces, izmantojot aizdevumu?<\/strong><\/p>\n\n\n\n<ul class=\"wp-block-list\">\n<li>Jebkur\u0161 past\u0101v\u012bgais Latvijas iedz\u012bvot\u0101js;<\/li>\n\n\n\n<li>Aizdevuma \u0146\u0113m\u0113jam j\u0101b\u016bt past\u0101v\u012bgiem ofici\u0101liem ikm\u0113ne\u0161a ien\u0101kumiem;<\/li>\n\n\n\n<li>Aizdevuma \u0146\u0113m\u0113ja vecums: no 18 gadiem.<\/li>\n<\/ul>\n\n\n\n<p><strong>Inform\u0101cija par pirkuma apmaksu, izmantojot aizdevumu:<\/strong><\/p>\n\n\n\n<ul class=\"wp-block-list\">\n<li>Aizdevuma noform\u0113\u0161anai nepiecie\u0161ams kvalific\u0113tais Smart-ID vai AS \u201cCitadele banka\u201d internetbanka, vai eParaksts, k\u0101 ar\u012b pase vai ID karte;<\/li>\n\n\n\n<li>S\u012bk\u0101ku inform\u0101ciju par Klix Pay Later risin\u0101jumu var apskat\u012bt \u0161eit &#8211; <a href=\"https:\/\/klix.app\/lv\/klixpaylater\/\">https:\/\/klix.app\/lv\/klixpaylater\/<\/a><\/li>\n<\/ul>\n\n\n\n<figure class=\"wp-block-image size-full\"><img loading=\"lazy\" decoding=\"async\" width=\"1200\" height=\"600\" src=\"https:\/\/v2.intervals.lv\/wp-content\/uploads\/2025\/02\/1200x600-LV.png\" alt=\"\" class=\"wp-image-127415\" srcset=\"https:\/\/v2.intervals.lv\/wp-content\/uploads\/2025\/02\/1200x600-LV.png 1200w, https:\/\/v2.intervals.lv\/wp-content\/uploads\/2025\/02\/1200x600-LV-150x75.png 150w, https:\/\/v2.intervals.lv\/wp-content\/uploads\/2025\/02\/1200x600-LV-600x300.png 600w, https:\/\/v2.intervals.lv\/wp-content\/uploads\/2025\/02\/1200x600-LV-300x150.png 300w, https:\/\/v2.intervals.lv\/wp-content\/uploads\/2025\/02\/1200x600-LV-350x175.png 350w, https:\/\/v2.intervals.lv\/wp-content\/uploads\/2025\/02\/1200x600-LV-768x384.png 768w\" sizes=\"auto, (max-width: 1200px) 100vw, 1200px\" \/><\/figure>\n","protected":false},"excerpt":{"rendered":"<p>NOMAKSAS VEIDI 1. ESTO 3 ESTO 3 ir popul\u0101r\u0101k\u0101 un jaun\u0101k\u0101s paaudzes nor\u0113\u0137inu metode. \u0112rti sadaliet pirkuma summu 3 vien\u0101dos maks\u0101jumos. Ieg\u016bstiet tie\u0161i to, kas Jums nepiecie\u0161ams, bez procentiem un bez papildu maksas. ESTO 3 pakalpojums pieejams internetveikalos un kl\u0101tienes veikalos. Apmekl\u0113jiet esto.lv, lai iepaz\u012btos ar ESTO Partnerveikaliem, kuros jau pieejams ESTO 3 https:\/\/esto.eu\/lv\/esto-market K\u0101 [&hellip;]<\/p>\n","protected":false},"author":3,"featured_media":0,"parent":0,"menu_order":0,"comment_status":"closed","ping_status":"closed","template":"","meta":{"footnotes":""},"class_list":["post-96380","page","type-page","status-publish","hentry"],"_links":{"self":[{"href":"https:\/\/v2.intervals.lv\/lv\/wp-json\/wp\/v2\/pages\/96380","targetHints":{"allow":["GET"]}}],"collection":[{"href":"https:\/\/v2.intervals.lv\/lv\/wp-json\/wp\/v2\/pages"}],"about":[{"href":"https:\/\/v2.intervals.lv\/lv\/wp-json\/wp\/v2\/types\/page"}],"author":[{"embeddable":true,"href":"https:\/\/v2.intervals.lv\/lv\/wp-json\/wp\/v2\/users\/3"}],"replies":[{"embeddable":true,"href":"https:\/\/v2.intervals.lv\/lv\/wp-json\/wp\/v2\/comments?post=96380"}],"version-history":[{"count":0,"href":"https:\/\/v2.intervals.lv\/lv\/wp-json\/wp\/v2\/pages\/96380\/revisions"}],"wp:attachment":[{"href":"https:\/\/v2.intervals.lv\/lv\/wp-json\/wp\/v2\/media?parent=96380"}],"curies":[{"name":"wp","href":"https:\/\/api.w.org\/{rel}","templated":true}]}}