{"id":115829,"date":"2024-10-23T16:34:36","date_gmt":"2024-10-23T14:34:36","guid":{"rendered":"https:\/\/intervals.lv\/?post_type=product&#038;p=115829"},"modified":"2025-08-01T11:02:29","modified_gmt":"2025-08-01T09:02:29","slug":"isostar-hydrate-perform-powertabs-isotonic-x-6","status":"publish","type":"product","link":"https:\/\/v2.intervals.lv\/lv\/product\/isostar-hydrate-perform-powertabs-isotonic-x-6\/","title":{"rendered":"Isostar Hydrate &amp; Perform Powertabs Isotonic x 6"},"content":{"rendered":"<p style=\"text-align: justify;\"><strong>Isostar tabletes Powertabs isotonic (10x12g) <\/strong>putojo\u0161\u0101s tabletes ir \u012bpa\u0161i piem\u0113rotas \u012bs\u0101m, intens\u012bv\u0101m slodz\u0113m. T\u0101s sast\u0101v\u0101 ir vienk\u0101r\u0161ie\u00a0<abbr class=\"c2c-text-hover\" title=\"\" data-hasqtip=\"0\">og\u013chidr\u0101ti<\/abbr>\u00a0un elektrol\u012bti, kas pal\u012bdz saglab\u0101t sniegumu iztur\u012bbas treni\u0146u laik\u0101 un nodro\u0161in\u0101t organisma hidrat\u0101ciju. \u0160is\u00a0<abbr class=\"c2c-text-hover\" title=\"\" data-hasqtip=\"1\">izotoniskais<\/abbr>\u00a0dz\u0113riens nodro\u0161ina optim\u0101lu \u0161\u0137idruma uz\u0146em\u0161anu un ku\u0146\u0123a iztuk\u0161o\u0161anu. Izotonisk\u0101 dz\u0113riena sast\u0101v\u0101 ir vitam\u012bni un miner\u0101lvielas.\u00a0<abbr class=\"c2c-text-hover\" title=\"\" data-hasqtip=\"2\">Vitam\u012bns B1<\/abbr>\u00a0pal\u012bdz nodro\u0161in\u0101t optim\u0101lu ener\u0123ijas metabolismu jeb bar\u012bbas vielu p\u0101rv\u0113r\u0161anu ener\u0123ij\u0101.\u00a0<abbr class=\"c2c-text-hover\" title=\"\" data-hasqtip=\"3\">Vitam\u012bns C<\/abbr>\u00a0un E pal\u012bdz pasarg\u0101t \u0161\u016bnas no oksidat\u012bv\u0101 stresa.\u00a0<abbr class=\"c2c-text-hover\" title=\"\" data-hasqtip=\"4\">Vitam\u012bns C<\/abbr>\u00a0pal\u012bdz mazin\u0101t nesp\u0113ku un nogurumu.\u00a0<abbr class=\"c2c-text-hover\" title=\"\" data-hasqtip=\"5\">Kalcijs<\/abbr>\u00a0un\u00a0<abbr class=\"c2c-text-hover\" title=\"\" data-hasqtip=\"6\">magnijs<\/abbr>\u00a0\u012bpa\u0161i nodro\u0161ina efekt\u012bvu musku\u013cu darb\u012bbu slodzes laik\u0101.<br \/>\nVien\u0101 iepakojum\u0101 ir 10 putojo\u0161as tabletes.<\/p>\n<p>Ra\u017eot\u0101ja m\u0101jaslapa:\u00a0<a href=\"http:\/\/www.isostar.fr\/\">isostar.fr<\/a><\/p>\n","protected":false},"excerpt":{"rendered":"<ul>\n<li>\u012apa\u0161i piem\u0113rotas \u012bs\u0101m, intens\u012bv\u0101m slodz\u0113m.<\/li>\n<li>Sast\u0101v\u0101 og\u013chidr\u0101ti un elektrol\u012bti.<\/li>\n<li>Nodro\u0161ina optim\u0101lu organisma hidrat\u0101ciju un ener\u0123iju.<\/li>\n<li>Sast\u0101v\u0101 vitam\u012bni C,B1 un E.<\/li>\n<li>Sast\u0101v\u0101 magnijs un kalcijs.<\/li>\n<li>Viens iepakojums: 120g (10x12g).<\/li>\n<\/ul>\n<p style=\"text-align: justify;\">Komplekt\u0101 ietilpst 6 Powertabs table\u0161u iepakojumi, p\u0113c J\u016bsu izv\u0113les &#8211; ar apels\u012bnu, dz\u0113rve\u0146u vai citronu gar\u0161u.<\/p>\n","protected":false},"featured_media":116096,"comment_status":"open","ping_status":"closed","template":"","meta":[],"product_brand":[944],"product_cat":[409,97,340,54,48],"product_tag":[],"class_list":{"0":"post-115829","1":"product","2":"type-product","3":"status-publish","4":"has-post-thumbnail","6":"product_brand-isostar","7":"product_cat-outlet","8":"product_cat-komplekti","9":"product_cat-perc-vairuma","10":"product_cat-prod-izotoniskie-dzerieni","11":"product_cat-merkis-atrai-energijai","12":"pa_lietosanas-merkis-atrai-energijai","14":"first","15":"instock","16":"sale","17":"shipping-taxable","18":"purchasable","19":"product-type-composite"},"composite_virtual":false,"composite_layout":"paged-componentized","composite_add_to_cart_form_location":"after_summary","composite_editable_in_cart":true,"composite_sold_individually_context":"product","composite_shop_price_calc":"min_max","composite_components":[{"id":"1488696828","title":"1","description":"","query_type":"product_ids","query_ids":[700,701,702],"default_option_id":700,"thumbnail_id":"","thumbnail_src":"","quantity_min":2,"quantity_max":2,"priced_individually":false,"shipped_individually":false,"optional":false,"discount":30,"options_style":"thumbnails","pagination_style":"classic","display_prices":"absolute","show_sorting_options":false,"show_filtering_options":false,"attribute_filter_ids":[],"select_action":"transition","product_title_visible":false,"product_descr_visible":false,"product_price_visible":true,"product_thumb_visible":false,"subtotal_visible_product":true,"subtotal_visible_cart":true,"subtotal_visible_orders":true},{"id":"1488696829","title":"2","description":"","query_type":"product_ids","query_ids":[700,701,702],"default_option_id":701,"thumbnail_id":"","thumbnail_src":"","quantity_min":2,"quantity_max":2,"priced_individually":false,"shipped_individually":false,"optional":false,"discount":30,"options_style":"thumbnails","pagination_style":"classic","display_prices":"absolute","show_sorting_options":false,"show_filtering_options":false,"attribute_filter_ids":[],"select_action":"transition","product_title_visible":false,"product_descr_visible":false,"product_price_visible":true,"product_thumb_visible":false,"subtotal_visible_product":true,"subtotal_visible_cart":true,"subtotal_visible_orders":true},{"id":"1744792043","title":"3","description":"","query_type":"product_ids","query_ids":[702,700,701],"default_option_id":702,"thumbnail_id":"","thumbnail_src":"","quantity_min":2,"quantity_max":2,"priced_individually":false,"shipped_individually":false,"optional":false,"discount":"","options_style":"thumbnails","pagination_style":"classic","display_prices":"absolute","show_sorting_options":false,"show_filtering_options":false,"attribute_filter_ids":[],"select_action":"transition","product_title_visible":true,"product_descr_visible":true,"product_price_visible":true,"product_thumb_visible":true,"subtotal_visible_product":true,"subtotal_visible_cart":true,"subtotal_visible_orders":true}],"composite_scenarios":[],"_links":{"self":[{"href":"https:\/\/v2.intervals.lv\/lv\/wp-json\/wp\/v2\/product\/115829","targetHints":{"allow":["GET"]}}],"collection":[{"href":"https:\/\/v2.intervals.lv\/lv\/wp-json\/wp\/v2\/product"}],"about":[{"href":"https:\/\/v2.intervals.lv\/lv\/wp-json\/wp\/v2\/types\/product"}],"replies":[{"embeddable":true,"href":"https:\/\/v2.intervals.lv\/lv\/wp-json\/wp\/v2\/comments?post=115829"}],"wp:featuredmedia":[{"embeddable":true,"href":"https:\/\/v2.intervals.lv\/lv\/wp-json\/wp\/v2\/media\/116096"}],"wp:attachment":[{"href":"https:\/\/v2.intervals.lv\/lv\/wp-json\/wp\/v2\/media?parent=115829"}],"wp:term":[{"taxonomy":"product_brand","embeddable":true,"href":"https:\/\/v2.intervals.lv\/lv\/wp-json\/wp\/v2\/product_brand?post=115829"},{"taxonomy":"product_cat","embeddable":true,"href":"https:\/\/v2.intervals.lv\/lv\/wp-json\/wp\/v2\/product_cat?post=115829"},{"taxonomy":"product_tag","embeddable":true,"href":"https:\/\/v2.intervals.lv\/lv\/wp-json\/wp\/v2\/product_tag?post=115829"}],"curies":[{"name":"wp","href":"https:\/\/api.w.org\/{rel}","templated":true}]}}