{"id":115830,"date":"2024-10-23T16:34:36","date_gmt":"2024-10-23T14:34:36","guid":{"rendered":"https:\/\/intervals.lv\/?post_type=product&#038;p=115830"},"modified":"2025-06-08T14:12:56","modified_gmt":"2025-06-08T12:12:56","slug":"isostar-tabletes-powertabs-10x12g-x-6-2","status":"publish","type":"product","link":"https:\/\/v2.intervals.lv\/lv\/product\/isostar-tabletes-powertabs-10x12g-x-6-2\/","title":{"rendered":"Isostar tablet\u0117s Powertabs (10x12g) x 6"},"content":{"rendered":"<p>Isostar Powertabs Isotonic Drink \u2013 tai tablet\u0117s, skirtos gaminti izotonin\u012f g\u0117rim\u0105. \u0160ios putojan\u010dios tablet\u0117s ypa\u010d tinka trumpoms, intensyvioms apkrovoms. Jame yra paprast\u0173j\u0173 angliavandeni\u0173 ir elektrolit\u0173, kurie padeda i\u0161laikyti i\u0161tverm\u0119 treniruo\u010di\u0173 metu ir palaiko hidratacij\u0105 organizmui . \u0160is izotoninis g\u0117rimas u\u017etikrina optimali\u0105 skys\u010di\u0173 absorbcij\u0105 ir skrand\u017eio i\u0161tu\u0161tinim\u0105. Izotoniniame g\u0117rime yra vitamin\u0173 ir mineral\u0173. Vitaminas B1 padeda u\u017etikrinti optimal\u0173 energijos metabolizm\u0105 arba maistini\u0173 med\u017eiag\u0173 pavertim\u0105 energija. Vitaminas C ir E padeda apsaugoti l\u0105steles nuo oksidacinio streso. Vitaminas C padeda suma\u017einti silpnum\u0105 ir nuovarg\u012f. Kalcis ir magnis u\u017etikrina veiksming\u0105 raumen\u0173 funkcij\u0105 fizinio kr\u016bvio metu.<\/p>\n<p>Tai yra maisto papildas. Labai svarbu \u012fvairi ir subalansuota mityba bei sveika gyvensena.<\/p>\n<p>Gamintojo svetain\u0117: <a href=\"http:\/\/www.isostar.fr\/\">isostar.fr<\/a><\/p>\n","protected":false},"excerpt":{"rendered":"<ul>\n<li>Izotonin\u0117 formul\u0117.<\/li>\n<li>Sud\u0117tyje yra vitamin\u0173 C, B1 ir E.<\/li>\n<li>Sud\u0117tyje yra magnio ir kalcio.<\/li>\n<\/ul>\n<p>\u012e rinkin\u012f \u012feina 6 j\u016bs\u0173 pasirinktos \u201ePowertabs\u201c table\u010di\u0173 pakuot\u0117s &#8211; jas galite sujungti pagal poreik\u012f keliose to paties dyd\u017eio pakuot\u0117se.<\/p>\n","protected":false},"featured_media":116099,"comment_status":"open","ping_status":"closed","template":"","meta":[],"product_brand":[2100],"product_cat":[410,153,341,166,160],"product_tag":[],"class_list":{"0":"post-115830","1":"product","2":"type-product","3":"status-publish","4":"has-post-thumbnail","6":"product_brand-isostar-lt","7":"product_cat-outlet-lt","8":"product_cat-rinkiniai","9":"product_cat-pirkti-urmu","10":"product_cat-izotoniniai-gerimai","11":"product_cat-greitos-energijos","12":"pa_lietosanas-merkis-atrai-energijai","14":"first","15":"instock","16":"sale","17":"shipping-taxable","18":"purchasable","19":"product-type-composite"},"composite_virtual":false,"composite_layout":"paged-componentized","composite_add_to_cart_form_location":"after_summary","composite_editable_in_cart":true,"composite_sold_individually_context":"product","composite_shop_price_calc":"min_max","composite_components":[{"id":"1488696828","title":"1","description":"","query_type":"product_ids","query_ids":[3126,3122,2996],"default_option_id":3126,"thumbnail_id":"","thumbnail_src":"","quantity_min":2,"quantity_max":2,"priced_individually":false,"shipped_individually":false,"optional":false,"discount":30,"options_style":"thumbnails","pagination_style":"classic","display_prices":"absolute","show_sorting_options":false,"show_filtering_options":false,"attribute_filter_ids":[],"select_action":"transition","product_title_visible":false,"product_descr_visible":false,"product_price_visible":true,"product_thumb_visible":false,"subtotal_visible_product":true,"subtotal_visible_cart":true,"subtotal_visible_orders":true},{"id":"1488696829","title":"2","description":"","query_type":"product_ids","query_ids":[3126,3122,2996],"default_option_id":3122,"thumbnail_id":"","thumbnail_src":"","quantity_min":2,"quantity_max":2,"priced_individually":false,"shipped_individually":false,"optional":false,"discount":30,"options_style":"thumbnails","pagination_style":"classic","display_prices":"absolute","show_sorting_options":false,"show_filtering_options":false,"attribute_filter_ids":[],"select_action":"transition","product_title_visible":false,"product_descr_visible":false,"product_price_visible":true,"product_thumb_visible":false,"subtotal_visible_product":true,"subtotal_visible_cart":true,"subtotal_visible_orders":true},{"id":"1744792043","title":"3","description":"","query_type":"product_ids","query_ids":[2996,3126,3122],"default_option_id":2996,"thumbnail_id":"","thumbnail_src":"","quantity_min":2,"quantity_max":2,"priced_individually":false,"shipped_individually":false,"optional":false,"discount":"","options_style":"thumbnails","pagination_style":"classic","display_prices":"absolute","show_sorting_options":false,"show_filtering_options":false,"attribute_filter_ids":[],"select_action":"transition","product_title_visible":true,"product_descr_visible":true,"product_price_visible":true,"product_thumb_visible":true,"subtotal_visible_product":true,"subtotal_visible_cart":true,"subtotal_visible_orders":true}],"composite_scenarios":[],"_links":{"self":[{"href":"https:\/\/v2.intervals.lv\/lv\/wp-json\/wp\/v2\/product\/115830","targetHints":{"allow":["GET"]}}],"collection":[{"href":"https:\/\/v2.intervals.lv\/lv\/wp-json\/wp\/v2\/product"}],"about":[{"href":"https:\/\/v2.intervals.lv\/lv\/wp-json\/wp\/v2\/types\/product"}],"replies":[{"embeddable":true,"href":"https:\/\/v2.intervals.lv\/lv\/wp-json\/wp\/v2\/comments?post=115830"}],"wp:featuredmedia":[{"embeddable":true,"href":"https:\/\/v2.intervals.lv\/lv\/wp-json\/wp\/v2\/media\/116099"}],"wp:attachment":[{"href":"https:\/\/v2.intervals.lv\/lv\/wp-json\/wp\/v2\/media?parent=115830"}],"wp:term":[{"taxonomy":"product_brand","embeddable":true,"href":"https:\/\/v2.intervals.lv\/lv\/wp-json\/wp\/v2\/product_brand?post=115830"},{"taxonomy":"product_cat","embeddable":true,"href":"https:\/\/v2.intervals.lv\/lv\/wp-json\/wp\/v2\/product_cat?post=115830"},{"taxonomy":"product_tag","embeddable":true,"href":"https:\/\/v2.intervals.lv\/lv\/wp-json\/wp\/v2\/product_tag?post=115830"}],"curies":[{"name":"wp","href":"https:\/\/api.w.org\/{rel}","templated":true}]}}