{"id":13267,"date":"2019-07-19T15:44:20","date_gmt":"2019-07-19T13:44:20","guid":{"rendered":"https:\/\/isostar.lv\/shop\/batonins-cereal-max-energy-apple-apricot-55g\/"},"modified":"2025-11-17T10:41:26","modified_gmt":"2025-11-17T08:41:26","slug":"isostar-batonelis-cereal-max-energy-apple-apricot-55g","status":"publish","type":"product","link":"https:\/\/v2.intervals.lv\/lv\/product\/isostar-batonelis-cereal-max-energy-apple-apricot-55g\/","title":{"rendered":"Isostar baton\u0117lis Cereal Max Energy Apple Apricot 55g"},"content":{"rendered":"<p><strong>Isostar Cereal Max Apple Apricot<\/strong> &#8211; tai obuoli\u0173 ir abrikos\u0173 skonio energinis baton\u0117lis, skirtas suteikti sportininkui b\u016btin\u0173 maistini\u0173 med\u017eiag\u0173. Sud\u0117tyje yra 16% baltym\u0173 reikaling\u0173 raumen\u0173 masei palaikyti, 60% paprast\u0173 ir sud\u0117tini\u0173 angliavandeni\u0173, kurie suteikia k\u016bnui reikalingos energijos, o 23% lipid\u0173 suteikia papildomos energijos ilgai treniruotei. Baton\u0117lyje yra gausu vitamin\u0173 \u2013 vitaminas B1, vitaminas B2, vitaminas PP, vitaminas B6, ir  vitaminas C. Vitaminai C, B2, PP ir P6 padeda suma\u017einti nuovarg\u012f. Vitaminai B1, PP ir B6 padeda organizmui maistines med\u017eiagas paversti energija. Vitaminai C ir B2 padeda apsaugoti l\u0105steles nuo oksidacinio streso. Vitaminas B6 skatina raudon\u0173j\u0173 kraujo k\u016bneli\u0173, svarbi\u0173 audini\u0173 oksidacijai, \u012fskaitant raumenin\u012f audin\u012f, susidarym\u0105. Produktas atitinka antidopingo taisykles. Puikiai tinka pusry\u010diams.<br \/>\nTai yra maisto papildas. Labai svarbu \u012fvairi ir subalansuota mityba bei sveika gyvensena.<\/p>\n<p>Gamintojo svetain\u0117: <a href=\"http:\/\/www.isostar.fr\">isostar.fr<\/a><\/p>\n","protected":false},"excerpt":{"rendered":"<ul>\n<li>Energinis baton\u0117lis, skirtas suteikti sportininkui b\u016btin\u0173 maistini\u0173 med\u017eiag\u0173.<\/li>\n<li>Vitaminai C, B2, PP ir B6.<\/li>\n<li>16% baltym\u0173.<\/li>\n<li>60% paprast\u0173.<\/li>\n<\/ul>\n","protected":false},"featured_media":130635,"comment_status":"open","ping_status":"closed","template":"","meta":[],"product_brand":[2100],"product_cat":[164,133],"product_tag":[],"class_list":{"0":"post-13267","1":"product","2":"type-product","3":"status-publish","4":"has-post-thumbnail","6":"product_brand-isostar-lt","7":"product_cat-batoneliai","8":"product_cat-ilgos-energijos","9":"pa_garsa-abrikosu","10":"pa_garsa-obuoliu","11":"pa_lietosanas-laiks-paruosimas","12":"pa_lietosanas-merkis-ilgalaiki-energijos-lt","14":"first","15":"instock","16":"shipping-taxable","17":"purchasable","18":"product-type-simple"},"composite_virtual":false,"composite_layout":"","composite_add_to_cart_form_location":"","composite_editable_in_cart":false,"composite_sold_individually_context":"","composite_shop_price_calc":"","composite_components":[],"composite_scenarios":[],"_links":{"self":[{"href":"https:\/\/v2.intervals.lv\/lv\/wp-json\/wp\/v2\/product\/13267","targetHints":{"allow":["GET"]}}],"collection":[{"href":"https:\/\/v2.intervals.lv\/lv\/wp-json\/wp\/v2\/product"}],"about":[{"href":"https:\/\/v2.intervals.lv\/lv\/wp-json\/wp\/v2\/types\/product"}],"replies":[{"embeddable":true,"href":"https:\/\/v2.intervals.lv\/lv\/wp-json\/wp\/v2\/comments?post=13267"}],"wp:featuredmedia":[{"embeddable":true,"href":"https:\/\/v2.intervals.lv\/lv\/wp-json\/wp\/v2\/media\/130635"}],"wp:attachment":[{"href":"https:\/\/v2.intervals.lv\/lv\/wp-json\/wp\/v2\/media?parent=13267"}],"wp:term":[{"taxonomy":"product_brand","embeddable":true,"href":"https:\/\/v2.intervals.lv\/lv\/wp-json\/wp\/v2\/product_brand?post=13267"},{"taxonomy":"product_cat","embeddable":true,"href":"https:\/\/v2.intervals.lv\/lv\/wp-json\/wp\/v2\/product_cat?post=13267"},{"taxonomy":"product_tag","embeddable":true,"href":"https:\/\/v2.intervals.lv\/lv\/wp-json\/wp\/v2\/product_tag?post=13267"}],"curies":[{"name":"wp","href":"https:\/\/api.w.org\/{rel}","templated":true}]}}