{"id":150294,"date":"2017-02-08T15:36:27","date_gmt":"2017-02-08T13:36:27","guid":{"rendered":"https:\/\/intervals.lv\/products\/isostar-hydrate-perform-cranberry-red-fruits-400g\/"},"modified":"2026-03-01T07:32:16","modified_gmt":"2026-03-01T05:32:16","slug":"isostar-hydrate-perform-cranberry-red-fruits-400g","status":"publish","type":"product","link":"https:\/\/v2.intervals.lv\/lv\/product\/isostar-hydrate-perform-cranberry-red-fruits-400g\/","title":{"rendered":"Isostar Hydrate &#038; Perform Cranberry Red fruits 400g"},"content":{"rendered":"<p><strong>Isostar Hydrate &amp; Perform Cranberry Red fruits<\/strong> izotoniska dz\u0113riena pulveris ar dz\u0113rve\u0146u un sarkano aug\u013cu gar\u0161u ir paredz\u0113ts og\u013chidr\u0101tu un elektrol\u012btu dz\u0113riena pagatavo\u0161anai, lai sportistam pirms un slodzes laik\u0101 nodro\u0161in\u0101tu nepiecie\u0161amo \u0161\u0137idruma un ener\u0123ijas daudzumu organism\u0101. Sporta dz\u0113riena \u012bpa\u0161\u0101 izotonisk\u0101 formula nodro\u0161ina \u0101tr\u0101ku \u0161\u0137idruma uzs\u016bk\u0161anos organism\u0101. Dzerot pirms slodzes, J\u016bs nodro\u0161in\u0101siet nepiecie\u0161am\u0101s \u0161\u0137idruma rezerves. \u0160\u0137idruma uz\u0146em\u0161ana slodzes laik\u0101 pal\u012bdz\u0113s uzlabot sniegumu un iztur\u012bbu, samazinot ku\u0146\u0123a &#8211; zarnu trakta probl\u0113mu risku. Lietojot izotonisko dz\u0113rienu p\u0113c slodzes, nodro\u0161in\u0101siet lab\u0101ku atjauno\u0161an\u0101s procesu.<br \/>\nIsostar Hydrate &amp; Perform Antioxidants dz\u0113riens ir lielisks vitam\u012bnu un mikroelementu avots. Kalcijs un magnijs &#8211; nodro\u0161ina musku\u013cu darb\u012bbu slodzes un atjauno\u0161an\u0101s laik\u0101. T\u0101 sast\u0101v\u0101 eso\u0161ie antioksidanti &#8211; vitam\u012bns C, vitam\u012bns E un cinks sekm\u0113 \u0161\u016bnu aizsardz\u012bbu pret oksidat\u012bvo stresu, kas rodas organism\u0101 aktivit\u0101\u0161u laik\u0101. Vitam\u012bns B1 pal\u012bdz nodro\u0161in\u0101t optim\u0101lu ener\u0123ijas metabolismu jeb p\u0101rv\u0113rst bar\u012bbas vielas ener\u0123ij\u0101. Elektrol\u012bts n\u0101trijs pal\u012bdz atjaunot \u0161\u0137idruma rezerves p\u0113c sv\u012b\u0161anas slodzes laik\u0101. Jauna, p\u0101rbaud\u012bta un kontrol\u0113ta formula.<\/p>\n<p>Lietot k\u0101 papildin\u0101jumu sabalans\u0113tai un daudzveid\u012bgai di\u0113tai un vesel\u012bgam dz\u012bvesveidam.<\/p>\n<p>Ra\u017eot\u0101ja m\u0101jaslapa: <a href=\"http:\/\/www.isostar.fr\">isostar.fr<\/a><\/p>\n","protected":false},"excerpt":{"rendered":"<ul>\n<li>Og\u013chidr\u0101tu un elektrol\u012btu dz\u0113riens.<\/li>\n<li>Antioksidanti &#8211; vitam\u012bns C, E un cinks.<\/li>\n<li>Mikroelementi \u2013 kalcijs, magnijs, n\u0101trijs.<\/li>\n<li>Ener\u0123ijas avots (37g og\u013chidr\u0101tu\/500ml dz\u0113riena).<\/li>\n<li>Optim\u0101la organisma hidrat\u0101cija treni\u0146u un sacens\u012bbu laik\u0101.<\/li>\n<li>Satur vitam\u012bnus C, E un B1.<\/li>\n<li>Jauna, p\u0101rbaud\u012bta formula ar uzlabotu gar\u0161u.<\/li>\n<li>Bez kr\u0101sviel\u0101m.<\/li>\n<\/ul>\n","protected":false},"featured_media":54951,"comment_status":"open","ping_status":"closed","template":"","meta":[],"product_brand":[2100],"product_cat":[166,160],"product_tag":[],"class_list":{"0":"post-150294","1":"product","2":"type-product","3":"status-publish","4":"has-post-thumbnail","6":"product_brand-isostar-lt","7":"product_cat-izotoniniai-gerimai","8":"product_cat-greitos-energijos","9":"pa_garsa-raudonuju-vaisiu","10":"pa_garsa-spanguoliu","11":"pa_lietosanas-laiks-veikla","12":"pa_lietosanas-laiks-paruosimas","13":"pa_lietosanas-merkis-greita-energijos-lt","15":"first","16":"instock","17":"shipping-taxable","18":"purchasable","19":"product-type-simple"},"composite_virtual":false,"composite_layout":"","composite_add_to_cart_form_location":"","composite_editable_in_cart":false,"composite_sold_individually_context":"","composite_shop_price_calc":"","composite_components":[],"composite_scenarios":[],"_links":{"self":[{"href":"https:\/\/v2.intervals.lv\/lv\/wp-json\/wp\/v2\/product\/150294","targetHints":{"allow":["GET"]}}],"collection":[{"href":"https:\/\/v2.intervals.lv\/lv\/wp-json\/wp\/v2\/product"}],"about":[{"href":"https:\/\/v2.intervals.lv\/lv\/wp-json\/wp\/v2\/types\/product"}],"replies":[{"embeddable":true,"href":"https:\/\/v2.intervals.lv\/lv\/wp-json\/wp\/v2\/comments?post=150294"}],"wp:featuredmedia":[{"embeddable":true,"href":"https:\/\/v2.intervals.lv\/lv\/wp-json\/wp\/v2\/media\/54951"}],"wp:attachment":[{"href":"https:\/\/v2.intervals.lv\/lv\/wp-json\/wp\/v2\/media?parent=150294"}],"wp:term":[{"taxonomy":"product_brand","embeddable":true,"href":"https:\/\/v2.intervals.lv\/lv\/wp-json\/wp\/v2\/product_brand?post=150294"},{"taxonomy":"product_cat","embeddable":true,"href":"https:\/\/v2.intervals.lv\/lv\/wp-json\/wp\/v2\/product_cat?post=150294"},{"taxonomy":"product_tag","embeddable":true,"href":"https:\/\/v2.intervals.lv\/lv\/wp-json\/wp\/v2\/product_tag?post=150294"}],"curies":[{"name":"wp","href":"https:\/\/api.w.org\/{rel}","templated":true}]}}