{"id":153088,"date":"2026-01-23T22:33:37","date_gmt":"2026-01-23T20:33:37","guid":{"rendered":"https:\/\/intervals.lv\/products\/approach-j1-sidabrine-aliuminio-lizdas-su-alyvines-spalvos-comfortfit-audiniu-dirzeliu\/"},"modified":"2026-04-13T15:31:02","modified_gmt":"2026-04-13T15:31:02","slug":"garmin-approach-j1-silver-lilac-comfortfit","status":"publish","type":"product","link":"https:\/\/v2.intervals.lv\/lv\/product\/garmin-approach-j1-silver-lilac-comfortfit\/","title":{"rendered":"Garmin Approach J1 Silver lilac ComfortFit"},"content":{"rendered":"\n<figure class=\"wp-block-embed is-type-video is-provider-youtube wp-block-embed-youtube wp-embed-aspect-16-9 wp-has-aspect-ratio\"><div class=\"wp-block-embed__wrapper\">\n<div class=\"video-container\"><iframe loading=\"lazy\" title=\"\u201eApproach J1\u201c yra pirmasis golfo GPS laikrodis, sukurtas jauniesiems \u017eaid\u0117jams | \u201eGarmin\u201c\" width=\"1170\" height=\"658\" src=\"https:\/\/www.youtube.com\/embed\/Dk2SIoVaLY8?feature=oembed\" frameborder=\"0\" allow=\"accelerometer; autoplay; clipboard-write; encrypted-media; gyroscope; picture-in-picture; web-share\" referrerpolicy=\"strict-origin-when-cross-origin\" allowfullscreen><\/iframe><\/div>\n<\/div><\/figure>\n\n\n\n<h2 class=\"wp-block-heading has-text-align-center has-theme-palette-8-background-color has-background\" id=\"h-pasirupinome-ju-zaidimu\">PASIR\u016aPINOME J\u0172 \u017dAIDIMU<\/h2>\n\n\n\n<p class=\"has-text-align-center product-intro\">\u201eApproach J1\u201c yra plonas, lengvas golfo GPS laikrodis, sukurtas jauniesiems golfo \u017eaid\u0117jams. Jis turi \u201eComfortFit\u201c audinio dir\u017eel\u012f, supaprastint\u0105 s\u0105saj\u0105 ir funkcijas, skirtas mokytis ir tobul\u0117ti.<\/p>\n\n\n\n<p class=\"has-text-align-center product-intro\"><\/p>\n\n\n\n<h3 class=\"wp-block-heading has-text-align-center\" id=\"h-pagrindines-savybes\">PAGRINDIN\u0116S SAVYB\u0116S<\/h3>\n\n\n\n<ul class=\"wp-block-list\">\n<li>\u200cPATOGUS IR LENGVAS<\/li>\n\n\n\n<li>PIRMOJO SM\u016aGIO REKOMENDACIJOS PAGAL KONKRET\u0172 \u017dAID\u0116J\u0104<\/li>\n\n\n\n<li>\u200c\u200cSUPAPRASTINTA S\u0104SAJA<\/li>\n\n\n\n<li>SM\u016aGI\u0172 SKAI\u010cI\u0172 PRITAIKYMAS PRIE \u017dAID\u0116JO \u012eG\u016aD\u017dI\u0172<\/li>\n\n\n\n<li>\u200cVIZUALUS LAIKMATIS, SKIRTAS I\u0160MOKTI PALAIKYTI REKOMENDUOJAM\u0104 \u017dAIDIMO TEMP\u0104<\/li>\n\n\n\n<li>IKI 15 VAL. GPS RE\u017dIMU VEIKIANTI BATERIJA<\/li>\n<\/ul>\n\n\n\n\n<div class=\"wp-block-kadence-column kadence-column153088_d20cea-fb\"><div class=\"kt-inside-inner-col\">\n<figure class=\"wp-block-image aligncenter size-large\"><img decoding=\"async\" src=\"https:\/\/v2.intervals.lv\/wp-content\/uploads\/2026\/01\/j1-feature-01.jpg\" alt=\"RAD\u012aTS GOLFAM\" class=\"wp-image-153104\"\/><\/figure>\n\n\n\n<h3 class=\"wp-block-heading has-text-align-center\" id=\"h-sukurtas-golfui\">SUKURTAS GOLFUI<\/h3>\n\n\n\n<p class=\"has-text-align-center\">\u200cPlonas, lengvas dizainas su \u201eComfortFit\u201c audinio dir\u017eeliu tvirtai laikosi ir netrukdo sm\u016bgiuoti.<\/p>\n\n\n\n<p class=\"has-text-align-center\"><\/p>\n<\/div><\/div>\n\n\n\n<div class=\"wp-block-kadence-column kadence-column153088_1027f8-2a\"><div class=\"kt-inside-inner-col\">\n<figure class=\"wp-block-image aligncenter size-large\"><img decoding=\"async\" src=\"https:\/\/v2.intervals.lv\/wp-content\/uploads\/2026\/01\/j1-feature-02.jpg\" alt=\"PIRM\u0100 SITIENA VADL\u012aNIJAS\" class=\"wp-image-153105\"\/><\/figure>\n\n\n\n<h3 class=\"wp-block-heading has-text-align-center\" id=\"h-smugiavimo-patarimai\">SM\u016aGIAVIMO PATARIMAI<\/h3>\n\n\n\n<p class=\"has-text-align-center\">Per 43000 golfo aik\u0161tyn\u0173 ir pirmojo sm\u016bgio vietos suteikia galimyb\u0119 kiekvien\u0105 duobut\u0119 pritaikyti prie konkretaus golfo \u017eaid\u0117jo geb\u0117jim\u0173.<\/p>\n\n\n\n<p class=\"has-text-align-center\"><\/p>\n<\/div><\/div>\n\n\n\n<div class=\"wp-block-kadence-column kadence-column153088_5e47d8-a8\"><div class=\"kt-inside-inner-col\">\n<figure class=\"wp-block-image aligncenter size-large\"><img decoding=\"async\" src=\"https:\/\/v2.intervals.lv\/wp-content\/uploads\/2026\/01\/j1-feature-03.jpg\" alt=\"SP\u0112LES RITMA TAIMERIS\" class=\"wp-image-153106\"\/><\/figure>\n\n\n\n<h3 class=\"wp-block-heading has-text-align-center\" id=\"h-zaidimo-tempo-laikmatis\">\u200c\u017dAIDIMO TEMPO LAIKMATIS<\/h3>\n\n\n\n<p class=\"has-text-align-center\">Paprastos vaizdin\u0117s priemon\u0117s \u017eaid\u0117jui padeda \u017eaisti rekomenduojamu tempu.<\/p>\n\n\n\n<p class=\"has-text-align-center\"><\/p>\n<\/div><\/div>\n\n\n\n\n\n<div class=\"wp-block-kadence-column kadence-column153088_43c43e-f4\"><div class=\"kt-inside-inner-col\">\n<figure class=\"wp-block-image aligncenter size-large\"><img decoding=\"async\" src=\"https:\/\/v2.intervals.lv\/wp-content\/uploads\/2026\/01\/j1-feature-04.jpg\" alt=\"APSVEIKUMI PULKSTEN\u012a\" class=\"wp-image-153107\"\/><\/figure>\n\n\n\n<h3 class=\"wp-block-heading has-text-align-center\" id=\"h-sventimas-laikrodyje\">\u0160VENTIMAS LAIKRODYJE<\/h3>\n\n\n\n<p class=\"has-text-align-center\">\u201eApproach J1\u201c rodomos \u0161ventimo animacijos motyvuoja ir atkreipia d\u0117mes\u012f \u012f pa\u017eang\u0105.<\/p>\n\n\n\n<p class=\"has-text-align-center\"><\/p>\n<\/div><\/div>\n\n\n\n<div class=\"wp-block-kadence-column kadence-column153088_1a9d8d-cf\"><div class=\"kt-inside-inner-col\">\n<figure class=\"wp-block-image aligncenter size-large\"><img loading=\"lazy\" decoding=\"async\" width=\"800\" height=\"900\" src=\"https:\/\/v2.intervals.lv\/wp-content\/uploads\/2026\/01\/j1-feature-05.webp\" alt=\"N\u016aJAS IETEIKUMI\" class=\"wp-image-153108\" srcset=\"https:\/\/v2.intervals.lv\/wp-content\/uploads\/2026\/01\/j1-feature-05.webp 800w, https:\/\/v2.intervals.lv\/wp-content\/uploads\/2026\/01\/j1-feature-05-150x169.webp 150w, https:\/\/v2.intervals.lv\/wp-content\/uploads\/2026\/01\/j1-feature-05-600x675.webp 600w, https:\/\/v2.intervals.lv\/wp-content\/uploads\/2026\/01\/j1-feature-05-267x300.webp 267w, https:\/\/v2.intervals.lv\/wp-content\/uploads\/2026\/01\/j1-feature-05-311x350.webp 311w, https:\/\/v2.intervals.lv\/wp-content\/uploads\/2026\/01\/j1-feature-05-768x864.webp 768w\" sizes=\"auto, (max-width: 800px) 100vw, 800px\" \/><\/figure>\n\n\n\n<h3 class=\"wp-block-heading has-text-align-center\" id=\"h-lazdu-pasiulymai\">LAZD\u0172 PASI\u016aLYMAI<\/h3>\n\n\n\n<p class=\"has-text-align-center\">\u200c\u017daiskite greitai ir u\u017etikrintai, naudodamiesi lazd\u0173 rekomendacijomis, pagr\u012fstomis tuo, kas yra golfo \u017eaid\u0117jo krep\u0161yje.<\/p>\n\n\n\n<p class=\"has-text-align-center\"><\/p>\n<\/div><\/div>\n\n\n\n<div class=\"wp-block-kadence-column kadence-column153088_e97f8e-51\"><div class=\"kt-inside-inner-col\">\n<figure class=\"wp-block-image aligncenter size-large\"><img loading=\"lazy\" decoding=\"async\" width=\"800\" height=\"900\" src=\"https:\/\/v2.intervals.lv\/wp-content\/uploads\/2026\/01\/j1-feature-06.webp\" alt=\"PERSON\u012aGS \" class=\"wp-image-153109\" srcset=\"https:\/\/v2.intervals.lv\/wp-content\/uploads\/2026\/01\/j1-feature-06.webp 800w, https:\/\/v2.intervals.lv\/wp-content\/uploads\/2026\/01\/j1-feature-06-150x169.webp 150w, https:\/\/v2.intervals.lv\/wp-content\/uploads\/2026\/01\/j1-feature-06-600x675.webp 600w, https:\/\/v2.intervals.lv\/wp-content\/uploads\/2026\/01\/j1-feature-06-267x300.webp 267w, https:\/\/v2.intervals.lv\/wp-content\/uploads\/2026\/01\/j1-feature-06-311x350.webp 311w, https:\/\/v2.intervals.lv\/wp-content\/uploads\/2026\/01\/j1-feature-06-768x864.webp 768w\" sizes=\"auto, (max-width: 800px) 100vw, 800px\" \/><\/figure>\n\n\n\n<h3 class=\"wp-block-heading has-text-align-center\" id=\"h-asmeninis-is-anksto-nustatytas-smugiu-skaicius\">ASMENINIS I\u0160 ANKSTO NUSTATYTAS SM\u016aGI\u0172 SKAI\u010cIUS<\/h3>\n\n\n\n<p class=\"has-text-align-center\">\u200cPritaikykite i\u0161 anksto nustatyt\u0105 sm\u016bgi\u0173 skai\u010di\u0173 pagal golfo \u017eaid\u0117jo \u012fg\u016bd\u017eius, kad tikslai b\u016bt\u0173 realisti\u0161ki, o pasitik\u0117jimo savimi \u2013 daugiau.<\/p>\n\n\n\n<p class=\"has-text-align-center\"><\/p>\n<\/div><\/div>\n\n\n\n\n<h2 class=\"wp-block-heading has-text-align-center\" id=\"h-pirmiausia-pagrindai-tada-iveikti-standartai\">PIRMIAUSIA PAGRINDAI, TADA \u012eVEIKTI STANDARTAI<\/h2>\n\n\n\n<ul class=\"wp-block-list\">\n<li><strong>SUPAPRASTINTA S\u0104SAJA<\/strong> \u2013 Ekranas i\u0161ry\u0161kina svarbiausi\u0105 informacij\u0105, kad b\u016bt\u0173 lengviau priimti sprendimus.<\/li>\n\n\n\n<li><strong>43 000+ I\u0160ANKSTINI\u0172 GOLFO AIK\u0160TELI\u0172<\/strong> \u2013 Approach J1 i\u0161 anksto \u012fkeltos daugiau nei 43 000 aik\u0161teli\u0173 visame pasaulyje.<\/li>\n\n\n\n<li><strong>REZULTAT\u0172 SEKIMAS<\/strong> \u2013 Tiesiog u\u017eregistruokite savo rezultat\u0105 tiesiai Approach J1 laikrodyje po kiekvienos duob\u0117s.<\/li>\n\n\n\n<li><strong>PRITAIKOMA PATIRTIS<\/strong> \u2013 \u017daidimo mokymui skirtas funkcijas galima i\u0161jungti golfininkui tobul\u0117jant.<\/li>\n\n\n\n<li><strong>ATSPARUS VANDENIUI<\/strong> \u2013 T\u0119skite \u017eaidim\u0105 nepriklausomai nuo oro su 5 ATM atsparumu vandeniui.<\/li>\n\n\n\n<li><strong>BATERIJOS VEIKIMO LAIKAS<\/strong> \u2013 \u017daiskite vis\u0105 dien\u0105 su iki 15 valand\u0173 baterijos veikimu GPS re\u017eimu.<\/li>\n\n\n\n<li><strong>GARMIN GOLF\u2122 PROGRAMA<\/strong> \u2013 Per\u017ei\u016br\u0117kite rezultat\u0173 korteles, asmenin\u012f par ir \u017eaidimo tempo laikus.<\/li>\n<\/ul>\n","protected":false},"excerpt":{"rendered":"<p>Jaun\u0173j\u0173 golfo laikrodis su integruotu GPS, ry\u0161kiu spalvotu ekranu ir pagrindin\u0117mis funkcijomis.<\/p>\n","protected":false},"featured_media":153102,"comment_status":"open","ping_status":"closed","template":"","meta":[],"product_brand":[2098],"product_cat":[809,780,852],"product_tag":[],"class_list":{"0":"post-153088","1":"product","2":"type-product","3":"status-publish","4":"has-post-thumbnail","6":"product_brand-garmin-lt","7":"product_cat-golfas","8":"product_cat-pulsometrai-ir-laikrodziai","9":"product_cat-approach-lt","11":"first","12":"instock","13":"shipping-taxable","14":"purchasable","15":"product-type-simple"},"composite_virtual":false,"composite_layout":"","composite_add_to_cart_form_location":"","composite_editable_in_cart":false,"composite_sold_individually_context":"","composite_shop_price_calc":"","composite_components":[],"composite_scenarios":[],"_links":{"self":[{"href":"https:\/\/v2.intervals.lv\/lv\/wp-json\/wp\/v2\/product\/153088","targetHints":{"allow":["GET"]}}],"collection":[{"href":"https:\/\/v2.intervals.lv\/lv\/wp-json\/wp\/v2\/product"}],"about":[{"href":"https:\/\/v2.intervals.lv\/lv\/wp-json\/wp\/v2\/types\/product"}],"replies":[{"embeddable":true,"href":"https:\/\/v2.intervals.lv\/lv\/wp-json\/wp\/v2\/comments?post=153088"}],"wp:featuredmedia":[{"embeddable":true,"href":"https:\/\/v2.intervals.lv\/lv\/wp-json\/wp\/v2\/media\/153102"}],"wp:attachment":[{"href":"https:\/\/v2.intervals.lv\/lv\/wp-json\/wp\/v2\/media?parent=153088"}],"wp:term":[{"taxonomy":"product_brand","embeddable":true,"href":"https:\/\/v2.intervals.lv\/lv\/wp-json\/wp\/v2\/product_brand?post=153088"},{"taxonomy":"product_cat","embeddable":true,"href":"https:\/\/v2.intervals.lv\/lv\/wp-json\/wp\/v2\/product_cat?post=153088"},{"taxonomy":"product_tag","embeddable":true,"href":"https:\/\/v2.intervals.lv\/lv\/wp-json\/wp\/v2\/product_tag?post=153088"}],"curies":[{"name":"wp","href":"https:\/\/api.w.org\/{rel}","templated":true}]}}