{"id":153916,"date":"2026-02-06T14:43:35","date_gmt":"2026-02-06T12:43:35","guid":{"rendered":"https:\/\/intervals.lv\/products\/garmin-varia-rearvue-820\/"},"modified":"2026-03-01T19:03:38","modified_gmt":"2026-03-01T17:03:38","slug":"garmin-varia-rearvue-820","status":"publish","type":"product","link":"https:\/\/v2.intervals.lv\/lv\/product\/garmin-varia-rearvue-820\/","title":{"rendered":"Garmin Varia RearVue 820"},"content":{"rendered":"\n<figure class=\"wp-block-embed is-type-video is-provider-youtube wp-block-embed-youtube wp-embed-aspect-16-9 wp-has-aspect-ratio\"><div class=\"wp-block-embed__wrapper\">\n<div class=\"video-container\"><iframe loading=\"lazy\" title=\"Varia RearVue 820 main\u012bs veidu, k\u0101 braucat | Garmin\" width=\"1170\" height=\"658\" src=\"https:\/\/www.youtube.com\/embed\/5pu_Jc_-cHA?feature=oembed\" frameborder=\"0\" allow=\"accelerometer; autoplay; clipboard-write; encrypted-media; gyroscope; picture-in-picture; web-share\" referrerpolicy=\"strict-origin-when-cross-origin\" allowfullscreen><\/iframe><\/div>\n<\/div><\/figure>\n\n\n\n<h2 class=\"wp-block-heading has-text-align-center has-theme-palette-8-background-color has-background\">IESPAID\u012aGI REDZAMS. APBR\u012aNOJAMI JAUD\u012aGS.<\/h2>\n\n\n\n<p class=\"has-text-align-center product-intro\">Varia RearVue 820 ir apr\u012bkots ar m\u016bsu jaud\u012bg\u0101ko un prec\u012bz\u0101ko radaru ar pla\u0161\u0101ku skata lauku, kas sniedz uzticam\u0101kus br\u012bdin\u0101jumus nek\u0101 jebkad agr\u0101k. Aizmugures lukturis nodro\u0161ina l\u012bdz 2 km redzam\u012bbu un ir apr\u012bkots ar brem\u017eu gaismu, kas r\u0101da, kad samazin\u0101t \u0101trumu vai apst\u0101jaties.<\/p>\n\n\n\n<h3 class=\"wp-block-heading has-text-align-center\">GALVEN\u0100S FUNKCIJAS<\/h3>\n\n\n\n<ul class=\"wp-block-list\">\n<li><strong>TRANSPORTL\u012aDZEK\u013bU IZSEKO\u0160ANA<\/strong> \u2013 Nosaka transportl\u012bdzek\u013cus l\u012bdz 175 metru att\u0101lum\u0101 ar pla\u0161\u0101ku skata lauku<\/li>\n<li><strong>ILGS AKUMULATORA LAIKS<\/strong> \u2013 L\u012bdz 24 stund\u0101m dienas mirgo\u0161anas re\u017e\u012bm\u0101<\/li>\n<li><strong>SPILGTS AIZMUGURES LUKTURIS<\/strong> \u2013 Redzams l\u012bdz 2 km att\u0101lum\u0101<\/li>\n<li><strong>TRANSPORTL\u012aDZEK\u013bU LIELUMS<\/strong> \u2013 Redziet tuvojo\u0161os transportl\u012bdzek\u013cu lielumu (mazi, vid\u0113ji, lieli)<\/li>\n<li><strong>BREM\u017dU GAISMAS BR\u012aDIN\u0100JUMS<\/strong> \u2013 Br\u012bdina citus, ka samazin\u0101t \u0101trumu vai apst\u0101jaties<\/li>\n<li><strong>VIEN\u0100DA \u0100TRUMA BR\u012aDIN\u0100JUMS<\/strong> \u2013 Br\u012bdina par transportl\u012bdzek\u013ciem, kas p\u0101rvietojas ar t\u0101du pa\u0161u \u0101trumu<\/li>\n<\/ul>\n\n\n\n\n<div class=\"wp-block-kadence-column kadence-column153916_c1\"><div class=\"kt-inside-inner-col\">\n<figure class=\"wp-block-image aligncenter size-large\"><img loading=\"lazy\" decoding=\"async\" width=\"800\" height=\"1200\" src=\"https:\/\/v2.intervals.lv\/wp-content\/uploads\/2026\/02\/feature-1.webp\" alt=\"Jaud\u012bgs un uzticams radars\" class=\"wp-image-153944\" srcset=\"https:\/\/v2.intervals.lv\/wp-content\/uploads\/2026\/02\/feature-1.webp 800w, https:\/\/v2.intervals.lv\/wp-content\/uploads\/2026\/02\/feature-1-150x225.webp 150w, https:\/\/v2.intervals.lv\/wp-content\/uploads\/2026\/02\/feature-1-600x900.webp 600w, https:\/\/v2.intervals.lv\/wp-content\/uploads\/2026\/02\/feature-1-200x300.webp 200w, https:\/\/v2.intervals.lv\/wp-content\/uploads\/2026\/02\/feature-1-233x350.webp 233w, https:\/\/v2.intervals.lv\/wp-content\/uploads\/2026\/02\/feature-1-768x1152.webp 768w\" sizes=\"auto, (max-width: 800px) 100vw, 800px\" \/><\/figure>\n\n\n\n<h3 class=\"wp-block-heading has-text-align-center\">JAUD\u012aGS UN UZTICAMS RADARS<\/h3>\n\n\n\n<p class=\"has-text-align-center\">Ar m\u016bsu jaud\u012bg\u0101ko un prec\u012bz\u0101ko radara izseko\u0161anas tehnolo\u0123iju, Varia RearVue 820 radars nosaka transportl\u012bdzek\u013cus, kas tuvojas l\u012bdz 175 metru att\u0101lum\u0101 ar pla\u0161\u0101ku skata lauku.<\/p>\n<\/div><\/div>\n\n\n\n<div class=\"wp-block-kadence-column kadence-column153916_c2\"><div class=\"kt-inside-inner-col\">\n<figure class=\"wp-block-image aligncenter size-large\"><img loading=\"lazy\" decoding=\"async\" width=\"800\" height=\"1200\" src=\"https:\/\/v2.intervals.lv\/wp-content\/uploads\/2026\/02\/feature-2.webp\" alt=\"Spilgts aizmugures lukturis\" class=\"wp-image-153945\" srcset=\"https:\/\/v2.intervals.lv\/wp-content\/uploads\/2026\/02\/feature-2.webp 800w, https:\/\/v2.intervals.lv\/wp-content\/uploads\/2026\/02\/feature-2-150x225.webp 150w, https:\/\/v2.intervals.lv\/wp-content\/uploads\/2026\/02\/feature-2-600x900.webp 600w, https:\/\/v2.intervals.lv\/wp-content\/uploads\/2026\/02\/feature-2-200x300.webp 200w, https:\/\/v2.intervals.lv\/wp-content\/uploads\/2026\/02\/feature-2-233x350.webp 233w, https:\/\/v2.intervals.lv\/wp-content\/uploads\/2026\/02\/feature-2-768x1152.webp 768w\" sizes=\"auto, (max-width: 800px) 100vw, 800px\" \/><\/figure>\n\n\n\n<h3 class=\"wp-block-heading has-text-align-center\">SPILGTS AIZMUGURES LUKTURIS UN BREM\u017dU GAISMA<\/h3>\n\n\n\n<p class=\"has-text-align-center\">M\u016bsu spilgt\u0101kais aizmugures lukturis noz\u012bm\u0113, ka j\u016bs b\u016bsiet redzams l\u012bdz 2 km att\u0101lum\u0101. Brem\u017eu gaisma nosaka, kad samazin\u0101t \u0101trumu vai apst\u0101jaties, un par\u0101da unik\u0101lu mirgo\u0161anas re\u017e\u012bmu.<\/p>\n<\/div><\/div>\n\n\n\n<div class=\"wp-block-kadence-column kadence-column153916_c3\"><div class=\"kt-inside-inner-col\">\n<figure class=\"wp-block-image aligncenter size-large\"><img loading=\"lazy\" decoding=\"async\" width=\"800\" height=\"1200\" src=\"https:\/\/v2.intervals.lv\/wp-content\/uploads\/2026\/02\/feature-3.webp\" alt=\"Uzlabota transportl\u012bdzek\u013cu izseko\u0161ana\" class=\"wp-image-153946\" srcset=\"https:\/\/v2.intervals.lv\/wp-content\/uploads\/2026\/02\/feature-3.webp 800w, https:\/\/v2.intervals.lv\/wp-content\/uploads\/2026\/02\/feature-3-150x225.webp 150w, https:\/\/v2.intervals.lv\/wp-content\/uploads\/2026\/02\/feature-3-600x900.webp 600w, https:\/\/v2.intervals.lv\/wp-content\/uploads\/2026\/02\/feature-3-200x300.webp 200w, https:\/\/v2.intervals.lv\/wp-content\/uploads\/2026\/02\/feature-3-233x350.webp 233w, https:\/\/v2.intervals.lv\/wp-content\/uploads\/2026\/02\/feature-3-768x1152.webp 768w\" sizes=\"auto, (max-width: 800px) 100vw, 800px\" \/><\/figure>\n\n\n\n<h3 class=\"wp-block-heading has-text-align-center\">UZLABOTA TRANSPORTL\u012aDZEK\u013bU IZSEKO\u0160ANA<\/h3>\n\n\n\n<p class=\"has-text-align-center\">Skatiet br\u012bdin\u0101jumus par maziem, vid\u0113jiem un lieliem transportl\u012bdzek\u013ciem, un redziet, kad transportl\u012bdzeklis maina joslu &#8211; braucot ar jaun\u0101kajiem Edge velosip\u0113du datoriem vai Varia lietotni sav\u0101 viedt\u0101lrun\u012b.<\/p>\n<\/div><\/div>\n\n\n\n\n\n<div class=\"wp-block-kadence-column kadence-column153916_c4\"><div class=\"kt-inside-inner-col\">\n<figure class=\"wp-block-image aligncenter size-large\"><img loading=\"lazy\" decoding=\"async\" width=\"800\" height=\"1200\" src=\"https:\/\/v2.intervals.lv\/wp-content\/uploads\/2026\/02\/feature-4.webp\" alt=\"Sa\u0146emiet br\u012bdin\u0101jumus\" class=\"wp-image-153947\" srcset=\"https:\/\/v2.intervals.lv\/wp-content\/uploads\/2026\/02\/feature-4.webp 800w, https:\/\/v2.intervals.lv\/wp-content\/uploads\/2026\/02\/feature-4-150x225.webp 150w, https:\/\/v2.intervals.lv\/wp-content\/uploads\/2026\/02\/feature-4-600x900.webp 600w, https:\/\/v2.intervals.lv\/wp-content\/uploads\/2026\/02\/feature-4-200x300.webp 200w, https:\/\/v2.intervals.lv\/wp-content\/uploads\/2026\/02\/feature-4-233x350.webp 233w, https:\/\/v2.intervals.lv\/wp-content\/uploads\/2026\/02\/feature-4-768x1152.webp 768w\" sizes=\"auto, (max-width: 800px) 100vw, 800px\" \/><\/figure>\n\n\n\n<h3 class=\"wp-block-heading has-text-align-center\">SA\u0145EMIET BR\u012aDIN\u0100JUMUS SAV\u0100 VEID\u0100<\/h3>\n\n\n\n<p class=\"has-text-align-center\">Lai sa\u0146emtu vizu\u0101lus un ska\u0146as br\u012bdin\u0101jumus brauk\u0161anas laik\u0101, savienojiet \u0161o radaru ar Varia viedt\u0101lru\u0146a lietotni, sader\u012bgiem Edge velosip\u0113du datoriem vai Garmin viedpulkste\u0146iem.<\/p>\n<\/div><\/div>\n\n\n\n<div class=\"wp-block-kadence-column kadence-column153916_c5\"><div class=\"kt-inside-inner-col\">\n<figure class=\"wp-block-image aligncenter size-large\"><img loading=\"lazy\" decoding=\"async\" width=\"800\" height=\"1200\" src=\"https:\/\/v2.intervals.lv\/wp-content\/uploads\/2026\/02\/feature-5.webp\" alt=\"Da\u017e\u0101du gaismas re\u017e\u012bmu iesp\u0113jas\" class=\"wp-image-153948\" srcset=\"https:\/\/v2.intervals.lv\/wp-content\/uploads\/2026\/02\/feature-5.webp 800w, https:\/\/v2.intervals.lv\/wp-content\/uploads\/2026\/02\/feature-5-150x225.webp 150w, https:\/\/v2.intervals.lv\/wp-content\/uploads\/2026\/02\/feature-5-600x900.webp 600w, https:\/\/v2.intervals.lv\/wp-content\/uploads\/2026\/02\/feature-5-200x300.webp 200w, https:\/\/v2.intervals.lv\/wp-content\/uploads\/2026\/02\/feature-5-233x350.webp 233w, https:\/\/v2.intervals.lv\/wp-content\/uploads\/2026\/02\/feature-5-768x1152.webp 768w\" sizes=\"auto, (max-width: 800px) 100vw, 800px\" \/><\/figure>\n\n\n\n<h3 class=\"wp-block-heading has-text-align-center\">DA\u017d\u0100DU GAISMAS RE\u017d\u012aMU IESP\u0112JAS<\/h3>\n\n\n\n<p class=\"has-text-align-center\">Brauciet ar \u010detriem da\u017e\u0101diem gaismas re\u017e\u012bmiem: dienas mirgo\u0161ana, nakts mirgo\u0161ana, past\u0101v\u012bgais re\u017e\u012bms un peloton re\u017e\u012bms. Izveidojiet savus piel\u0101gotus gaismas re\u017e\u012bmus Varia lietotn\u0113 sav\u0101 viedt\u0101lrun\u012b.<\/p>\n<\/div><\/div>\n\n\n\n<div class=\"wp-block-kadence-column kadence-column153916_c6\"><div class=\"kt-inside-inner-col\">\n<figure class=\"wp-block-image aligncenter size-large\"><img loading=\"lazy\" decoding=\"async\" width=\"800\" height=\"1200\" src=\"https:\/\/v2.intervals.lv\/wp-content\/uploads\/2026\/02\/feature-6.webp\" alt=\"Kompakts dizains\" class=\"wp-image-153949\" srcset=\"https:\/\/v2.intervals.lv\/wp-content\/uploads\/2026\/02\/feature-6.webp 800w, https:\/\/v2.intervals.lv\/wp-content\/uploads\/2026\/02\/feature-6-150x225.webp 150w, https:\/\/v2.intervals.lv\/wp-content\/uploads\/2026\/02\/feature-6-600x900.webp 600w, https:\/\/v2.intervals.lv\/wp-content\/uploads\/2026\/02\/feature-6-200x300.webp 200w, https:\/\/v2.intervals.lv\/wp-content\/uploads\/2026\/02\/feature-6-233x350.webp 233w, https:\/\/v2.intervals.lv\/wp-content\/uploads\/2026\/02\/feature-6-768x1152.webp 768w\" sizes=\"auto, (max-width: 800px) 100vw, 800px\" \/><\/figure>\n\n\n\n<h3 class=\"wp-block-heading has-text-align-center\">KOMPAKTS DIZAINS<\/h3>\n\n\n\n<p class=\"has-text-align-center\">Elegants, kompakts dizains un jauns sedla staba stiprin\u0101jums noz\u012bm\u0113, ka Varia RearVue 820 t\u012bri iederas gandr\u012bz jebkur\u0101 \u0161osejas vai grants velosip\u0113d\u0101 un ir sader\u012bgs ar Varia sedla slie\u017eu stiprin\u0101juma komplektu.<\/p>\n<\/div><\/div>\n\n","protected":false},"excerpt":{"rendered":"<p>Velosip\u0113da radars un aizmugures lukturis ar transportl\u012bdzek\u013cu lieluma noteik\u0161anu un brem\u017eu gaismas br\u012bdin\u0101jumiem.<\/p>\n","protected":false},"featured_media":154870,"comment_status":"open","ping_status":"closed","template":"","meta":[],"product_brand":[943],"product_cat":[681,695,719],"product_tag":[],"class_list":{"0":"post-153916","1":"product","2":"type-product","3":"status-publish","4":"has-post-thumbnail","6":"product_brand-garmin","7":"product_cat-ritenbrauksanai","8":"product_cat-velodatori-un-drosiba","9":"product_cat-varia","11":"first","12":"instock","13":"shipping-taxable","14":"purchasable","15":"product-type-simple"},"composite_virtual":false,"composite_layout":"","composite_add_to_cart_form_location":"","composite_editable_in_cart":false,"composite_sold_individually_context":"","composite_shop_price_calc":"","composite_components":[],"composite_scenarios":[],"_links":{"self":[{"href":"https:\/\/v2.intervals.lv\/lv\/wp-json\/wp\/v2\/product\/153916","targetHints":{"allow":["GET"]}}],"collection":[{"href":"https:\/\/v2.intervals.lv\/lv\/wp-json\/wp\/v2\/product"}],"about":[{"href":"https:\/\/v2.intervals.lv\/lv\/wp-json\/wp\/v2\/types\/product"}],"replies":[{"embeddable":true,"href":"https:\/\/v2.intervals.lv\/lv\/wp-json\/wp\/v2\/comments?post=153916"}],"wp:featuredmedia":[{"embeddable":true,"href":"https:\/\/v2.intervals.lv\/lv\/wp-json\/wp\/v2\/media\/154870"}],"wp:attachment":[{"href":"https:\/\/v2.intervals.lv\/lv\/wp-json\/wp\/v2\/media?parent=153916"}],"wp:term":[{"taxonomy":"product_brand","embeddable":true,"href":"https:\/\/v2.intervals.lv\/lv\/wp-json\/wp\/v2\/product_brand?post=153916"},{"taxonomy":"product_cat","embeddable":true,"href":"https:\/\/v2.intervals.lv\/lv\/wp-json\/wp\/v2\/product_cat?post=153916"},{"taxonomy":"product_tag","embeddable":true,"href":"https:\/\/v2.intervals.lv\/lv\/wp-json\/wp\/v2\/product_tag?post=153916"}],"curies":[{"name":"wp","href":"https:\/\/api.w.org\/{rel}","templated":true}]}}