{"id":154248,"date":"2026-02-12T09:40:55","date_gmt":"2026-02-12T07:40:55","guid":{"rendered":"https:\/\/intervals.lv\/?post_type=product&#038;p=154248"},"modified":"2026-03-01T09:08:00","modified_gmt":"2026-03-01T07:08:00","slug":"garmin-varia-seat-rail-mount-kit","status":"publish","type":"product","link":"https:\/\/v2.intervals.lv\/lv\/product\/garmin-varia-seat-rail-mount-kit\/","title":{"rendered":"Garmin Varia Seat Rail Mount Kit"},"content":{"rendered":"<p>Pilnveidojiet sava velosip\u0113da apr\u012bkojumu un optimiz\u0113jiet sader\u012bg\u0101 Varia atpaka\u013cskata radara augstumu, lai p\u0101rliecin\u0101tos, ka esat redzams autobrauc\u0113jiem, kas jums tuvojas. \u0160is papildu stiprin\u0101jumu komplekts \u013cauj velosip\u0113distiem uzst\u0101d\u012bt un instal\u0113t savu sader\u012bgo Varia ier\u012bci zem velosip\u0113da s\u0113dek\u013ca uz standarta s\u0113dek\u013ca slied\u0113m. Uzst\u0101d\u012b\u0161ana ir vienk\u0101r\u0161a, izmantojot 4 mm se\u0161st\u016bra atsl\u0113gu (nav iek\u013cauta).<\/p>\n\n\n<p><\/p>\n","protected":false},"excerpt":{"rendered":"<section id=\"app__tabs__content__overview\" class=\"app__tabs__content__main app__tabs__content__main--active js__app__tabs__content__sec app__tabs__content__main--overview\">\n<article>\n<div class=\"app__tabs__content__wrap js__app__tabs__content\">\n<div class=\"app__render-content\">\n<div class=\"app__overview__intro\" data-translate=\"\">\n<div class=\"app__layout-container app__layout-container--small app__layout-container--light\">\n<div class=\"app__overview__intro__description\">\u0160is papildu stiprin\u0101jumu komplekts \u013cauj velosip\u0113distiem uzst\u0101d\u012bt un instal\u0113t savu sader\u012bgo Varia ier\u012bci zem velosip\u0113da s\u0113dek\u013ca uz standarta s\u0113dek\u013ca slied\u0113m. Uzst\u0101d\u012b\u0161ana ir vienk\u0101r\u0161a, izmantojot 4 mm se\u0161st\u016bra atsl\u0113gu (nav iek\u013cauta).<\/div>\n<\/div>\n<\/div>\n<\/div>\n<\/div>\n<\/article>\n<\/section>\n","protected":false},"featured_media":154262,"comment_status":"open","ping_status":"closed","template":"","meta":[],"product_brand":[943],"product_cat":[681,695,719],"product_tag":[],"class_list":{"0":"post-154248","1":"product","2":"type-product","3":"status-publish","4":"has-post-thumbnail","6":"product_brand-garmin","7":"product_cat-ritenbrauksanai","8":"product_cat-velodatori-un-drosiba","9":"product_cat-varia","11":"first","12":"instock","13":"shipping-taxable","14":"purchasable","15":"product-type-simple"},"composite_virtual":false,"composite_layout":"","composite_add_to_cart_form_location":"","composite_editable_in_cart":false,"composite_sold_individually_context":"","composite_shop_price_calc":"","composite_components":[],"composite_scenarios":[],"_links":{"self":[{"href":"https:\/\/v2.intervals.lv\/lv\/wp-json\/wp\/v2\/product\/154248","targetHints":{"allow":["GET"]}}],"collection":[{"href":"https:\/\/v2.intervals.lv\/lv\/wp-json\/wp\/v2\/product"}],"about":[{"href":"https:\/\/v2.intervals.lv\/lv\/wp-json\/wp\/v2\/types\/product"}],"replies":[{"embeddable":true,"href":"https:\/\/v2.intervals.lv\/lv\/wp-json\/wp\/v2\/comments?post=154248"}],"wp:featuredmedia":[{"embeddable":true,"href":"https:\/\/v2.intervals.lv\/lv\/wp-json\/wp\/v2\/media\/154262"}],"wp:attachment":[{"href":"https:\/\/v2.intervals.lv\/lv\/wp-json\/wp\/v2\/media?parent=154248"}],"wp:term":[{"taxonomy":"product_brand","embeddable":true,"href":"https:\/\/v2.intervals.lv\/lv\/wp-json\/wp\/v2\/product_brand?post=154248"},{"taxonomy":"product_cat","embeddable":true,"href":"https:\/\/v2.intervals.lv\/lv\/wp-json\/wp\/v2\/product_cat?post=154248"},{"taxonomy":"product_tag","embeddable":true,"href":"https:\/\/v2.intervals.lv\/lv\/wp-json\/wp\/v2\/product_tag?post=154248"}],"curies":[{"name":"wp","href":"https:\/\/api.w.org\/{rel}","templated":true}]}}