{"id":17072,"date":"2019-09-27T10:54:05","date_gmt":"2019-09-27T08:54:05","guid":{"rendered":"https:\/\/isostar.lv\/?post_type=product&#038;p=17072"},"modified":"2026-02-15T12:36:10","modified_gmt":"2026-02-15T10:36:10","slug":"isostar-baltymu-milteliai-high-protein-banana-400g","status":"publish","type":"product","link":"https:\/\/v2.intervals.lv\/lv\/product\/isostar-baltymu-milteliai-high-protein-banana-400g\/","title":{"rendered":"Isostar baltym\u0173 milteliai High Protein Banana 400g"},"content":{"rendered":"<p><strong>Isostar High Protein 90 Banana<\/strong> auk\u0161tos kokyb\u0117s baltym\u0173 g\u0117rimo ruo\u0161inys, puikus kalcio, magnio, vitamin\u0173 E, C, B6, B1, B2, PP \u0161altinis. Produktas sukurtas atsi\u017evelgiant \u012f sportinink\u0173 poreikius. Remiantis atliktais tyrimais ir sukauptomis \u017einiomis sukurtu High Protein 90 g\u0117rimu formuojama sportinink\u0173 raumen\u0173 mas\u0117. Reguliari\u0173 fizini\u0173 u\u017esi\u0117mim\u0173 metu vartojamas g\u0117rimas didina raumen\u0173 i\u0161tverm\u0119 ir j\u0117g\u0105. Produktas praturtintas auk\u0161tos biologin\u0117s vert\u0117s pieno baltymais.<\/p>\n<p>Gamintojo svetain\u0117: <a href=\"http:\/\/www.isostar.fr\">isostar.fr<\/a><\/p>\n","protected":false},"excerpt":{"rendered":"<ul>\n<li>Auk\u0161tos kokyb\u0117s baltymai, turintys didel\u0119 biologin\u0119 vert\u0119.<\/li>\n<li>Sud\u0117tyje yra <strong>kalcio ir magnio.<\/strong><\/li>\n<li>Vitaminai E, C, B6, B1, B2, PP.<\/li>\n<li><strong>ISOSTAR Clean Engagement<\/strong> simbolis.<\/li>\n<\/ul>\n","protected":false},"featured_media":101491,"comment_status":"open","ping_status":"closed","template":"","meta":[],"product_brand":[2100],"product_cat":[169,157],"product_tag":[],"class_list":{"0":"post-17072","1":"product","2":"type-product","3":"status-publish","4":"has-post-thumbnail","6":"product_brand-isostar-lt","7":"product_cat-baltymu-gerimai","8":"product_cat-raumenu-ir-fitneso","9":"pa_citi-su-baltymu","10":"pa_garsa-bananu-lt-2","11":"pa_lietosanas-laiks-atsigavimui","12":"pa_lietosanas-merkis-raumenims-fitness","14":"first","15":"instock","16":"shipping-taxable","17":"purchasable","18":"product-type-simple"},"composite_virtual":false,"composite_layout":"","composite_add_to_cart_form_location":"","composite_editable_in_cart":false,"composite_sold_individually_context":"","composite_shop_price_calc":"","composite_components":[],"composite_scenarios":[],"_links":{"self":[{"href":"https:\/\/v2.intervals.lv\/lv\/wp-json\/wp\/v2\/product\/17072","targetHints":{"allow":["GET"]}}],"collection":[{"href":"https:\/\/v2.intervals.lv\/lv\/wp-json\/wp\/v2\/product"}],"about":[{"href":"https:\/\/v2.intervals.lv\/lv\/wp-json\/wp\/v2\/types\/product"}],"replies":[{"embeddable":true,"href":"https:\/\/v2.intervals.lv\/lv\/wp-json\/wp\/v2\/comments?post=17072"}],"wp:featuredmedia":[{"embeddable":true,"href":"https:\/\/v2.intervals.lv\/lv\/wp-json\/wp\/v2\/media\/101491"}],"wp:attachment":[{"href":"https:\/\/v2.intervals.lv\/lv\/wp-json\/wp\/v2\/media?parent=17072"}],"wp:term":[{"taxonomy":"product_brand","embeddable":true,"href":"https:\/\/v2.intervals.lv\/lv\/wp-json\/wp\/v2\/product_brand?post=17072"},{"taxonomy":"product_cat","embeddable":true,"href":"https:\/\/v2.intervals.lv\/lv\/wp-json\/wp\/v2\/product_cat?post=17072"},{"taxonomy":"product_tag","embeddable":true,"href":"https:\/\/v2.intervals.lv\/lv\/wp-json\/wp\/v2\/product_tag?post=17072"}],"curies":[{"name":"wp","href":"https:\/\/api.w.org\/{rel}","templated":true}]}}