{"id":3004,"date":"2017-02-03T13:58:24","date_gmt":"2017-02-03T11:58:24","guid":{"rendered":"http:\/\/isostar.lv\/product\/pulveris-after-sport-reload-chocolate-450g\/"},"modified":"2026-02-06T13:52:50","modified_gmt":"2026-02-06T11:52:50","slug":"isostar-after-sport-reload-chocolate-milteliai-450g","status":"publish","type":"product","link":"https:\/\/v2.intervals.lv\/lv\/product\/isostar-after-sport-reload-chocolate-milteliai-450g\/","title":{"rendered":"Isostar After Sport Reload Chocolate milteliai 450g"},"content":{"rendered":"<p><strong>Isostar After Sport Reload<\/strong> yra \u0161okolado skonio milteliai, skirti atstatan\u010diam g\u0117rimui gaminti. Jame yra angliavandeni\u0173, kurie pad\u0117s k\u016bnui atsigauti po treniruot\u0117s ar var\u017eyb\u0173. G\u0117rime esantys baltymai (20%) padeda palaikyti raumen\u0173 mas\u0119. Tai puikus vitamino B1, vitamino B2, vitamino B6, vitamino C, vitamino E ir vitamino PP, taip pat kalcio ir magnio \u0161altinis. Kalcis ir magnis u\u017etikrina optimali\u0105 raumen\u0173 funkcij\u0105. Vitaminas B2, vitaminas PP, vitaminas B6, vitaminas C ir magnis padeda suma\u017einti nuovarg\u012f. Antidopingo garantija. I\u0161bandyta ir patikrinta formul\u0117.<br \/>\nTai yra maisto papildas. Labai svarbu \u012fvairi ir subalansuota mityba bei sveika gyvensena.<\/p>\n<p>Gamintojo svetain\u0117: <a href=\"http:\/\/www.isostar.fr\">isostar.fr<\/a><\/p>\n","protected":false},"excerpt":{"rendered":"<ul>\n<li>\u0160okolado skonio milteliai.<\/li>\n<li>Baltymai (20%) padeda palaikyti raumen\u0173 mas\u0119.<\/li>\n<li>Vitaminai B1, B2, B6, C, E, PP.<\/li>\n<li>Kalcis ir magnis.<\/li>\n<\/ul>\n","protected":false},"featured_media":54955,"comment_status":"open","ping_status":"closed","template":"","meta":[],"product_brand":[2100],"product_cat":[172,159],"product_tag":[],"class_list":{"0":"post-3004","1":"product","2":"type-product","3":"status-publish","4":"has-post-thumbnail","6":"product_brand-isostar-lt","7":"product_cat-pasiruosimas-ir-atsistatymas","8":"product_cat-stiprinti-organizma","9":"pa_citi-su-baltymu","10":"pa_garsa-sokolado","11":"pa_lietosanas-laiks-atsigavimui","12":"pa_lietosanas-merkis-organisma-stiprinantys-lt","14":"first","15":"instock","16":"shipping-taxable","17":"purchasable","18":"product-type-simple"},"composite_virtual":false,"composite_layout":"","composite_add_to_cart_form_location":"","composite_editable_in_cart":false,"composite_sold_individually_context":"","composite_shop_price_calc":"","composite_components":[],"composite_scenarios":[],"_links":{"self":[{"href":"https:\/\/v2.intervals.lv\/lv\/wp-json\/wp\/v2\/product\/3004","targetHints":{"allow":["GET"]}}],"collection":[{"href":"https:\/\/v2.intervals.lv\/lv\/wp-json\/wp\/v2\/product"}],"about":[{"href":"https:\/\/v2.intervals.lv\/lv\/wp-json\/wp\/v2\/types\/product"}],"replies":[{"embeddable":true,"href":"https:\/\/v2.intervals.lv\/lv\/wp-json\/wp\/v2\/comments?post=3004"}],"wp:featuredmedia":[{"embeddable":true,"href":"https:\/\/v2.intervals.lv\/lv\/wp-json\/wp\/v2\/media\/54955"}],"wp:attachment":[{"href":"https:\/\/v2.intervals.lv\/lv\/wp-json\/wp\/v2\/media?parent=3004"}],"wp:term":[{"taxonomy":"product_brand","embeddable":true,"href":"https:\/\/v2.intervals.lv\/lv\/wp-json\/wp\/v2\/product_brand?post=3004"},{"taxonomy":"product_cat","embeddable":true,"href":"https:\/\/v2.intervals.lv\/lv\/wp-json\/wp\/v2\/product_cat?post=3004"},{"taxonomy":"product_tag","embeddable":true,"href":"https:\/\/v2.intervals.lv\/lv\/wp-json\/wp\/v2\/product_tag?post=3004"}],"curies":[{"name":"wp","href":"https:\/\/api.w.org\/{rel}","templated":true}]}}