{"id":3054,"date":"2017-02-03T13:14:32","date_gmt":"2017-02-03T11:14:32","guid":{"rendered":"http:\/\/isostar.lv\/product\/dzeriens-hydrate-perform-orange-500ml\/"},"modified":"2026-01-31T22:44:41","modified_gmt":"2026-01-31T20:44:41","slug":"isostar-fast-hydration-gerimas-orange-500ml","status":"publish","type":"product","link":"https:\/\/v2.intervals.lv\/lv\/product\/isostar-fast-hydration-gerimas-orange-500ml\/","title":{"rendered":"Isostar Fast hydration g\u0117rimas Orange 500ml"},"content":{"rendered":"<p><strong>Isostar Fast Hydration Orange<\/strong> yra apelsin\u0173 skonio paruo\u0161tas naudoti izotoninis g\u0117rimas, kuris padeda palaikyti sportininko skys\u010di\u0173, energijos ir i\u0161tverm\u0117s poreikius. G\u0117rimo izotonin\u0117 formul\u0117 u\u017etikrina greitesn\u012f skys\u010di\u0173 \u012fsisavinim\u0105 ir skrand\u017eio i\u0161tu\u0161tinim\u0105. Jei naudosite prie\u0161 sportuojant, pasir\u016bpinsite reikalingomis skys\u010di\u0173 atsargomis. Sporto metu &#8211; g\u0117rimas padidins na\u0161um\u0105 ir i\u0161tverm\u0119 bei suma\u017eins vir\u0161kinimo trakto problem\u0173 rizik\u0105. Po sporto &#8211; pagerins atsistatymo proces\u0105.<br \/>\n<strong>Fast Hydration <\/strong>\u2013 puikus energijos ir mikroelement\u0173, ypa\u010d kalcio ir magnio, \u0161altinis. Jie u\u017etikrina veiksming\u0105 raumen\u0173 darb\u0105 sporto metu ir padeda atsigauti. G\u0117rime yra gausu vitamino B1, padedan\u010dio organizmui maistines med\u017eiagas paversti energija. D\u0117l prakti\u0161kos pakuot\u0117s ir \u012fvairi\u0173 skoni\u0173 pasirinkimo \u0161is g\u0117rimas yra itin pam\u0117gtas sportinink\u0173.<\/p>\n<p>Tai yra maisto papildas. Labai svarbu \u012fvairi ir subalansuota mityba bei sveika gyvensena.<\/p>\n<p>Gamintojo svetain\u0117: <a href=\"http:\/\/www.isostar.fr\">www.isostar.fr<\/a><\/p>\n","protected":false},"excerpt":{"rendered":"<ul>\n<li>Sportinis g\u0117rimas \u2013 skys\u010di\u0173 palaikymui, energijai ir i\u0161tvermei.<\/li>\n<li>Be dirbtini\u0173 da\u017eikli\u0173.<\/li>\n<li>Sud\u0117tyje yra tik nat\u016brali\u0173 kvapi\u0173j\u0173 med\u017eiag\u0173.<\/li>\n<li>Sud\u0117tyje yra kalcio ir magnio.<\/li>\n<li>Prakti\u0161ka ir patogi pakuot\u0117.<\/li>\n<\/ul>\n","protected":false},"featured_media":112809,"comment_status":"open","ping_status":"closed","template":"","meta":[],"product_brand":[2100],"product_cat":[166,160],"product_tag":[],"class_list":{"0":"post-3054","1":"product","2":"type-product","3":"status-publish","4":"has-post-thumbnail","6":"product_brand-isostar-lt","7":"product_cat-izotoniniai-gerimai","8":"product_cat-greitos-energijos","9":"pa_garsa-apelsinu-lt","10":"pa_lietosanas-laiks-veikla","11":"pa_lietosanas-laiks-paruosimas","12":"pa_lietosanas-laiks-atsigavimui","13":"pa_lietosanas-merkis-greita-energijos-lt","15":"first","16":"instock","17":"shipping-taxable","18":"purchasable","19":"product-type-simple"},"composite_virtual":false,"composite_layout":"","composite_add_to_cart_form_location":"","composite_editable_in_cart":false,"composite_sold_individually_context":"","composite_shop_price_calc":"","composite_components":[],"composite_scenarios":[],"_links":{"self":[{"href":"https:\/\/v2.intervals.lv\/lv\/wp-json\/wp\/v2\/product\/3054","targetHints":{"allow":["GET"]}}],"collection":[{"href":"https:\/\/v2.intervals.lv\/lv\/wp-json\/wp\/v2\/product"}],"about":[{"href":"https:\/\/v2.intervals.lv\/lv\/wp-json\/wp\/v2\/types\/product"}],"replies":[{"embeddable":true,"href":"https:\/\/v2.intervals.lv\/lv\/wp-json\/wp\/v2\/comments?post=3054"}],"wp:featuredmedia":[{"embeddable":true,"href":"https:\/\/v2.intervals.lv\/lv\/wp-json\/wp\/v2\/media\/112809"}],"wp:attachment":[{"href":"https:\/\/v2.intervals.lv\/lv\/wp-json\/wp\/v2\/media?parent=3054"}],"wp:term":[{"taxonomy":"product_brand","embeddable":true,"href":"https:\/\/v2.intervals.lv\/lv\/wp-json\/wp\/v2\/product_brand?post=3054"},{"taxonomy":"product_cat","embeddable":true,"href":"https:\/\/v2.intervals.lv\/lv\/wp-json\/wp\/v2\/product_cat?post=3054"},{"taxonomy":"product_tag","embeddable":true,"href":"https:\/\/v2.intervals.lv\/lv\/wp-json\/wp\/v2\/product_tag?post=3054"}],"curies":[{"name":"wp","href":"https:\/\/api.w.org\/{rel}","templated":true}]}}