{"id":30779,"date":"2019-09-27T10:54:05","date_gmt":"2019-09-27T08:54:05","guid":{"rendered":"https:\/\/isostar.lv\/shop\/isostar-high-protein-chocolate-700g\/"},"modified":"2026-02-15T12:36:10","modified_gmt":"2026-02-15T10:36:10","slug":"isostar-high-protein-banana-valgupulber-400g","status":"publish","type":"product","link":"https:\/\/v2.intervals.lv\/lv\/product\/isostar-high-protein-banana-valgupulber-400g\/","title":{"rendered":"Isostar High Protein Banana Valgupulber 400g"},"content":{"rendered":"<p><strong>Isostar High Protein 90 Banana <\/strong>m\u00f5eldud spetsiaalselt lihasmassi suurendamiseks. K\u00f5rge valgusisaldusega koostis, mis on m\u00f5eldud lihasmassi arendamiseks ja tugevdamiseks ning lihaste taastamiseks p\u00e4rast intensiivset treeningut. 6 vitamiini (B1, B2, B6, PP, C ja E) ning 2 mineraaliga (kaltsium ja magneesium) rikastatud. Isostar High Protein jook sobib h\u00e4sti kasutamiseks regulaarse f\u00fc\u00fcsilise tegevuse korral. Antioks\u00fcdantsed vitamiinid C ja E v\u00f5itlevad vabade radikaalide vastu, mis tekivad intensiivse treeningu k\u00e4igus.<\/p>\n<p>Kasutada t\u00e4iustamaks mitmekesist ja tasakaalustatud toitumist ja tervislikke eluviise.<\/p>\n<p>Tootja veebisait: <a href=\"http:\/\/www.isostar.fr\"> isostar.fr <\/a><\/p>\n","protected":false},"excerpt":{"rendered":"<ul>\n<li>M\u00f5eldud spetsiaalselt <strong>lihasmassi suurendamiseks.<\/strong><\/li>\n<li>6 vitamiini (B1, B2, B6, PP, C ja E) ning 2 mineraaliga (<strong>kaltsium <\/strong>ja <strong>magneesium<\/strong>)<\/li>\n<li><strong> ISOSTAR Clean Engagement <\/strong> s\u00fcmbol.<\/li>\n<\/ul>\n","protected":false},"featured_media":101490,"comment_status":"open","ping_status":"closed","template":"","meta":[],"product_brand":[2102],"product_cat":[473,466],"product_tag":[],"class_list":{"0":"post-30779","1":"product","2":"type-product","3":"status-publish","4":"has-post-thumbnail","6":"product_brand-isostar-ee","7":"product_cat-valgujoogid","8":"product_cat-lihastele-ja-fitnessiks","9":"pa_citi-valguga","10":"pa_garsa-banaani","11":"pa_lietosanas-laiks-enne","12":"pa_lietosanas-merkis-lihastele-fitnessile","14":"first","15":"instock","16":"shipping-taxable","17":"purchasable","18":"product-type-simple"},"composite_virtual":false,"composite_layout":"","composite_add_to_cart_form_location":"","composite_editable_in_cart":false,"composite_sold_individually_context":"","composite_shop_price_calc":"","composite_components":[],"composite_scenarios":[],"_links":{"self":[{"href":"https:\/\/v2.intervals.lv\/lv\/wp-json\/wp\/v2\/product\/30779","targetHints":{"allow":["GET"]}}],"collection":[{"href":"https:\/\/v2.intervals.lv\/lv\/wp-json\/wp\/v2\/product"}],"about":[{"href":"https:\/\/v2.intervals.lv\/lv\/wp-json\/wp\/v2\/types\/product"}],"replies":[{"embeddable":true,"href":"https:\/\/v2.intervals.lv\/lv\/wp-json\/wp\/v2\/comments?post=30779"}],"wp:featuredmedia":[{"embeddable":true,"href":"https:\/\/v2.intervals.lv\/lv\/wp-json\/wp\/v2\/media\/101490"}],"wp:attachment":[{"href":"https:\/\/v2.intervals.lv\/lv\/wp-json\/wp\/v2\/media?parent=30779"}],"wp:term":[{"taxonomy":"product_brand","embeddable":true,"href":"https:\/\/v2.intervals.lv\/lv\/wp-json\/wp\/v2\/product_brand?post=30779"},{"taxonomy":"product_cat","embeddable":true,"href":"https:\/\/v2.intervals.lv\/lv\/wp-json\/wp\/v2\/product_cat?post=30779"},{"taxonomy":"product_tag","embeddable":true,"href":"https:\/\/v2.intervals.lv\/lv\/wp-json\/wp\/v2\/product_tag?post=30779"}],"curies":[{"name":"wp","href":"https:\/\/api.w.org\/{rel}","templated":true}]}}