{"id":30808,"date":"2019-07-19T15:44:20","date_gmt":"2019-07-19T13:44:20","guid":{"rendered":"https:\/\/isostar.lv\/shop\/isostar-cereal-max-energy-apple-apricot-55g\/"},"modified":"2026-01-05T17:22:51","modified_gmt":"2026-01-05T15:22:51","slug":"isostar-cereal-max-energy-apple-apricot-batoon-55g","status":"publish","type":"product","link":"https:\/\/v2.intervals.lv\/lv\/product\/isostar-cereal-max-energy-apple-apricot-batoon-55g\/","title":{"rendered":"Isostar Cereal Max Energy Apple Apricot Batoon 55g"},"content":{"rendered":"<p>\u00d5una- ja aprikoosimaitseline energiabatoon <strong>Isostar Cereal Max Energy Apple Apricot <\/strong>annab sportlasele vajalikke toitaineid \u2013 et tagada kestev energia ja vastupidavus. Valgud (16%) aitavad s\u00e4ilitada lihasmassi, liht- ja liits\u00fcsivesikud (60%) annavad kehale vajalikku energiat ja lipiidid (23%) pakuvad pikema treeningu ajal lisaenergiat. Energiabatoon sisaldab rikkalikult vitamiine \u2013 B1-, B2-, PP-, B6-, ja C-vitamiini. C-, B2-, PP- ja P6-vitamiin aitavad leevendada v\u00e4simust. B1-, PP- ja B6-vitamiin aitavad kehal toitaineid energiaks muundada. C-, E- ja B2-vitamiin kaitsevad rakke oks\u00fcdatiivse stressi eest. B6-vitamiin soodustab punaste vereliblede teket, mis on olulised kudede, sealhulgas lihaskoe hapnikuga varustamisel. Toode vastab dopinguvastastele n\u00f5uetele. Energiabatoon Isostar Cereal Max Energy Apple Apricot sobib ideaalselt hommikus\u00f6\u00f6giks.<\/p>\n<p>Tootja veebisait: <a href=\"http:\/\/www.isostar.fr\"> isostar.fr <\/a><\/p>\n","protected":false},"excerpt":{"rendered":"<ul>\n<li>C-, B2-, PP- ja B6-vitamiin aitavad v\u00e4hendada v\u00e4simust.<\/li>\n<li>B6-vitamiin soodustab punaste vereliblede teket, mis on olulised lihaskoe varustamisel hapnikuga.<\/li>\n<li>16% valku \u2013 aitab s\u00e4ilitada lihasmassi.<\/li>\n<li>60% liht- ja liits\u00fcsivesikuid tagab vajaliku energia.<\/li>\n<li>Sobib pikaajalise intensiivse koormuse puhul.<\/li>\n<li>Sobib suurep\u00e4raselt hommikus\u00f6\u00f6giks.<\/li>\n<\/ul>\n","protected":false},"featured_media":130634,"comment_status":"open","ping_status":"closed","template":"","meta":[],"product_brand":[2102],"product_cat":[471,465],"product_tag":[],"class_list":{"0":"post-30808","1":"product","2":"type-product","3":"status-publish","4":"has-post-thumbnail","6":"product_brand-isostar-ee","7":"product_cat-energiabatoonid","8":"product_cat-kauakestev-energia","9":"pa_garsa-aprikoosi","10":"pa_garsa-ouna","11":"pa_lietosanas-laiks-parast","12":"pa_lietosanas-merkis-ilgstosai-energijai-et","14":"first","15":"instock","16":"shipping-taxable","17":"purchasable","18":"product-type-simple"},"composite_virtual":false,"composite_layout":"","composite_add_to_cart_form_location":"","composite_editable_in_cart":false,"composite_sold_individually_context":"","composite_shop_price_calc":"","composite_components":[],"composite_scenarios":[],"_links":{"self":[{"href":"https:\/\/v2.intervals.lv\/lv\/wp-json\/wp\/v2\/product\/30808","targetHints":{"allow":["GET"]}}],"collection":[{"href":"https:\/\/v2.intervals.lv\/lv\/wp-json\/wp\/v2\/product"}],"about":[{"href":"https:\/\/v2.intervals.lv\/lv\/wp-json\/wp\/v2\/types\/product"}],"replies":[{"embeddable":true,"href":"https:\/\/v2.intervals.lv\/lv\/wp-json\/wp\/v2\/comments?post=30808"}],"wp:featuredmedia":[{"embeddable":true,"href":"https:\/\/v2.intervals.lv\/lv\/wp-json\/wp\/v2\/media\/130634"}],"wp:attachment":[{"href":"https:\/\/v2.intervals.lv\/lv\/wp-json\/wp\/v2\/media?parent=30808"}],"wp:term":[{"taxonomy":"product_brand","embeddable":true,"href":"https:\/\/v2.intervals.lv\/lv\/wp-json\/wp\/v2\/product_brand?post=30808"},{"taxonomy":"product_cat","embeddable":true,"href":"https:\/\/v2.intervals.lv\/lv\/wp-json\/wp\/v2\/product_cat?post=30808"},{"taxonomy":"product_tag","embeddable":true,"href":"https:\/\/v2.intervals.lv\/lv\/wp-json\/wp\/v2\/product_tag?post=30808"}],"curies":[{"name":"wp","href":"https:\/\/api.w.org\/{rel}","templated":true}]}}