{"id":30819,"date":"2019-05-03T11:41:05","date_gmt":"2019-05-03T09:41:05","guid":{"rendered":"https:\/\/isostar.lv\/shop\/isostar-sporta-batonini-x-60\/"},"modified":"2025-05-21T09:00:22","modified_gmt":"2025-05-21T07:00:22","slug":"isostar-spordibatoonid-x-60","status":"publish","type":"product","link":"https:\/\/v2.intervals.lv\/lv\/product\/isostar-spordibatoonid-x-60\/","title":{"rendered":"Isostar spordibatoonid x 60"},"content":{"rendered":"<h4><strong> Enndurance+ Cereal &amp; Fruit 40 g <\/strong><\/h4>\n<p>Energiabatoon <strong>Isostar Endurance Bar Cereal &amp; Fruit<\/strong> on valmistatud teravilja ja kuivatatud puuviljade baasil. See sisaldab liht- ja liits\u00fcsivesikuid, mis annavad vajalikku energiat kestva koormuse ajal. Energiabatoon sisaldab rikkalikult B1-, B2-, PP-, B6-, C- ja E-vitamiini, mis aitavad treenimise ajal toitaineid energiaks muundada, samuti kaitseb keharakke vabade radikaalide m\u00f5ju eest. B6-vitamiin osaleb punaste vereliblede moodustamisel. Neil on oluline roll lihaskoe varustamisel hapnikuga. Isostar Endurance Bar Cereal &amp; Fruit sobib sportlastele pikkade treeningute ajal. Tarbige energiabatooni 3\u20131,5 tundi enne treeningut ja treeningu ajal.<\/p>\n<h4 style=\"text-align: \u00f5igusta;\"><strong> Energy Cereals &amp; Banana 40 g <\/strong><\/h4>\n<p><strong>Energy Cereals &amp; Banana<\/strong> Banaanimaitseline energiabatoon sisaldab keerukate ja komplekssete s\u00fcsivesikute kompleksi, mis annavad energiat intensiivsete ja pikaajaliste koormuste ajal. Energiabatoon on rikas B1-, B2-vitamiini, PP-vitamiini, C- ja E-vitamiini poolest. B2-, B6- ja C-vitamiinid aitavad tagada optimaalse energiavahetuse v\u00f5i muundada toitained energiaks ning v\u00e4hendada v\u00e4simust ja v\u00e4simust. E-vitamiin aitab kaitsta rakke oks\u00fcdatiivse stressi eest. Energiabatoon giavarras sisaldab v\u00e4hesel m\u00e4\u00e4ral lipiide, mis parandab imendumise kiirust. Sobib kasutamiseks enne treeningut (3h kuni 1h30 min enne) v\u00f5i treeningu ajal.<\/p>\n<h4 style=\"text-align: \u00f5igusta;\"><strong> Energy Cereals &amp; Chocolate 35g <\/strong><\/h4>\n<p><strong>Energy Bar Cereals &amp; Chocolate<\/strong> ja teravilja maitsega \u0161okolaadi energiabatoon sisaldab keerukate ja komplekssete s\u00fcsivesikute kompleksi, mis annab energiat intensiivsete ja pikaajaliste koormuste ajal. Energiabatoon sisaldab rikkalikult annust B1-vitamiini, B2-vitamiini, PP-vitamiini, C-vitamiini ja E-vitamiini. B2-, B6- ja C-vitamiinid aitavad tagada optimaalse energiavahetuse v\u00f5i muundada toitained energiaks ning v\u00e4hendada v\u00e4simust ja v\u00e4simust. E-vitamiin aitab kaitsta rakke oks\u00fcdatiivse stressi eest. Energiavarras sisaldab v\u00e4hesel m\u00e4\u00e4ral lipiide, mis parandab imendumise kiirust. Sobib kasutamiseks enne treeningut (3h kuni 1h30 min enne) v\u00f5i treeningu ajal.<\/p>\n<h4><strong> Energy Raisin Cranberry 40g <\/strong><\/h4>\n<p><strong>Energy Bar Raisin Cranberry<\/strong> rosina ja j\u00f5hvikamaitselise j\u00f5hvika energiabatoon sisaldab keerukate ja komplekssete s\u00fcsivesikute kompleksi, mis annavad energiat intensiivsete ja pikaajaliste koormuste ajal. Nad on rikkad vitamiinide B1, B2, vitamiini PP, C- ja E-vitamiini poolest. Vitamiinid B2, B6 ja C aitavad tagada optimaalse energiavahetuse v\u00f5i muundada toitaineid energiaks ning v\u00e4hendada v\u00e4simust ja v\u00e4simust. E-vitamiin aitab kaitsta rakke oks\u00fcdatiivse stressi eest. Energiavarras sisaldab v\u00e4hesel m\u00e4\u00e4ral lipiide, mis parandab imendumise kiirust. Sobib kasutamiseks enne treeningut (3h kuni 1h30 min enne) v\u00f5i treeningu ajal.<br \/>\nKasutage tervisliku eluviisi ja tasakaalustatud toitumise lisana.<\/p>\n<h4><strong> High Protein 25 Strawberry 35g <\/strong><\/h4>\n<p><strong>High Protein maasikamahlaga batoon<\/strong> spetsiaalselt loodud selleks, et pakkuda lihasmassi loomiseks t\u00e4iendavaid valke. K\u00f5rge valgusisaldus (25%),m\u00f5eldud lihaste s\u00e4ilitamiseks ja arendamiseks k\u00f5ikidel spordialadel. E-, C-, B1-, B2-, B6-, PP-vitamiinid aitavad taastada j\u00f5upingutusest tekkinud kadu ning soodustavad s\u00fcsivesikute omastamist.<br \/>\nIdeaalne lihasj\u00f5u s\u00e4ilitamiseks ja eriti lihasmassi suurendamiseks, tarbida eraldi v\u00f5i lisaks pulbristatud valkudele. V\u00f5ib s\u00fc\u00fca enne f\u00fc\u00fcsilist tegevust, selle ajal v\u00f5i p\u00e4rast seda.<\/p>\n<h4 style=\"text-align: \u00f5igusta;\"><strong> Reload Chocolate 40 g <\/strong><\/h4>\n<p><strong>Reload Sport Chocolate<\/strong> on m\u00f5eldud sportlastele taastumisfaasi kiirendamiseks, eriti vastupidavusalade puhul. Batoon sisaldab v\u00e4hemalt 25% valke, mis aitavad valgus\u00fcnteesil ja lihaste taastumisel kohe p\u00e4rast treeningut alata. S\u00fcsivesikud aitavad kehal gl\u00fckogeenivarusid taastada, laadides keha uuesti energiaga; vitamiinid ja mineraalid asendavad treeningul higistamisega kaotatud aineid. \u0160okolaadimaitselist batooni on lihtne k\u00f5ikjal kaasas kanda &#8211; see aitab iga\u00fchel taastumisperioodi efektiivseks ja nauditavaks muuta.<\/p>\n<p>Tootja veebisait: <a href=\"http:\/\/www.isostar.fr\"> isostar.fr <\/a><\/p>\n","protected":false},"excerpt":{"rendered":"<p>Komplekt sisaldab 60 teie valitud baari &#8211; saate neid vastavalt vajadusele kombineerida, valides mitme identse v\u00f5i erineva riba vahel.<\/p>\n<p>Saadaolevad batoonide t\u00fc\u00fcbid<br \/>\n&#8211; Endurance+ Cereal &amp; Fruit 40g<br \/>\n&#8211; Energy Cereals &amp; Banana 40g<br \/>\n&#8211; Energy Cereals &amp; Chocolate 35g<br \/>\n&#8211; Energy Raisin Cranberry 40g<br \/>\n&#8211; High Protein 25 Strawberry 35g<br \/>\n&#8211; High Protein 25 Hazelnut 35g<br \/>\n&#8211; High Protein 25 Joghurt 35g<br \/>\n&#8211; Reload Chocolate 40g<\/p>\n","protected":false},"featured_media":87993,"comment_status":"open","ping_status":"closed","template":"","meta":[],"product_brand":[2102],"product_cat":[469,460,461,471],"product_tag":[],"class_list":{"0":"post-30819","1":"product","2":"type-product","3":"status-publish","4":"has-post-thumbnail","6":"product_brand-isostar-ee","7":"product_cat-outlet-et","8":"product_cat-komplektid","9":"product_cat-ostke-hulgi","10":"product_cat-energiabatoonid","12":"first","13":"instock","14":"sale","15":"shipping-taxable","16":"purchasable","17":"product-type-composite"},"composite_virtual":false,"composite_layout":"paged-componentized","composite_add_to_cart_form_location":"after_summary","composite_editable_in_cart":true,"composite_sold_individually_context":"product","composite_shop_price_calc":"min_max","composite_components":[{"id":"1502192077","title":"1","description":"","query_type":"product_ids","query_ids":[30967,30964,30961,30976,31838,37406,41794,41804],"default_option_id":30967,"thumbnail_id":40938,"thumbnail_src":"https:\/\/v2.intervals.lv\/wp-content\/uploads\/2019\/05\/Artboard-42.png","quantity_min":10,"quantity_max":10,"priced_individually":false,"shipped_individually":false,"optional":false,"discount":30,"options_style":"thumbnails","pagination_style":"classic","display_prices":"absolute","show_sorting_options":false,"show_filtering_options":false,"attribute_filter_ids":[],"select_action":"transition","product_title_visible":true,"product_descr_visible":true,"product_price_visible":true,"product_thumb_visible":true,"subtotal_visible_product":true,"subtotal_visible_cart":true,"subtotal_visible_orders":true},{"id":"1502192078","title":"2","description":"","query_type":"product_ids","query_ids":[30967,30964,30961,30976,31838,37406,41794,41804],"default_option_id":30964,"thumbnail_id":40938,"thumbnail_src":"https:\/\/v2.intervals.lv\/wp-content\/uploads\/2019\/05\/Artboard-42.png","quantity_min":10,"quantity_max":10,"priced_individually":false,"shipped_individually":false,"optional":false,"discount":30,"options_style":"thumbnails","pagination_style":"classic","display_prices":"absolute","show_sorting_options":false,"show_filtering_options":false,"attribute_filter_ids":[],"select_action":"transition","product_title_visible":true,"product_descr_visible":true,"product_price_visible":true,"product_thumb_visible":true,"subtotal_visible_product":true,"subtotal_visible_cart":true,"subtotal_visible_orders":true},{"id":"1502193505","title":"3","description":"","query_type":"product_ids","query_ids":[30967,30964,30961,30976,31838,37406,41794,41804],"default_option_id":30961,"thumbnail_id":40938,"thumbnail_src":"https:\/\/v2.intervals.lv\/wp-content\/uploads\/2019\/05\/Artboard-42.png","quantity_min":10,"quantity_max":10,"priced_individually":false,"shipped_individually":false,"optional":false,"discount":30,"options_style":"thumbnails","pagination_style":"classic","display_prices":"absolute","show_sorting_options":false,"show_filtering_options":false,"attribute_filter_ids":[],"select_action":"transition","product_title_visible":true,"product_descr_visible":true,"product_price_visible":true,"product_thumb_visible":true,"subtotal_visible_product":true,"subtotal_visible_cart":true,"subtotal_visible_orders":true},{"id":"1502193506","title":"4","description":"","query_type":"product_ids","query_ids":[30967,30964,30961,30976,31838,37406,41794,41804],"default_option_id":30976,"thumbnail_id":40938,"thumbnail_src":"https:\/\/v2.intervals.lv\/wp-content\/uploads\/2019\/05\/Artboard-42.png","quantity_min":10,"quantity_max":10,"priced_individually":false,"shipped_individually":false,"optional":false,"discount":30,"options_style":"thumbnails","pagination_style":"classic","display_prices":"absolute","show_sorting_options":false,"show_filtering_options":false,"attribute_filter_ids":[],"select_action":"transition","product_title_visible":true,"product_descr_visible":true,"product_price_visible":true,"product_thumb_visible":true,"subtotal_visible_product":true,"subtotal_visible_cart":true,"subtotal_visible_orders":true},{"id":"1502193507","title":"5","description":"","query_type":"product_ids","query_ids":[30967,30964,30961,30976,31838,37406,41794,41804],"default_option_id":31838,"thumbnail_id":40938,"thumbnail_src":"https:\/\/v2.intervals.lv\/wp-content\/uploads\/2019\/05\/Artboard-42.png","quantity_min":10,"quantity_max":10,"priced_individually":false,"shipped_individually":false,"optional":false,"discount":30,"options_style":"thumbnails","pagination_style":"classic","display_prices":"absolute","show_sorting_options":false,"show_filtering_options":false,"attribute_filter_ids":[],"select_action":"transition","product_title_visible":true,"product_descr_visible":true,"product_price_visible":true,"product_thumb_visible":true,"subtotal_visible_product":true,"subtotal_visible_cart":true,"subtotal_visible_orders":true},{"id":"1565620187","title":"6","description":"","query_type":"product_ids","query_ids":[30967,30964,30961,30976,31838,41794,41804,37406],"default_option_id":37406,"thumbnail_id":40938,"thumbnail_src":"https:\/\/v2.intervals.lv\/wp-content\/uploads\/2019\/05\/Artboard-42.png","quantity_min":10,"quantity_max":10,"priced_individually":false,"shipped_individually":false,"optional":false,"discount":30,"options_style":"thumbnails","pagination_style":"classic","display_prices":"absolute","show_sorting_options":false,"show_filtering_options":false,"attribute_filter_ids":[],"select_action":"transition","product_title_visible":true,"product_descr_visible":true,"product_price_visible":true,"product_thumb_visible":true,"subtotal_visible_product":true,"subtotal_visible_cart":true,"subtotal_visible_orders":true}],"composite_scenarios":[],"_links":{"self":[{"href":"https:\/\/v2.intervals.lv\/lv\/wp-json\/wp\/v2\/product\/30819","targetHints":{"allow":["GET"]}}],"collection":[{"href":"https:\/\/v2.intervals.lv\/lv\/wp-json\/wp\/v2\/product"}],"about":[{"href":"https:\/\/v2.intervals.lv\/lv\/wp-json\/wp\/v2\/types\/product"}],"replies":[{"embeddable":true,"href":"https:\/\/v2.intervals.lv\/lv\/wp-json\/wp\/v2\/comments?post=30819"}],"wp:featuredmedia":[{"embeddable":true,"href":"https:\/\/v2.intervals.lv\/lv\/wp-json\/wp\/v2\/media\/87993"}],"wp:attachment":[{"href":"https:\/\/v2.intervals.lv\/lv\/wp-json\/wp\/v2\/media?parent=30819"}],"wp:term":[{"taxonomy":"product_brand","embeddable":true,"href":"https:\/\/v2.intervals.lv\/lv\/wp-json\/wp\/v2\/product_brand?post=30819"},{"taxonomy":"product_cat","embeddable":true,"href":"https:\/\/v2.intervals.lv\/lv\/wp-json\/wp\/v2\/product_cat?post=30819"},{"taxonomy":"product_tag","embeddable":true,"href":"https:\/\/v2.intervals.lv\/lv\/wp-json\/wp\/v2\/product_tag?post=30819"}],"curies":[{"name":"wp","href":"https:\/\/api.w.org\/{rel}","templated":true}]}}