{"id":30831,"date":"2018-02-16T15:38:15","date_gmt":"2018-02-16T13:38:15","guid":{"rendered":"https:\/\/isostar.lv\/shop\/isostar-hydrate-perform-lemon-ecosize-1-5kg\/"},"modified":"2026-03-01T07:31:48","modified_gmt":"2026-03-01T05:31:48","slug":"isostar-hydrate-perform-ecosize-lemon-pulber-1-5kg","status":"publish","type":"product","link":"https:\/\/v2.intervals.lv\/lv\/product\/isostar-hydrate-perform-ecosize-lemon-pulber-1-5kg\/","title":{"rendered":"Isostar Hydrate &#038; Perform Ecosize Lemon pulber 1.5kg"},"content":{"rendered":"\n<p><strong>Isostar Ecosize Hydrate &amp; Perform Lemon <\/strong>izotoniska elektrol\u012btu dz\u0113riena pulveris, ir paredz\u0113ts, lai sportistam, pirms, p\u0113c un slodzes laik\u0101, nodro\u0161in\u0101tu nepiecie\u0161amo \u0161\u0137idruma, ener\u0123ijas un mikroelementu daudzumu organism\u0101. \u012apa\u0161\u0101 izotonisk\u0101 formula nodro\u0161ina \u0101tr\u0101ku \u0161\u0137idruma uzs\u016bk\u0161anos organism\u0101. Dzerot pirms slodzes, J\u016bs nodro\u0161in\u0101siet nepiecie\u0161am\u0101s \u0161\u0137idruma rezerves.<\/p>\n\n<p>\u0160\u0137idruma uz\u0146em\u0161ana slodzes laik\u0101 pal\u012bdz\u0113s uzlabot sniegumu un iztur\u012bbu, samazinot ku\u0146\u0123a \u2013 zarnu trakta probl\u0113mu risku. Lietojot produktu p\u0113c slodzes, nodro\u0161in\u0101siet lab\u0101ku atjauno\u0161an\u0101s procesu. Izotoniskais dz\u0113riens, zin\u0101ms ar\u012b k\u0101 elektrol\u012btu vai ener\u0123ijas dz\u0113riens, ir lielisks ener\u0123ijas un mikroelementu avots, \u012bpa\u0161i, kalcijs un magnijs \u2013 nodro\u0161ina musku\u013cu darb\u012bbu slodzes un atjauno\u0161an\u0101s laik\u0101. T\u0101 sast\u0101v\u0101 ir bag\u0101t\u012bga B1 vitam\u012bna deva, kas nodro\u0161ina bar\u012bbas vielu p\u0101rv\u0113r\u0161anu ener\u0123ij\u0101.<\/p>\n\n<p>Ra\u017eot\u0101ja m\u0101jaslapa: <a href=\"http:\/\/www.isostar.fr\">isostar.fr<\/a><\/p>\n\n<div style=\"position:relative;max-width:800px;margin:0 auto 20px;\">\n  <a href=\"https:\/\/www.youtube.com\/watch?v=JWs0KrSN_qE\" target=\"_blank\" rel=\"noopener noreferrer\" style=\"display:block;position:relative;\">\n    <img decoding=\"async\" src=\"https:\/\/v2.intervals.lv\/wp-content\/uploads\/youtube-thumbnails\/JWs0KrSN_qE.jpg\" alt=\"Skat\u012bties video YouTube\" style=\"width:100%;height:auto;border-radius:8px;box-shadow:0 4px 12px rgba(0,0,0,0.15);\"\/>\n    <div style=\"position:absolute;top:50%;left:50%;transform:translate(-50%,-50%);width:80px;height:80px;background:rgba(255,0,0,0.9);border-radius:50%;display:flex;align-items:center;justify-content:center;box-shadow:0 4px 12px rgba(0,0,0,0.3);\">\n      <div style=\"width:0;height:0;border-left:30px solid white;border-top:18px solid transparent;border-bottom:18px solid transparent;margin-left:8px;\"><\/div>\n    <\/div>\n  <\/a>\n<\/div>\n","protected":false},"excerpt":{"rendered":"<ul>\n<li>Isotooniline s\u00fcsivesikute ja elektrol\u00fc\u00fctide jook.<\/li>\n<li>Optimaalne keha h\u00fcdratsioon treeningu ja v\u00f5istluste ajal.<\/li>\n<li>Ilma v\u00e4rvaineteta.<\/li>\n<li>Looduslikud maitseained.<\/li>\n<li>Sisaldab kaltsiumi, magneesiumi ja naatriumi ning B1-vitamiini.<\/li>\n<li>\u00dcks pakend: 1.5 kg<\/li>\n<\/ul>\n","protected":false},"featured_media":40448,"comment_status":"open","ping_status":"closed","template":"","meta":[],"product_brand":[2102],"product_cat":[472,468],"product_tag":[],"class_list":{"0":"post-30831","1":"product","2":"type-product","3":"status-publish","4":"has-post-thumbnail","6":"product_brand-isostar-ee","7":"product_cat-isotoonilised-joogid","8":"product_cat-kiireks-energiaks","9":"pa_garsa-sidruni","10":"pa_lietosanas-laiks-ajal","11":"pa_lietosanas-laiks-parast","12":"pa_lietosanas-merkis-atrai-energijai-et","14":"first","15":"instock","16":"shipping-taxable","17":"purchasable","18":"product-type-simple"},"composite_virtual":false,"composite_layout":"","composite_add_to_cart_form_location":"","composite_editable_in_cart":false,"composite_sold_individually_context":"","composite_shop_price_calc":"","composite_components":[],"composite_scenarios":[],"_links":{"self":[{"href":"https:\/\/v2.intervals.lv\/lv\/wp-json\/wp\/v2\/product\/30831","targetHints":{"allow":["GET"]}}],"collection":[{"href":"https:\/\/v2.intervals.lv\/lv\/wp-json\/wp\/v2\/product"}],"about":[{"href":"https:\/\/v2.intervals.lv\/lv\/wp-json\/wp\/v2\/types\/product"}],"replies":[{"embeddable":true,"href":"https:\/\/v2.intervals.lv\/lv\/wp-json\/wp\/v2\/comments?post=30831"}],"wp:featuredmedia":[{"embeddable":true,"href":"https:\/\/v2.intervals.lv\/lv\/wp-json\/wp\/v2\/media\/40448"}],"wp:attachment":[{"href":"https:\/\/v2.intervals.lv\/lv\/wp-json\/wp\/v2\/media?parent=30831"}],"wp:term":[{"taxonomy":"product_brand","embeddable":true,"href":"https:\/\/v2.intervals.lv\/lv\/wp-json\/wp\/v2\/product_brand?post=30831"},{"taxonomy":"product_cat","embeddable":true,"href":"https:\/\/v2.intervals.lv\/lv\/wp-json\/wp\/v2\/product_cat?post=30831"},{"taxonomy":"product_tag","embeddable":true,"href":"https:\/\/v2.intervals.lv\/lv\/wp-json\/wp\/v2\/product_tag?post=30831"}],"curies":[{"name":"wp","href":"https:\/\/api.w.org\/{rel}","templated":true}]}}