{"id":30834,"date":"2017-08-08T11:34:36","date_gmt":"2017-08-08T09:34:36","guid":{"rendered":"https:\/\/isostar.lv\/shop\/isostar-sporta-batonini-x-30\/"},"modified":"2026-02-01T08:13:02","modified_gmt":"2026-02-01T06:13:02","slug":"isostar-spordibatoonid-x-30","status":"publish","type":"product","link":"https:\/\/v2.intervals.lv\/lv\/product\/isostar-spordibatoonid-x-30\/","title":{"rendered":"Isostar spordibatoonid x 30"},"content":{"rendered":"<p>ISOSTAR spordibatoonid sobivad sportlaste vajadustele kasutamiseks enne treeningut v\u00f5i v\u00f5istlust, treeningu ajal v\u00f5i p\u00e4rast v\u00f5istlust. Spordibatoonid on rikastatud vitamiinidega nagu B1-, B2-, PP-, B6-, C- ja E-vitamiin ning mineraalidega nagu kaalium ja kaltsium, pakkudes sportlase kehale treeningu ajal vajalikku energiat. Baar on ka suurep\u00e4rane treeningueelsete einete asendaja ja sellel on suurep\u00e4rane maitse. Isostar pakub baare erinevate sportlaste vajaduste jaoks &#8211; kiireks energiaks v\u00f5i kehalise aktiivsuse paranemiseks v\u00f5i lihasmassi s\u00e4ilitamiseks v\u00f5i suurendamiseks.<\/p>\n<h4><strong> Enndurance+ Cereal &amp; Fruit 40 g <\/strong><\/h4>\n<p>Tera- ja puuviljamaitseline baar &#8211; sisaldab lihtsaid ja painutatud s\u00fcsivesikuid, mis annavad pika energiaga vajaliku energia. See on rikas B1-, B2-vitamiini, PP-vitamiini, B6-vitamiini, C- ja E-vitamiini poolest, mis aitab treenimise ajal toitaineid energiaks muundada, samuti kaitseb keha rakke vabade radikaalide m\u00f5ju eest. B6-vitamiin osaleb punaste vereliblede moodustumisel. Neil on oluline roll hapniku tungimisel lihaskoesse. See latt sobib k\u00f5rge klassi sportlastele kasutamiseks pikkade koormuste ajal.<\/p>\n<h4 style=\"text-align: \u00f5igusta;\"><strong> Energy Banana 40 g <\/strong><\/h4>\n<p>Banaanimaitseline baar &#8211; sisaldab lihtsate ja keeruliste s\u00fcsivesikute kompleksi, mis annavad energiat intensiivsete ja pikaajaliste koormuste ajal. Nad on rikkad B1-vitamiini, B2-vitamiini, PP-vitamiini, C-vitamiini ja E-vitamiini, mis aitavad toitaineid ringlusse v\u00f5tta energiaks ja kaitsevad rakke vabade radikaalide eest. Need sisaldavad madalat lipiidide taset, mis parandab imendumise kiirust.<\/p>\n<h4 style=\"text-align: \u00f5igusta;\"><strong> Energy Cereals and Chocolate 35g <\/strong><\/h4>\n<p>Tera- ja \u0161okolaadimaitsega baar &#8211; sisaldab lihtsate ja keeruliste s\u00fcsivesikute segu, mis kiire ja pikaajalise koormuse ajal tagab s\u00fcsivesikute kiire assimilatsiooni ja regeneratsiooni. B1- ja PP-vitamiin tagavad hea energiavahetuse. C-vitamiin, B2-vitamiin, B6-vitamiin ja PP-vitamiin aitavad v\u00e4hendada v\u00e4simust.<\/p>\n<h4><strong> Energy Raisin Cranberry 40g <\/strong><\/h4>\n<p>Rosina- ja j\u00f5hvikamaitseline batoon &#8211; sisaldab lihtsate ja keeruliste s\u00fcsivesikute kompleksi, mis annavad energiat intensiivsete ja pikaajaliste koormuste ajal. Nad on rikkad B1-vitamiini, B2-vitamiini, PP-vitamiini, C- ja E-vitamiini, mis aitavad toitaineid ringlusse v\u00f5tta energiaks, samuti kaitsevad rakke vabade radikaalide m\u00f5ju eest. Need sisaldavad madalat lipiidide taset, mis parandab imendumise kiirust.<\/p>\n<h4 style=\"text-align: \u00f5igusta;\"><strong> High Protein 25 Strawberry 35g <\/strong><\/h4>\n<p>Maasikamaitseline batoon &#8211; sobib eriti h\u00e4sti regenereerimisprotsesside edendamiseks. Selle valk (25%) aitab lihaseid p\u00e4rast intensiivset treeningut s\u00e4ilitada ja taastada. S\u00fcsivesikud aitavad taastada ammendunud gl\u00fckogeenivarusid. Baar sisaldab ka treeningu ajal tarbitud vitamiine. B1-vitamiini, B6-vitamiini ja PP-vitamiini on organismile vaja toitainete energiaks muundamiseks, B2-vitamiin ja B6-vitamiin osalevad punaste vereliblede moodustamisel. Nende \u00fclesandeks on lihaste hapnikuga varustamine. B6-vitamiin on vajalik valkude ja gl\u00fckogeeni metabolismiks. C- ja E-vitamiin on antioks\u00fcdandid, mis kaitsevad keha rakke vabade radikaalide eest<\/p>\n<h3 style=\"text-align: \u00f5igusta;\"><strong> Reload Chocolate 40 g <\/strong><\/h3>\n<p>\u0160okolaadivarras &#8211; spetsiaalselt sportlaste jaoks taastumisprotsessi optimeerimiseks, eriti kestvusspordis. Selle valk (25%) aitab s\u00e4ilitada ja taastada lihasmahtu. S\u00fcsivesikud aitavad taastada ammendunud gl\u00fckogeenivarusid. Baaris olevad vitamiinid ja mineraalid kompenseerivad aktiivse spordi ajal higistamisest tekkinud kaotused. B1-vitamiin, B2-vitamiin, B6-vitamiin ja PP-vitamiin on vajalikud keha toitainete muundamiseks energiaks, B2- ja B6-vitamiin osalevad punaste vereliblede moodustamisel. Nende \u00fclesandeks on lihaste hapnikuga varustamine. B6-vitamiin on vajalik valkude ja gl\u00fckogeeni metabolismiks. C-vitamiin ja vitamiin E on antioks\u00fcdandid, mis kaitsevad keha rakke vabade radikaalide eest.<\/p>\n<p>Tootja veebisait: <a href=\"http:\/\/www.isostar.fr\"> isostar.fr <\/a><\/p>\n","protected":false},"excerpt":{"rendered":"<p>T\u00e4iendava energia tarbimine on j\u00f5udluse parandamiseks h\u00e4davajalik. Inimkeha on keskmiselt v\u00f5imeline absorbeerima 60\u201390 g s\u00fcsivesikuid tunnis, mis olenevalt s\u00fcsivesikute t\u00fc\u00fcbist on umbes 300 kcal tunnis. ISOSTAR on mitut t\u00fc\u00fcpi k\u00f5rge energiatarbega baare, mida soovitatakse kasutada enne, p\u00e4rast ja p\u00e4rast treeningut. Baarid on rikastatud vitamiinide ja mineraalidega, pakkudes sportlase kehale treeningu ajal vajalikku energiat. Baar on ka suurep\u00e4rane treeningueelsete einete asendaja ja sellel on suurep\u00e4rane maitse. Neil on meeldiv maitse ja need on kergesti taaskasutatavad.<\/p>\n<p>Komplekt sisaldab 30 teie valitud batoonid &#8211; saate neid vastavalt vajadusele kombineerida, valides mitme identse v\u00f5i erineva riba vahel.<\/p>\n<p>Saadaolevad batoonid t\u00fc\u00fcbid:<br \/>\n&#8211; Endurance+ Cereal &amp; Fruit 40g<br \/>\n&#8211; Energy Banana 40g<br \/>\n&#8211; Energy Cereals and Chocolate 35g<br \/>\n&#8211; Energy Raisin Cranberry 40g<br \/>\n&#8211; High Protein 25 Strawberry 35g<br \/>\n&#8211; High Protein 25 Hazelnut 35g<br \/>\n&#8211; High Protein 25 Joghurt 35g<br \/>\n&#8211; Reload Chocolate 40g<\/p>\n","protected":false},"featured_media":87997,"comment_status":"open","ping_status":"closed","template":"","meta":[],"product_brand":[2102],"product_cat":[469,460,461,471],"product_tag":[],"class_list":{"0":"post-30834","1":"product","2":"type-product","3":"status-publish","4":"has-post-thumbnail","6":"product_brand-isostar-ee","7":"product_cat-outlet-et","8":"product_cat-komplektid","9":"product_cat-ostke-hulgi","10":"product_cat-energiabatoonid","12":"first","13":"instock","14":"sale","15":"shipping-taxable","16":"purchasable","17":"product-type-composite"},"composite_virtual":false,"composite_layout":"paged-componentized","composite_add_to_cart_form_location":"after_summary","composite_editable_in_cart":true,"composite_sold_individually_context":"product","composite_shop_price_calc":"min_max","composite_components":[{"id":"1502192077","title":"1","description":"","query_type":"product_ids","query_ids":[30967,30964,30961,30976,31838,41794,41804,37406],"default_option_id":30967,"thumbnail_id":40901,"thumbnail_src":"https:\/\/v2.intervals.lv\/wp-content\/uploads\/2017\/03\/2Artboard-7.png","quantity_min":5,"quantity_max":5,"priced_individually":false,"shipped_individually":false,"optional":false,"discount":25,"options_style":"thumbnails","pagination_style":"classic","display_prices":"absolute","show_sorting_options":false,"show_filtering_options":false,"attribute_filter_ids":[],"select_action":"transition","product_title_visible":true,"product_descr_visible":true,"product_price_visible":true,"product_thumb_visible":true,"subtotal_visible_product":true,"subtotal_visible_cart":true,"subtotal_visible_orders":true},{"id":"1502192078","title":"2","description":"","query_type":"product_ids","query_ids":[30967,30964,30961,30976,31838,41794,41804,37406],"default_option_id":30964,"thumbnail_id":40901,"thumbnail_src":"https:\/\/v2.intervals.lv\/wp-content\/uploads\/2017\/03\/2Artboard-7.png","quantity_min":5,"quantity_max":5,"priced_individually":false,"shipped_individually":false,"optional":false,"discount":25,"options_style":"thumbnails","pagination_style":"classic","display_prices":"absolute","show_sorting_options":false,"show_filtering_options":false,"attribute_filter_ids":[],"select_action":"transition","product_title_visible":true,"product_descr_visible":true,"product_price_visible":true,"product_thumb_visible":true,"subtotal_visible_product":true,"subtotal_visible_cart":true,"subtotal_visible_orders":true},{"id":"1502193505","title":"3","description":"","query_type":"product_ids","query_ids":[30967,30964,30961,30976,31838,41794,41804,37406],"default_option_id":30961,"thumbnail_id":40901,"thumbnail_src":"https:\/\/v2.intervals.lv\/wp-content\/uploads\/2017\/03\/2Artboard-7.png","quantity_min":5,"quantity_max":5,"priced_individually":false,"shipped_individually":false,"optional":false,"discount":25,"options_style":"thumbnails","pagination_style":"classic","display_prices":"absolute","show_sorting_options":false,"show_filtering_options":false,"attribute_filter_ids":[],"select_action":"transition","product_title_visible":true,"product_descr_visible":true,"product_price_visible":true,"product_thumb_visible":true,"subtotal_visible_product":true,"subtotal_visible_cart":true,"subtotal_visible_orders":true},{"id":"1502193506","title":"4","description":"","query_type":"product_ids","query_ids":[30967,30964,30961,30976,31838,41794,41804,37406],"default_option_id":30976,"thumbnail_id":40901,"thumbnail_src":"https:\/\/v2.intervals.lv\/wp-content\/uploads\/2017\/03\/2Artboard-7.png","quantity_min":5,"quantity_max":5,"priced_individually":false,"shipped_individually":false,"optional":false,"discount":25,"options_style":"thumbnails","pagination_style":"classic","display_prices":"absolute","show_sorting_options":false,"show_filtering_options":false,"attribute_filter_ids":[],"select_action":"transition","product_title_visible":true,"product_descr_visible":true,"product_price_visible":true,"product_thumb_visible":true,"subtotal_visible_product":true,"subtotal_visible_cart":true,"subtotal_visible_orders":true},{"id":"1502193507","title":"5","description":"","query_type":"product_ids","query_ids":[30967,30964,30961,30976,31838,41794,41804,37406],"default_option_id":31838,"thumbnail_id":40901,"thumbnail_src":"https:\/\/v2.intervals.lv\/wp-content\/uploads\/2017\/03\/2Artboard-7.png","quantity_min":5,"quantity_max":5,"priced_individually":false,"shipped_individually":false,"optional":false,"discount":25,"options_style":"thumbnails","pagination_style":"classic","display_prices":"absolute","show_sorting_options":false,"show_filtering_options":false,"attribute_filter_ids":[],"select_action":"transition","product_title_visible":true,"product_descr_visible":true,"product_price_visible":true,"product_thumb_visible":true,"subtotal_visible_product":true,"subtotal_visible_cart":true,"subtotal_visible_orders":true},{"id":"1502193508","title":"6","description":"","query_type":"product_ids","query_ids":[30967,30964,30961,30976,31838,41794,41804,37406],"default_option_id":37406,"thumbnail_id":40901,"thumbnail_src":"https:\/\/v2.intervals.lv\/wp-content\/uploads\/2017\/03\/2Artboard-7.png","quantity_min":5,"quantity_max":5,"priced_individually":false,"shipped_individually":false,"optional":false,"discount":25,"options_style":"thumbnails","pagination_style":"classic","display_prices":"absolute","show_sorting_options":false,"show_filtering_options":false,"attribute_filter_ids":[],"select_action":"transition","product_title_visible":true,"product_descr_visible":true,"product_price_visible":true,"product_thumb_visible":false,"subtotal_visible_product":true,"subtotal_visible_cart":true,"subtotal_visible_orders":true}],"composite_scenarios":[],"_links":{"self":[{"href":"https:\/\/v2.intervals.lv\/lv\/wp-json\/wp\/v2\/product\/30834","targetHints":{"allow":["GET"]}}],"collection":[{"href":"https:\/\/v2.intervals.lv\/lv\/wp-json\/wp\/v2\/product"}],"about":[{"href":"https:\/\/v2.intervals.lv\/lv\/wp-json\/wp\/v2\/types\/product"}],"replies":[{"embeddable":true,"href":"https:\/\/v2.intervals.lv\/lv\/wp-json\/wp\/v2\/comments?post=30834"}],"wp:featuredmedia":[{"embeddable":true,"href":"https:\/\/v2.intervals.lv\/lv\/wp-json\/wp\/v2\/media\/87997"}],"wp:attachment":[{"href":"https:\/\/v2.intervals.lv\/lv\/wp-json\/wp\/v2\/media?parent=30834"}],"wp:term":[{"taxonomy":"product_brand","embeddable":true,"href":"https:\/\/v2.intervals.lv\/lv\/wp-json\/wp\/v2\/product_brand?post=30834"},{"taxonomy":"product_cat","embeddable":true,"href":"https:\/\/v2.intervals.lv\/lv\/wp-json\/wp\/v2\/product_cat?post=30834"},{"taxonomy":"product_tag","embeddable":true,"href":"https:\/\/v2.intervals.lv\/lv\/wp-json\/wp\/v2\/product_tag?post=30834"}],"curies":[{"name":"wp","href":"https:\/\/api.w.org\/{rel}","templated":true}]}}