{"id":3086,"date":"2017-02-03T12:21:53","date_gmt":"2017-02-03T10:21:53","guid":{"rendered":"http:\/\/isostar.lv\/product\/batonins-energy-raisin-cranberry-40g\/"},"modified":"2026-02-19T16:06:11","modified_gmt":"2026-02-19T14:06:11","slug":"isostar-batonelis-energy-cereals-raisin-cranberry-40g","status":"publish","type":"product","link":"https:\/\/v2.intervals.lv\/lv\/product\/isostar-batonelis-energy-cereals-raisin-cranberry-40g\/","title":{"rendered":"Isostar baton\u0117lis Energy Cereals Raisin Cranberry 40g"},"content":{"rendered":"<p><strong>Isostar Energy Bar Cereals Raisin Cranberry<\/strong> baton\u0117li\u0173 sud\u0117tyje yra paprast\u0173j\u0173 ir sud\u0117tini\u0173 angliavandeni\u0173 mi\u0161inys, kuriuo intensyvaus ir ilgalaikio kr\u016bvio metu u\u017etikrinamas greitas energijos \u012fsisavinimas ir angliavandeni\u0173 atk\u016brimas. Vitaminais B1 ir PP u\u017etikrinamas normalus energijos metabolizmas. Vitaminais B1, C, B2, B6, E ir PP. Idealus vartoti treniruo\u010di\u0173 ir var\u017eyb\u0173 metu. Galima naudoti ir pasiruo\u0161imo metu ar kai treniruot\u0117s trunka ilgiau kaip 1 val.<\/p>\n<p>Gamintojo svetain\u0117: <a href=\"http:\/\/www.isostar.fr\">isostar.fr<\/a><\/p>\n","protected":false},"excerpt":{"rendered":"<ul>\n<li>Didina darbingum\u0105.<\/li>\n<li>Specialiai parinkti angliavandeniai.<\/li>\n<li>6 vitaminai &#8211;\u00a0 B1, C, B2, B6, E ir PP.<\/li>\n<\/ul>\n","protected":false},"featured_media":54887,"comment_status":"open","ping_status":"closed","template":"","meta":[],"product_brand":[2100],"product_cat":[164,160],"product_tag":[],"class_list":{"0":"post-3086","1":"product","2":"type-product","3":"status-publish","4":"has-post-thumbnail","6":"product_brand-isostar-lt","7":"product_cat-batoneliai","8":"product_cat-greitos-energijos","9":"pa_garsa-spanguoliu","10":"pa_lietosanas-laiks-paruosimas","11":"pa_lietosanas-laiks-veikla","12":"pa_lietosanas-merkis-greita-energijos-lt","14":"first","15":"instock","16":"shipping-taxable","17":"purchasable","18":"product-type-simple"},"composite_virtual":false,"composite_layout":"","composite_add_to_cart_form_location":"","composite_editable_in_cart":false,"composite_sold_individually_context":"","composite_shop_price_calc":"","composite_components":[],"composite_scenarios":[],"_links":{"self":[{"href":"https:\/\/v2.intervals.lv\/lv\/wp-json\/wp\/v2\/product\/3086","targetHints":{"allow":["GET"]}}],"collection":[{"href":"https:\/\/v2.intervals.lv\/lv\/wp-json\/wp\/v2\/product"}],"about":[{"href":"https:\/\/v2.intervals.lv\/lv\/wp-json\/wp\/v2\/types\/product"}],"replies":[{"embeddable":true,"href":"https:\/\/v2.intervals.lv\/lv\/wp-json\/wp\/v2\/comments?post=3086"}],"wp:featuredmedia":[{"embeddable":true,"href":"https:\/\/v2.intervals.lv\/lv\/wp-json\/wp\/v2\/media\/54887"}],"wp:attachment":[{"href":"https:\/\/v2.intervals.lv\/lv\/wp-json\/wp\/v2\/media?parent=3086"}],"wp:term":[{"taxonomy":"product_brand","embeddable":true,"href":"https:\/\/v2.intervals.lv\/lv\/wp-json\/wp\/v2\/product_brand?post=3086"},{"taxonomy":"product_cat","embeddable":true,"href":"https:\/\/v2.intervals.lv\/lv\/wp-json\/wp\/v2\/product_cat?post=3086"},{"taxonomy":"product_tag","embeddable":true,"href":"https:\/\/v2.intervals.lv\/lv\/wp-json\/wp\/v2\/product_tag?post=3086"}],"curies":[{"name":"wp","href":"https:\/\/api.w.org\/{rel}","templated":true}]}}