{"id":30892,"date":"2017-02-08T15:36:27","date_gmt":"2017-02-08T13:36:27","guid":{"rendered":"https:\/\/isostar.lv\/shop\/isostar-hydrate-perform-antioxidants-cranberry-400g\/"},"modified":"2026-02-10T15:22:55","modified_gmt":"2026-02-10T13:22:55","slug":"isostar-hydrate-perform-cranberry-pulber-400g","status":"publish","type":"product","link":"https:\/\/v2.intervals.lv\/lv\/product\/isostar-hydrate-perform-cranberry-pulber-400g\/","title":{"rendered":"Isostar Hydrate &#038; Perform Cranberry pulber 400g"},"content":{"rendered":"<p><strong>Isostar Hydrate &amp; Perform Cranberry Red fruits Pulber <\/strong>on spetsiaalselt koostatud sportlike saavutuste parandamiseks. Tehes sporti, kaotab keha suurtes kogustes energiat. Kui higistamise tulemusel kaotatud vedelik ja olulised mineraalained ei saa asendatud, halvenevad sportlikud tulemused. Isostar isotooniline elektrol\u00fc\u00fctidega spordijook parandab sportlikku vastupidavust kuni 19%  t\u00e4nu:<\/p>\n<ul>\n<li>isotoonilisele koostisele, mis kindlustab efektiivse ja kiire vedeliku imendumise organismis<\/li>\n<li>efektiivsele energiataastusele &#8211; optimaalne s\u00fcsivesikute tase ja segu (sahharoos, gl\u00fckoosisiirup, maltodekstriin) v\u00f5imaldab kehal varustada t\u00f6\u00f6tavaid lihaseid s\u00fcsivesikute energiaga.<\/li>\n<li>Sisaldab mineraalaineid (kaltsium ja magneesium), mis on olemuslikud lihast\u00f6\u00f6ks ja energia ainevahetuseks.<\/li>\n<\/ul>\n<p>Tootja veebisait: <a href=\"http:\/\/www.isostar.fr\">isostar.fr<\/a><\/p>\n","protected":false},"excerpt":{"rendered":"<ul>\n<li style=\"list-style-type: none;\">\n<ul>\n<li>S\u00fcsivesikute ja elektrol\u00fc\u00fctide jook.<\/li>\n<li>Antioks\u00fcdandid &#8211; C-, E-vitamiin ja tsink.<\/li>\n<li>Mikroelemendid &#8211; kaltsium, magneesium, naatrium.<\/li>\n<li>37g s\u00fcsivesikuid \/ 500ml jooki.<\/li>\n<li>Vedelikuvajaduse reguleerimine.<\/li>\n<li>Vastupidavuse suurendamine.<\/li>\n<li>Taastumise optimeerimine.<\/li>\n<\/ul>\n<\/li>\n<\/ul>\n","protected":false},"featured_media":54950,"comment_status":"open","ping_status":"closed","template":"","meta":[],"product_brand":[2102],"product_cat":[472,468],"product_tag":[],"class_list":{"0":"post-30892","1":"product","2":"type-product","3":"status-publish","4":"has-post-thumbnail","6":"product_brand-isostar-ee","7":"product_cat-isotoonilised-joogid","8":"product_cat-kiireks-energiaks","9":"pa_garsa-johvika","10":"pa_garsa-punaste-puuviljade","11":"pa_lietosanas-laiks-ajal","12":"pa_lietosanas-laiks-parast","13":"pa_lietosanas-merkis-atrai-energijai-et","15":"first","16":"instock","17":"shipping-taxable","18":"purchasable","19":"product-type-simple"},"composite_virtual":false,"composite_layout":"","composite_add_to_cart_form_location":"","composite_editable_in_cart":false,"composite_sold_individually_context":"","composite_shop_price_calc":"","composite_components":[],"composite_scenarios":[],"_links":{"self":[{"href":"https:\/\/v2.intervals.lv\/lv\/wp-json\/wp\/v2\/product\/30892","targetHints":{"allow":["GET"]}}],"collection":[{"href":"https:\/\/v2.intervals.lv\/lv\/wp-json\/wp\/v2\/product"}],"about":[{"href":"https:\/\/v2.intervals.lv\/lv\/wp-json\/wp\/v2\/types\/product"}],"replies":[{"embeddable":true,"href":"https:\/\/v2.intervals.lv\/lv\/wp-json\/wp\/v2\/comments?post=30892"}],"wp:featuredmedia":[{"embeddable":true,"href":"https:\/\/v2.intervals.lv\/lv\/wp-json\/wp\/v2\/media\/54950"}],"wp:attachment":[{"href":"https:\/\/v2.intervals.lv\/lv\/wp-json\/wp\/v2\/media?parent=30892"}],"wp:term":[{"taxonomy":"product_brand","embeddable":true,"href":"https:\/\/v2.intervals.lv\/lv\/wp-json\/wp\/v2\/product_brand?post=30892"},{"taxonomy":"product_cat","embeddable":true,"href":"https:\/\/v2.intervals.lv\/lv\/wp-json\/wp\/v2\/product_cat?post=30892"},{"taxonomy":"product_tag","embeddable":true,"href":"https:\/\/v2.intervals.lv\/lv\/wp-json\/wp\/v2\/product_tag?post=30892"}],"curies":[{"name":"wp","href":"https:\/\/api.w.org\/{rel}","templated":true}]}}