{"id":30904,"date":"2017-02-08T14:59:51","date_gmt":"2017-02-08T12:59:51","guid":{"rendered":"https:\/\/isostar.lv\/shop\/isostar-powertabs-cranberry-isotonic-10x12g\/"},"modified":"2026-02-04T11:24:42","modified_gmt":"2026-02-04T09:24:42","slug":"isostar-powertabs-cranberry-isotonic-tabletid-10x12g","status":"publish","type":"product","link":"https:\/\/v2.intervals.lv\/lv\/product\/isostar-powertabs-cranberry-isotonic-tabletid-10x12g\/","title":{"rendered":"Isostar Powertabs Cranberry Isotonic Tabletid (10x12g)"},"content":{"rendered":"<p>Kihisevad tabletid <strong>Isostar Powertabs Cranberry Isotonic <\/strong>sobivad eriti h\u00e4sti l\u00fchikeste ja intensiivsete koormuste korral. Need sisaldavad lihts\u00fcsivesikuid ja elektrol\u00fc\u00fcte, et s\u00e4ilitada j\u00f5udu vastupidavustreeningu ajal ja tagada h\u00fcdratatsioon. See jook tagab optimaalse vedelikutarbimise ja mao t\u00fchjendamise. Isotooniline jook sisaldab vitamiine ja mineraale. B1-vitamiin aitab tagada optimaalse energiavahetuse ehk toitainete muundamise energiaks. C- ja E-vitamiin kaitsevad rakke oks\u00fcdatiivse stressi eest. C-vitamiin aitab leevendada n\u00f5rkust ja v\u00e4simust. Kaltsium ja magneesium tagavad lihaste efektiivse t\u00f6\u00f6 treeningu ajal.<\/p>\n<p>Kasutage tasakaalustatud toitumise ja tervisliku eluviisi lisandina.<\/p>\n<p>Tootja veebisait: <a href=\"http:\/\/www.isostar.fr\">isostar.fr<\/a><\/p>\n","protected":false},"excerpt":{"rendered":"<ul>\n<li>Isotoonilise koostisega jook tagab kehale vedelikuvaru ning optimaalse seedimise.<\/li>\n<li>Sisaldab C-, B1- ja E-vitamiini.<\/li>\n<li>Madala kalorsusega: 87 Kcal 500ml joogi kohta<\/li>\n<li>J\u00f5hvikamaitseline.<\/li>\n<\/ul>\n","protected":false},"featured_media":88511,"comment_status":"open","ping_status":"closed","template":"","meta":[],"product_brand":[2102],"product_cat":[472,468],"product_tag":[],"class_list":{"0":"post-30904","1":"product","2":"type-product","3":"status-publish","4":"has-post-thumbnail","6":"product_brand-isostar-ee","7":"product_cat-isotoonilised-joogid","8":"product_cat-kiireks-energiaks","9":"pa_garsa-johvika","10":"pa_lietosanas-laiks-ajal","11":"pa_lietosanas-laiks-parast","12":"pa_lietosanas-merkis-atrai-energijai-et","14":"first","15":"instock","16":"shipping-taxable","17":"purchasable","18":"product-type-simple"},"composite_virtual":false,"composite_layout":"","composite_add_to_cart_form_location":"","composite_editable_in_cart":false,"composite_sold_individually_context":"","composite_shop_price_calc":"","composite_components":[],"composite_scenarios":[],"_links":{"self":[{"href":"https:\/\/v2.intervals.lv\/lv\/wp-json\/wp\/v2\/product\/30904","targetHints":{"allow":["GET"]}}],"collection":[{"href":"https:\/\/v2.intervals.lv\/lv\/wp-json\/wp\/v2\/product"}],"about":[{"href":"https:\/\/v2.intervals.lv\/lv\/wp-json\/wp\/v2\/types\/product"}],"replies":[{"embeddable":true,"href":"https:\/\/v2.intervals.lv\/lv\/wp-json\/wp\/v2\/comments?post=30904"}],"wp:featuredmedia":[{"embeddable":true,"href":"https:\/\/v2.intervals.lv\/lv\/wp-json\/wp\/v2\/media\/88511"}],"wp:attachment":[{"href":"https:\/\/v2.intervals.lv\/lv\/wp-json\/wp\/v2\/media?parent=30904"}],"wp:term":[{"taxonomy":"product_brand","embeddable":true,"href":"https:\/\/v2.intervals.lv\/lv\/wp-json\/wp\/v2\/product_brand?post=30904"},{"taxonomy":"product_cat","embeddable":true,"href":"https:\/\/v2.intervals.lv\/lv\/wp-json\/wp\/v2\/product_cat?post=30904"},{"taxonomy":"product_tag","embeddable":true,"href":"https:\/\/v2.intervals.lv\/lv\/wp-json\/wp\/v2\/product_tag?post=30904"}],"curies":[{"name":"wp","href":"https:\/\/api.w.org\/{rel}","templated":true}]}}