{"id":30916,"date":"2017-02-08T14:24:40","date_gmt":"2017-02-08T12:24:40","guid":{"rendered":"https:\/\/isostar.lv\/shop\/pulveris-mass-gainer-vanilla-700g\/"},"modified":"2025-11-30T00:12:54","modified_gmt":"2025-11-29T22:12:54","slug":"isostar-mass-gainer-vanilla-valgupulber-700g","status":"publish","type":"product","link":"https:\/\/v2.intervals.lv\/lv\/product\/isostar-mass-gainer-vanilla-valgupulber-700g\/","title":{"rendered":"Isostar Mass Gainer Vanilla valgupulber 700g"},"content":{"rendered":"<p><strong>Vanillimaitseline Isostar Mass Gainer <\/strong>valgurikas koostis lihaste arendamiseks ja vastupidavuse suurendamiseks. Optimeeritud s\u00fcsivesikud ja kiiresti omastavate valkude segu. Tootes sisalduvad vitamiinid (B1, B2, B6, PP, C ja E), mineraalid (kaltsium ja magneesium) ja s\u00fcsivesikud varustavad keha intensiivse f\u00fc\u00fcsilise tegevuse ajal energiaga.<\/p>\n<p>Kasutada t\u00e4iustamaks mitmekesist ja tasakaalustatud toitumist ja tervislikke eluviise.<\/p>\n<p>Tootja veebisait: <a href=\"http:\/\/www.isostar.fr\">www.isostar.fr<\/a><\/p>\n","protected":false},"excerpt":{"rendered":"<ul>\n<li>Optimeeritud s\u00fcsivesikud ja kiiresti omastavate valkude segu.<\/li>\n<li>Sisaldab <strong>kaltsiumi <\/strong>ja <strong>magneesiumi.<\/strong><\/li>\n<li>Sisaldab vitamiine E, C, B6, B1, B2, PP.<\/li>\n<li><strong>ISOSTAR Clean Engagement<\/strong> s\u00fcmbol.<\/li>\n<\/ul>\n","protected":false},"featured_media":54984,"comment_status":"open","ping_status":"closed","template":"","meta":[],"product_brand":[2102],"product_cat":[473,466],"product_tag":[],"class_list":{"0":"post-30916","1":"product","2":"type-product","3":"status-publish","4":"has-post-thumbnail","6":"product_brand-isostar-ee","7":"product_cat-valgujoogid","8":"product_cat-lihastele-ja-fitnessiks","9":"pa_citi-valguga","10":"pa_garsa-vanilli","11":"pa_lietosanas-laiks-ajal","12":"pa_lietosanas-laiks-enne","13":"pa_lietosanas-merkis-lihastele-fitnessile","15":"first","16":"instock","17":"shipping-taxable","18":"purchasable","19":"product-type-simple"},"composite_virtual":false,"composite_layout":"","composite_add_to_cart_form_location":"","composite_editable_in_cart":false,"composite_sold_individually_context":"","composite_shop_price_calc":"","composite_components":[],"composite_scenarios":[],"_links":{"self":[{"href":"https:\/\/v2.intervals.lv\/lv\/wp-json\/wp\/v2\/product\/30916","targetHints":{"allow":["GET"]}}],"collection":[{"href":"https:\/\/v2.intervals.lv\/lv\/wp-json\/wp\/v2\/product"}],"about":[{"href":"https:\/\/v2.intervals.lv\/lv\/wp-json\/wp\/v2\/types\/product"}],"replies":[{"embeddable":true,"href":"https:\/\/v2.intervals.lv\/lv\/wp-json\/wp\/v2\/comments?post=30916"}],"wp:featuredmedia":[{"embeddable":true,"href":"https:\/\/v2.intervals.lv\/lv\/wp-json\/wp\/v2\/media\/54984"}],"wp:attachment":[{"href":"https:\/\/v2.intervals.lv\/lv\/wp-json\/wp\/v2\/media?parent=30916"}],"wp:term":[{"taxonomy":"product_brand","embeddable":true,"href":"https:\/\/v2.intervals.lv\/lv\/wp-json\/wp\/v2\/product_brand?post=30916"},{"taxonomy":"product_cat","embeddable":true,"href":"https:\/\/v2.intervals.lv\/lv\/wp-json\/wp\/v2\/product_cat?post=30916"},{"taxonomy":"product_tag","embeddable":true,"href":"https:\/\/v2.intervals.lv\/lv\/wp-json\/wp\/v2\/product_tag?post=30916"}],"curies":[{"name":"wp","href":"https:\/\/api.w.org\/{rel}","templated":true}]}}