{"id":30953,"date":"2017-02-03T13:14:32","date_gmt":"2017-02-03T11:14:32","guid":{"rendered":"https:\/\/isostar.lv\/shop\/isostar-fast-hydration-orange-500ml\/"},"modified":"2025-11-23T22:36:29","modified_gmt":"2025-11-23T20:36:29","slug":"isostar-fast-hydration-orange-jook-500ml","status":"publish","type":"product","link":"https:\/\/v2.intervals.lv\/lv\/product\/isostar-fast-hydration-orange-jook-500ml\/","title":{"rendered":"Isostar Fast Hydration Orange jook 500ml"},"content":{"rendered":"<p>Apelsinimaitseline <strong>Isostar Fast Hydration Orange<\/strong> on isotooniline jook (kasutusvalmis), mis tagab sportlasele vajaliku h\u00fcdratatsiooni, energia ja vastupidavuse. Joogi isotooniline koostis tagab vedeliku kiirema imendumise ja mao t\u00fchjenemise. Kasutades enne treenimist isotoonilist jooki, saate vajaliku vedelikuvaru. Treeningu ajal parandab isotooniline jook t\u00f6\u00f6v\u00f5imet ja vastupidavust, samuti v\u00e4hendab seedetrakti probleemide ohtu. P\u00e4rast treeningut tarbimisel kiirendab jook taastumist.<\/p>\n<p>Apelsinimaitseline isotooniline jook Isostar Fast Hydration Orange on suurep\u00e4rane energia ja mikroelementide, eriti kaltsiumi ja magneesiumi allikas. Need tagavad lihaste t\u00f5husa t\u00f6\u00f6 treeningu ajal ning on abiks taastumisel. Jook sisaldab rikkalikult B1-vitamiini, mis aitab kehal toitaineid energiaks muundada. Praktiline pakend ja maitsete valik on see, mis teeb selle joogi sportlaste seas populaarseks.<\/p>\n<p>Kasutage tervisliku eluviisi ja tasakaalustatud toitumise lisana.<\/p>\n<p>Tootja veebisait: <a href=\"http:\/\/www.isostar.fr\">www.isostar.fr<\/a><\/p>\n","protected":false},"excerpt":{"rendered":"<ul>\n<li>Isotooniline spordijook &#8211; mis tagab sportlastele vedelikuvaru, annab energiat ja mikrotoitaineid.<\/li>\n<li>Valmis jook spordipudelis<\/li>\n<li>Naturaalne apelsini maitse.<\/li>\n<\/ul>\n","protected":false},"featured_media":112808,"comment_status":"open","ping_status":"closed","template":"","meta":[],"product_brand":[2102],"product_cat":[472,468],"product_tag":[],"class_list":{"0":"post-30953","1":"product","2":"type-product","3":"status-publish","4":"has-post-thumbnail","6":"product_brand-isostar-ee","7":"product_cat-isotoonilised-joogid","8":"product_cat-kiireks-energiaks","9":"pa_garsa-apelsinu-et-2","10":"pa_lietosanas-laiks-ajal","11":"pa_lietosanas-laiks-parast","12":"pa_lietosanas-laiks-enne","13":"pa_lietosanas-merkis-atrai-energijai-et","15":"first","16":"instock","17":"shipping-taxable","18":"purchasable","19":"product-type-simple"},"composite_virtual":false,"composite_layout":"","composite_add_to_cart_form_location":"","composite_editable_in_cart":false,"composite_sold_individually_context":"","composite_shop_price_calc":"","composite_components":[],"composite_scenarios":[],"_links":{"self":[{"href":"https:\/\/v2.intervals.lv\/lv\/wp-json\/wp\/v2\/product\/30953","targetHints":{"allow":["GET"]}}],"collection":[{"href":"https:\/\/v2.intervals.lv\/lv\/wp-json\/wp\/v2\/product"}],"about":[{"href":"https:\/\/v2.intervals.lv\/lv\/wp-json\/wp\/v2\/types\/product"}],"replies":[{"embeddable":true,"href":"https:\/\/v2.intervals.lv\/lv\/wp-json\/wp\/v2\/comments?post=30953"}],"wp:featuredmedia":[{"embeddable":true,"href":"https:\/\/v2.intervals.lv\/lv\/wp-json\/wp\/v2\/media\/112808"}],"wp:attachment":[{"href":"https:\/\/v2.intervals.lv\/lv\/wp-json\/wp\/v2\/media?parent=30953"}],"wp:term":[{"taxonomy":"product_brand","embeddable":true,"href":"https:\/\/v2.intervals.lv\/lv\/wp-json\/wp\/v2\/product_brand?post=30953"},{"taxonomy":"product_cat","embeddable":true,"href":"https:\/\/v2.intervals.lv\/lv\/wp-json\/wp\/v2\/product_cat?post=30953"},{"taxonomy":"product_tag","embeddable":true,"href":"https:\/\/v2.intervals.lv\/lv\/wp-json\/wp\/v2\/product_tag?post=30953"}],"curies":[{"name":"wp","href":"https:\/\/api.w.org\/{rel}","templated":true}]}}