{"id":30961,"date":"2017-02-03T12:21:53","date_gmt":"2017-02-03T10:21:53","guid":{"rendered":"https:\/\/isostar.lv\/shop\/isostar-energy-bar-raisin-cranberry-40g\/"},"modified":"2026-02-25T23:50:03","modified_gmt":"2026-02-25T21:50:03","slug":"isostar-energy-bar-raisin-cranberry-batoon-40g","status":"publish","type":"product","link":"https:\/\/v2.intervals.lv\/lv\/product\/isostar-energy-bar-raisin-cranberry-batoon-40g\/","title":{"rendered":"Isostar Energy Bar Raisin Cranberry batoon 40g"},"content":{"rendered":"<p><strong>Isostar Energy Bar Raisin Cranberry<\/strong> rosina ja j\u00f5hvikamaitselise j\u00f5hvika energiabatoon sisaldab keerukate ja komplekssete s\u00fcsivesikute kompleksi, mis annavad energiat intensiivsete ja pikaajaliste koormuste ajal. Nad on rikkad vitamiinide B1, B2, vitamiini PP, C- ja E-vitamiini poolest. Vitamiinid B2, B6 ja C aitavad tagada optimaalse energiavahetuse v\u00f5i muundada toitaineid energiaks ning v\u00e4hendada v\u00e4simust ja v\u00e4simust. E-vitamiin aitab kaitsta rakke oks\u00fcdatiivse stressi eest. Energiavarras sisaldab v\u00e4hesel m\u00e4\u00e4ral lipiide, mis parandab imendumise kiirust. Sobib kasutamiseks enne treeningut (3h kuni 1h30 min enne) v\u00f5i treeningu ajal.<br \/>\nKasutage tervisliku eluviisi ja tasakaalustatud toitumise lisana.<\/p>\n<p>Tootja veebisait: <a href=\"http:\/\/www.isostar.fr\">isostar.fr<\/a><\/p>\n","protected":false},"excerpt":{"rendered":"<ul>\n<li>Energia: valitud s\u00fcsivesikud.<\/li>\n<li>162 kalorit baari kohta.<\/li>\n<li>Vitamiinid B1, B2, B6, C, E ja PP.<\/li>\n<li>Lihasfunktsioonideks ja energeetiliseks ainevahetuseks.<\/li>\n<\/ul>\n","protected":false},"featured_media":54886,"comment_status":"open","ping_status":"closed","template":"","meta":[],"product_brand":[2102],"product_cat":[471,468],"product_tag":[],"class_list":{"0":"post-30961","1":"product","2":"type-product","3":"status-publish","4":"has-post-thumbnail","6":"product_brand-isostar-ee","7":"product_cat-energiabatoonid","8":"product_cat-kiireks-energiaks","9":"pa_garsa-johvika","10":"pa_lietosanas-laiks-ajal","11":"pa_lietosanas-laiks-parast","12":"pa_lietosanas-merkis-atrai-energijai-et","14":"first","15":"instock","16":"shipping-taxable","17":"purchasable","18":"product-type-simple"},"composite_virtual":false,"composite_layout":"","composite_add_to_cart_form_location":"","composite_editable_in_cart":false,"composite_sold_individually_context":"","composite_shop_price_calc":"","composite_components":[],"composite_scenarios":[],"_links":{"self":[{"href":"https:\/\/v2.intervals.lv\/lv\/wp-json\/wp\/v2\/product\/30961","targetHints":{"allow":["GET"]}}],"collection":[{"href":"https:\/\/v2.intervals.lv\/lv\/wp-json\/wp\/v2\/product"}],"about":[{"href":"https:\/\/v2.intervals.lv\/lv\/wp-json\/wp\/v2\/types\/product"}],"replies":[{"embeddable":true,"href":"https:\/\/v2.intervals.lv\/lv\/wp-json\/wp\/v2\/comments?post=30961"}],"wp:featuredmedia":[{"embeddable":true,"href":"https:\/\/v2.intervals.lv\/lv\/wp-json\/wp\/v2\/media\/54886"}],"wp:attachment":[{"href":"https:\/\/v2.intervals.lv\/lv\/wp-json\/wp\/v2\/media?parent=30961"}],"wp:term":[{"taxonomy":"product_brand","embeddable":true,"href":"https:\/\/v2.intervals.lv\/lv\/wp-json\/wp\/v2\/product_brand?post=30961"},{"taxonomy":"product_cat","embeddable":true,"href":"https:\/\/v2.intervals.lv\/lv\/wp-json\/wp\/v2\/product_cat?post=30961"},{"taxonomy":"product_tag","embeddable":true,"href":"https:\/\/v2.intervals.lv\/lv\/wp-json\/wp\/v2\/product_tag?post=30961"}],"curies":[{"name":"wp","href":"https:\/\/api.w.org\/{rel}","templated":true}]}}