{"id":31167,"date":"2020-05-13T15:03:58","date_gmt":"2020-05-13T13:03:58","guid":{"rendered":"https:\/\/isostar.lv\/?post_type=product&#038;p=31167"},"modified":"2026-02-06T18:13:07","modified_gmt":"2026-02-06T16:13:07","slug":"isostar-whey-protein-bcaa-recovery-chocolate-valgupulber-570g","status":"publish","type":"product","link":"https:\/\/v2.intervals.lv\/lv\/product\/isostar-whey-protein-bcaa-recovery-chocolate-valgupulber-570g\/","title":{"rendered":"Isostar Whey Protein BCAA Recovery Chocolate Valgupulber 570g"},"content":{"rendered":"<p><strong> Isostar Whey Protein BCAA Chocolate Valgupulber  <\/strong>lihaste arenguks ja toonuse saavutamiseks. Kvaliteetsed kiiresti omastatavad valgud. K\u00f5rge bioloogiline v\u00e4\u00e4rtus, oluliste aminohapetega: 45% BCAA \u2013 EAA.<\/p>\n<p>Kasutada t\u00e4iustamaks mitmekesist ja tasakaalustatud toitumist ja tervislikke eluviise.<\/p>\n<p>Tootja veebisait: isostar.fr<\/p>\n","protected":false},"excerpt":{"rendered":"<ul>\n<li>Lihaste arenguks ja toonuse saavutamiseks.<\/li>\n<li>K\u00f5rge bioloogiline v\u00e4\u00e4rtus, oluliste aminohapetega: 45% BCAA \u2013 EAA<\/li>\n<li><strong>Madal <\/strong> suhkur (2,4g\/100g).<\/li>\n<li><strong>Madala <\/strong>rasvasisaldusega (6,6g\/100g).<\/li>\n<li>90% <strong> vadakuvalk.<\/strong><\/li>\n<li>Kvaliteetsed kiiresti omastatavad valgud.<\/li>\n<\/ul>\n","protected":false},"featured_media":55073,"comment_status":"open","ping_status":"closed","template":"","meta":[],"product_brand":[2102],"product_cat":[473,475,466],"product_tag":[],"class_list":{"0":"post-31167","1":"product","2":"type-product","3":"status-publish","4":"has-post-thumbnail","6":"product_brand-isostar-ee","7":"product_cat-valgujoogid","8":"product_cat-ettevalmistus-ja-taastamine","9":"product_cat-lihastele-ja-fitnessiks","10":"pa_citi-bcaa-ga","11":"pa_citi-valguga","12":"pa_garsa-sokolaadi","13":"pa_lietosanas-laiks-enne","14":"pa_lietosanas-merkis-lihastele-fitnessile","16":"first","17":"instock","18":"shipping-taxable","19":"purchasable","20":"product-type-simple"},"composite_virtual":false,"composite_layout":"","composite_add_to_cart_form_location":"","composite_editable_in_cart":false,"composite_sold_individually_context":"","composite_shop_price_calc":"","composite_components":[],"composite_scenarios":[],"_links":{"self":[{"href":"https:\/\/v2.intervals.lv\/lv\/wp-json\/wp\/v2\/product\/31167","targetHints":{"allow":["GET"]}}],"collection":[{"href":"https:\/\/v2.intervals.lv\/lv\/wp-json\/wp\/v2\/product"}],"about":[{"href":"https:\/\/v2.intervals.lv\/lv\/wp-json\/wp\/v2\/types\/product"}],"replies":[{"embeddable":true,"href":"https:\/\/v2.intervals.lv\/lv\/wp-json\/wp\/v2\/comments?post=31167"}],"wp:featuredmedia":[{"embeddable":true,"href":"https:\/\/v2.intervals.lv\/lv\/wp-json\/wp\/v2\/media\/55073"}],"wp:attachment":[{"href":"https:\/\/v2.intervals.lv\/lv\/wp-json\/wp\/v2\/media?parent=31167"}],"wp:term":[{"taxonomy":"product_brand","embeddable":true,"href":"https:\/\/v2.intervals.lv\/lv\/wp-json\/wp\/v2\/product_brand?post=31167"},{"taxonomy":"product_cat","embeddable":true,"href":"https:\/\/v2.intervals.lv\/lv\/wp-json\/wp\/v2\/product_cat?post=31167"},{"taxonomy":"product_tag","embeddable":true,"href":"https:\/\/v2.intervals.lv\/lv\/wp-json\/wp\/v2\/product_tag?post=31167"}],"curies":[{"name":"wp","href":"https:\/\/api.w.org\/{rel}","templated":true}]}}