{"id":31168,"date":"2020-05-13T15:03:58","date_gmt":"2020-05-13T13:03:58","guid":{"rendered":"https:\/\/isostar.lv\/?post_type=product&#038;p=31168"},"modified":"2026-01-30T07:55:36","modified_gmt":"2026-01-30T05:55:36","slug":"isostar-whey-protein-bcaa-recovery-chocolate-milteliai-570g","status":"publish","type":"product","link":"https:\/\/v2.intervals.lv\/lv\/product\/isostar-whey-protein-bcaa-recovery-chocolate-milteliai-570g\/","title":{"rendered":"Isostar Whey Protein BCAA Recovery Chocolate milteliai 570g"},"content":{"rendered":"<p>Isostar Whey Protein atstatymo milteliai yra skirti baltymini\u0173 g\u0117rim\u0173 paruo\u0161imui atsigavimo faz\u0117je po treniruot\u0117s ir yra ideal\u016bs sportininkams. Milteliai turi ma\u017eai cukraus (2.4g\/100 g) ir ma\u017eai riebal\u0173 (6.6g\/100 g). Sud\u0117tyje yra 90% i\u0161r\u016bg\u0173 baltym\u0173, kurie padeda palaikyti ir didinti raumen\u0173 mas\u0119 ir padeda suma\u017einti raumen\u0173 \u017eal\u0105 po treniruot\u0117s.<\/p>\n<p>Pa\u017eangi\u0173 technologini\u0173 proces\u0173 &#8211; diafiltravimo ir membran\u0173 ultrafiltravimo &#8211; d\u0117ka i\u0161r\u016bg\u0173 baltym\u0173 g\u0117rime yra auk\u0161tos kokyb\u0117s baltym\u0173 (nepakei\u010diam\u0173 aminor\u016bg\u0161\u010di\u0173 (EAA: 45% *), i\u0161 kuri\u0173 \u0161akotosios grandin\u0117s aminor\u016bg\u0161tys (BCAA: 22%)).<\/p>\n<p><strong>ISOSTAR Clean Engagement<\/strong> simbolis garantuoja, kad gaminyje n\u0117ra neleistin\u0173 med\u017eiag\u0173, jis reguliariai tikrinamas ir analizuojamas nepriklausomose laboratorijose, o gaminiui gaminti naudojami tik maisto komponentai, ekologi\u0161kos pakuot\u0117s.<\/p>\n<p>Modernesn\u0117 pakuot\u0117, leid\u017eianti lengvai naudoti ir paruo\u0161ti g\u0117rim\u0105.<\/p>\n<p>* EAA yra amino r\u016bg\u0161tis, kurios organizmas pats negali pasigaminti, tod\u0117l j\u0105 reikia vartoti tinkamai ir subalansuotai. Amino r\u016bg\u0161tys, kuri\u0173 \u017emogaus organizmas negali susintetinti, yra 9-fenilalaninas, valinas, treoninas, triptofanas, metioninas, leucinas, izoleucinas, lizinas ir histidinas.<\/p>\n<p>Gamintojo svetain\u0117: <a href=\"http:\/\/www.isostar.fr\/\">isostar.fr<\/a><\/p>\n","protected":false},"excerpt":{"rendered":"<ul>\n<li><strong>Ma\u017eas<\/strong> cukraus kiekis (2.4g \/ 100g).<\/li>\n<li><strong>Ma\u017eai<\/strong> riebal\u0173 (6.6g\/100g).<\/li>\n<li><strong>90%<\/strong> i\u0161r\u016bg\u0173 baltymai &#8211; padeda palaikyti ir padidinti raumen\u0173 mas\u0119 bei padeda suma\u017einti raumen\u0173 pa\u017eeidimus po treniruot\u0117s.<\/li>\n<li>Sud\u0117tyje yra auk\u0161tos kokyb\u0117s baltym\u0173 &#8211; nepakei\u010diam\u0173 aminor\u016bg\u0161\u010di\u0173 (<strong>EAA<\/strong>), kuri\u0173 organizmas pats negamina, ir \u0161akot\u0173 grandini\u0173 aminor\u016bg\u0161\u010di\u0173 (<strong>BCAA<\/strong>).<\/li>\n<li>Tinka naudoti atsigavimo faz\u0117je po mank\u0161tos.<\/li>\n<li>Modernesn\u0117 pakuot\u0117, leid\u017eianti lengvai naudoti ir paruo\u0161ti g\u0117rim\u0105.<\/li>\n<li><strong>ISOSTAR Clean Engagement<\/strong> simbolis garantuoja, kad gaminyje n\u0117ra neleistin\u0173 med\u017eiag\u0173, jis reguliariai tikrinamas ir analizuojamas nepriklausomose laboratorijose, o gaminiui gaminti naudojami tik maisto komponentai, ekologi\u0161kos pakuot\u0117s.<\/li>\n<\/ul>\n","protected":false},"featured_media":55074,"comment_status":"open","ping_status":"closed","template":"","meta":[],"product_brand":[2100],"product_cat":[169,172,157],"product_tag":[],"class_list":{"0":"post-31168","1":"product","2":"type-product","3":"status-publish","4":"has-post-thumbnail","6":"product_brand-isostar-lt","7":"product_cat-baltymu-gerimai","8":"product_cat-pasiruosimas-ir-atsistatymas","9":"product_cat-raumenu-ir-fitneso","10":"pa_citi-su-baltymu","11":"pa_citi-su-bcaa","12":"pa_garsa-sokolado","13":"pa_lietosanas-laiks-atsigavimui","14":"pa_lietosanas-merkis-raumenims-fitness","16":"first","17":"instock","18":"shipping-taxable","19":"purchasable","20":"product-type-simple"},"composite_virtual":false,"composite_layout":"","composite_add_to_cart_form_location":"","composite_editable_in_cart":false,"composite_sold_individually_context":"","composite_shop_price_calc":"","composite_components":[],"composite_scenarios":[],"_links":{"self":[{"href":"https:\/\/v2.intervals.lv\/lv\/wp-json\/wp\/v2\/product\/31168","targetHints":{"allow":["GET"]}}],"collection":[{"href":"https:\/\/v2.intervals.lv\/lv\/wp-json\/wp\/v2\/product"}],"about":[{"href":"https:\/\/v2.intervals.lv\/lv\/wp-json\/wp\/v2\/types\/product"}],"replies":[{"embeddable":true,"href":"https:\/\/v2.intervals.lv\/lv\/wp-json\/wp\/v2\/comments?post=31168"}],"wp:featuredmedia":[{"embeddable":true,"href":"https:\/\/v2.intervals.lv\/lv\/wp-json\/wp\/v2\/media\/55074"}],"wp:attachment":[{"href":"https:\/\/v2.intervals.lv\/lv\/wp-json\/wp\/v2\/media?parent=31168"}],"wp:term":[{"taxonomy":"product_brand","embeddable":true,"href":"https:\/\/v2.intervals.lv\/lv\/wp-json\/wp\/v2\/product_brand?post=31168"},{"taxonomy":"product_cat","embeddable":true,"href":"https:\/\/v2.intervals.lv\/lv\/wp-json\/wp\/v2\/product_cat?post=31168"},{"taxonomy":"product_tag","embeddable":true,"href":"https:\/\/v2.intervals.lv\/lv\/wp-json\/wp\/v2\/product_tag?post=31168"}],"curies":[{"name":"wp","href":"https:\/\/api.w.org\/{rel}","templated":true}]}}