{"id":3122,"date":"2017-02-08T14:57:22","date_gmt":"2017-02-08T12:57:22","guid":{"rendered":"http:\/\/isostar.lv\/product\/tabletes-powertabs-orange-120g-10x12g\/"},"modified":"2026-02-03T12:21:41","modified_gmt":"2026-02-03T10:21:41","slug":"isostar-tabletes-hydrate-perform-powertabs-orange-10x12g","status":"publish","type":"product","link":"https:\/\/v2.intervals.lv\/lv\/product\/isostar-tabletes-hydrate-perform-powertabs-orange-10x12g\/","title":{"rendered":"Isostar tablet\u0117s Hydrate &#038; Perform Powertabs Orange (10x12g)"},"content":{"rendered":"<div class=\"tlid-input input\">\n<div class=\"source-wrap\">\n<div class=\"input-full-height-wrapper tlid-input-full-height-wrapper\">\n<div class=\"source-input\">\n<div class=\"source-footer-wrap source-or-target-footer\">\n<div class=\"character-count tlid-character-count\">\n<div class=\"cc-ctr normal\">\n<p><strong>Isostar Hydrate &amp; Perform Powertabs Orange Isotonic Drink<\/strong> \u2013 tai tablet\u0117s, skirtos gaminti apelsin\u0173 skonio izotonin\u012f g\u0117rim\u0105. \u0160ios putojan\u010dios tablet\u0117s ypa\u010d tinka trumpoms, intensyvioms apkrovoms. Jame yra paprast\u0173j\u0173 angliavandeni\u0173 ir elektrolit\u0173, kurie padeda i\u0161laikyti i\u0161tverm\u0119 treniruo\u010di\u0173 metu ir palaiko hidratacij\u0105 organizmui . \u0160is izotoninis g\u0117rimas u\u017etikrina optimali\u0105 skys\u010di\u0173 absorbcij\u0105 ir skrand\u017eio i\u0161tu\u0161tinim\u0105. Izotoniniame g\u0117rime yra vitamin\u0173 ir mineral\u0173. Vitaminas B1 padeda u\u017etikrinti optimal\u0173 energijos metabolizm\u0105 arba maistini\u0173 med\u017eiag\u0173 pavertim\u0105 energija. Vitaminas C ir E padeda apsaugoti l\u0105steles nuo oksidacinio streso. Vitaminas C padeda suma\u017einti silpnum\u0105 ir nuovarg\u012f. Kalcis ir magnis u\u017etikrina veiksming\u0105 raumen\u0173 funkcij\u0105 fizinio kr\u016bvio metu.<\/p>\n<\/div>\n<\/div>\n<\/div>\n<\/div>\n<\/div>\n<\/div>\n<\/div>\n<div class=\"tlid-results-container results-container\">\n<div class=\"tlid-result result-dict-wrapper\">\n<div class=\"result tlid-copy-target\">\n<div class=\"text-wrap tlid-copy-target\">\n<div class=\"result-shield-container tlid-copy-target\" tabindex=\"0\"><span class=\"tlid-translation translation\" lang=\"lt\"><br \/>\n<span class=\"\" title=\"\">Gamintojo svetain\u0117: <a href=\"http:\/\/www.isostar.fr\">isostar.fr<\/a><\/span><\/span><\/div>\n<\/div>\n<\/div>\n<\/div>\n<\/div>\n","protected":false},"excerpt":{"rendered":"<ul>\n<li>Izotonin\u0117 formul\u0117.<\/li>\n<li>Sud\u0117tyje yra vitamin\u0173 C, B1 ir E.<\/li>\n<li>Sud\u0117tyje yra magnio ir kalcio.<\/li>\n<\/ul>\n","protected":false},"featured_media":55017,"comment_status":"open","ping_status":"closed","template":"","meta":[],"product_brand":[2100],"product_cat":[166,160],"product_tag":[],"class_list":{"0":"post-3122","1":"product","2":"type-product","3":"status-publish","4":"has-post-thumbnail","6":"product_brand-isostar-lt","7":"product_cat-izotoniniai-gerimai","8":"product_cat-greitos-energijos","9":"pa_garsa-apelsinu-lt","10":"pa_lietosanas-laiks-veikla","11":"pa_lietosanas-laiks-paruosimas","12":"pa_lietosanas-merkis-greita-energijos-lt","14":"first","15":"instock","16":"shipping-taxable","17":"purchasable","18":"product-type-simple"},"composite_virtual":false,"composite_layout":"","composite_add_to_cart_form_location":"","composite_editable_in_cart":false,"composite_sold_individually_context":"","composite_shop_price_calc":"","composite_components":[],"composite_scenarios":[],"_links":{"self":[{"href":"https:\/\/v2.intervals.lv\/lv\/wp-json\/wp\/v2\/product\/3122","targetHints":{"allow":["GET"]}}],"collection":[{"href":"https:\/\/v2.intervals.lv\/lv\/wp-json\/wp\/v2\/product"}],"about":[{"href":"https:\/\/v2.intervals.lv\/lv\/wp-json\/wp\/v2\/types\/product"}],"replies":[{"embeddable":true,"href":"https:\/\/v2.intervals.lv\/lv\/wp-json\/wp\/v2\/comments?post=3122"}],"wp:featuredmedia":[{"embeddable":true,"href":"https:\/\/v2.intervals.lv\/lv\/wp-json\/wp\/v2\/media\/55017"}],"wp:attachment":[{"href":"https:\/\/v2.intervals.lv\/lv\/wp-json\/wp\/v2\/media?parent=3122"}],"wp:term":[{"taxonomy":"product_brand","embeddable":true,"href":"https:\/\/v2.intervals.lv\/lv\/wp-json\/wp\/v2\/product_brand?post=3122"},{"taxonomy":"product_cat","embeddable":true,"href":"https:\/\/v2.intervals.lv\/lv\/wp-json\/wp\/v2\/product_cat?post=3122"},{"taxonomy":"product_tag","embeddable":true,"href":"https:\/\/v2.intervals.lv\/lv\/wp-json\/wp\/v2\/product_tag?post=3122"}],"curies":[{"name":"wp","href":"https:\/\/api.w.org\/{rel}","templated":true}]}}