{"id":3146,"date":"2017-02-08T14:24:40","date_gmt":"2017-02-08T12:24:40","guid":{"rendered":"http:\/\/isostar.lv\/product\/pulveris-mass-gainer-vanilla-950g\/"},"modified":"2025-11-27T15:06:04","modified_gmt":"2025-11-27T13:06:04","slug":"isostar-baltymu-milteliai-mass-gainer-vanilla-700g","status":"publish","type":"product","link":"https:\/\/v2.intervals.lv\/lv\/product\/isostar-baltymu-milteliai-mass-gainer-vanilla-700g\/","title":{"rendered":"Isostar baltym\u0173 milteliai Mass Gainer Vanilla 700g"},"content":{"rendered":"<p><strong>Isostar Mass Gainer Vanilla<\/strong> baltym\u0173 milteliai  naudojami baltym\u0173 g\u0117rimui gaminti. Jo pagrind\u0105 sudaro 24% pieno baltymai ir 67% angliavandeni\u0173. Skirta treniruot\u0117ms ir po j\u0173. G\u0117rimas padidina raumen\u0173 j\u0117g\u0105 ir skatina raumen\u0173 mas\u0117s padid\u0117jim\u0105. Sud\u0117tyje yra angliavandeni\u0173, kad b\u016bt\u0173 u\u017etikrinta reikiama j\u0117ga fizinio kr\u016bvio metu. Taip pat u\u017etikrinamas optimalus raumen\u0173 atsistatymas po fizinio kr\u016bvio. G\u0117rime gausu vitamin\u0173 E, C, B6, B1, B2 (riboflavino) ir PP (niacino) bei mineral\u0173. Kalcis- dalyvauja raumen\u0173 susitraukimo procese, tod\u0117l \u0161is komponentas g\u0117rime u\u017etikrina optimali\u0105 raumen\u0173 funkcij\u0105. Vitaminai C, B2, PP ir B6 bei magnis padeda suma\u017einti nuovarg\u012f. Magnis vaidina gyvybi\u0161kai svarb\u0173 vaidmen\u012f kei\u010diant glikogen\u0105 \u012f gliukoz\u0119 \u2013 pagrindin\u012f energijos \u0161altin\u012f fizinio kr\u016bvio metu. Vitaminas B2 ir vitaminas B6 dalyvauja formuojant raudonuosius kraujo k\u016bnelius ir u\u017etikrina optimal\u0173 deguonies tiekim\u0105 raumenims. Vitaminas B6 gerina baltym\u0173 ir glikogeno apykait\u0105. Vitaminas E yra antioksidantas, saugantis organizmo l\u0105steles nuo laisv\u0173j\u0173 radikal\u0173 poveikio.<br \/>\nModernesn\u0117 pakuot\u0117, leid\u017eianti lengvai naudoti ir paruo\u0161ti g\u0117rim\u0105.<\/p>\n<p><strong>ISOSTAR Clean Engagement<\/strong> simbolis garantuoja, kad gaminyje n\u0117ra neleistin\u0173 med\u017eiag\u0173, jis reguliariai tikrinamas ir analizuojamas nepriklausomose laboratorijose, o gaminant gamin\u012f naudojami tik maisto komponentai ir ekologi\u0161ka pakuot\u0117.<\/p>\n<p>Tai yra maisto papildas. Labai svarbu \u012fvairi ir subalansuota mityba bei sveika gyvensena.<\/p>\n<p>Gamintojo svetain\u0117: <a href=\"http:\/\/www.isostar.fr\/\">isostar.fr<\/a><\/p>\n","protected":false},"excerpt":{"rendered":"<ul>\n<li>G\u0117rimas, skirtas vartoti tiek fizinio kr\u016bvio metu, tiek po jo.<\/li>\n<li>Sud\u0117tyje yra <strong>kalcio<\/strong>, u\u017etikrinan\u010dio optimali\u0105 raumen\u0173 funkcij\u0105, nes kalcis yra panaudojamas raumen\u0173 susitraukimo procese.<\/li>\n<li>Sud\u0117tyje yra <strong>magnio<\/strong>, kuris padeda suma\u017einti nuovarg\u012f \u2013 magnis vaidina gyvybi\u0161kai svarb\u0173 vaidmen\u012f konvertuojant glikogen\u0105 \u012f gliukoz\u0119 \u2013 pagrindin\u012f energijos \u0161altin\u012f fizinio kr\u016bvio metu.<\/li>\n<li>Modernesn\u0117 pakuot\u0117, leid\u017eianti lengvai naudoti ir paruo\u0161ti g\u0117rim\u0105.<\/li>\n<li>Turtingas vitamin\u0173 \u0161altinis \u2013 jame yra E, C, B6, B1, B2, PP.<\/li>\n<li><strong>ISOSTAR Clean Engagement<\/strong> simbolis garantuoja, kad gaminyje n\u0117ra neleistin\u0173 med\u017eiag\u0173. Jis reguliariai tikrinamas ir analizuojamas nepriklausomose laboratorijose, o gaminiui gaminti naudojami tik maisto komponentai, ekologi\u0161kos pakuot\u0117s.<\/li>\n<\/ul>\n","protected":false},"featured_media":54985,"comment_status":"open","ping_status":"closed","template":"","meta":[],"product_brand":[2100],"product_cat":[169,157],"product_tag":[],"class_list":{"0":"post-3146","1":"product","2":"type-product","3":"status-publish","4":"has-post-thumbnail","6":"product_brand-isostar-lt","7":"product_cat-baltymu-gerimai","8":"product_cat-raumenu-ir-fitneso","9":"pa_citi-su-baltymu","10":"pa_garsa-vaniles","11":"pa_lietosanas-laiks-veikla","12":"pa_lietosanas-laiks-atsigavimui","13":"pa_lietosanas-merkis-raumenims-fitness","15":"first","16":"instock","17":"shipping-taxable","18":"purchasable","19":"product-type-simple"},"composite_virtual":false,"composite_layout":"","composite_add_to_cart_form_location":"","composite_editable_in_cart":false,"composite_sold_individually_context":"","composite_shop_price_calc":"","composite_components":[],"composite_scenarios":[],"_links":{"self":[{"href":"https:\/\/v2.intervals.lv\/lv\/wp-json\/wp\/v2\/product\/3146","targetHints":{"allow":["GET"]}}],"collection":[{"href":"https:\/\/v2.intervals.lv\/lv\/wp-json\/wp\/v2\/product"}],"about":[{"href":"https:\/\/v2.intervals.lv\/lv\/wp-json\/wp\/v2\/types\/product"}],"replies":[{"embeddable":true,"href":"https:\/\/v2.intervals.lv\/lv\/wp-json\/wp\/v2\/comments?post=3146"}],"wp:featuredmedia":[{"embeddable":true,"href":"https:\/\/v2.intervals.lv\/lv\/wp-json\/wp\/v2\/media\/54985"}],"wp:attachment":[{"href":"https:\/\/v2.intervals.lv\/lv\/wp-json\/wp\/v2\/media?parent=3146"}],"wp:term":[{"taxonomy":"product_brand","embeddable":true,"href":"https:\/\/v2.intervals.lv\/lv\/wp-json\/wp\/v2\/product_brand?post=3146"},{"taxonomy":"product_cat","embeddable":true,"href":"https:\/\/v2.intervals.lv\/lv\/wp-json\/wp\/v2\/product_cat?post=3146"},{"taxonomy":"product_tag","embeddable":true,"href":"https:\/\/v2.intervals.lv\/lv\/wp-json\/wp\/v2\/product_tag?post=3146"}],"curies":[{"name":"wp","href":"https:\/\/api.w.org\/{rel}","templated":true}]}}