{"id":3166,"date":"2017-02-08T13:44:06","date_gmt":"2017-02-08T11:44:06","guid":{"rendered":"http:\/\/isostar.lv\/product\/pulveris-hydrate-perform-fresh-400g\/"},"modified":"2026-03-01T08:08:27","modified_gmt":"2026-03-01T06:08:27","slug":"isostar-hydrate-perform-milteliai-grapefruit-400g","status":"publish","type":"product","link":"https:\/\/v2.intervals.lv\/lv\/product\/isostar-hydrate-perform-milteliai-grapefruit-400g\/","title":{"rendered":"Isostar Hydrate &#038; Perform milteliai Grapefruit 400g"},"content":{"rendered":"<p><strong>Isostar Hydrate &amp; Perform Grapefruit <\/strong>izotoninio g\u0117rimo mi\u0161inys, skirtas u\u017etikrinti reikiam\u0105 skys\u010di\u0173, energijos ir mikroelement\u0173 kiek\u012f organizme. Unikaliu angliavandeni\u0173 ir natrio deriniu suteikiamas dvigubas efektas.Izotonine formule u\u017etikrinamas greitas skys\u010di\u0173 ir med\u017eiag\u0173 pasisavinimas, d\u0117l to pager\u0117ja sportininko pasiekimai ir i\u0161tverm\u0117 bei suma\u017einama traum\u0173 rizika. Greita hidratacija. Auk\u0161ta energin\u0117 vert\u0117. Mineralin\u0117s med\u017eiagos ir vitaminai. Antidopingo garantija.<\/p>\n<p>Gamintojo svetain\u0117: <a href=\"http:\/\/www.isostar.fr\">isostar.fr<\/a><\/p>\n","protected":false},"excerpt":{"rendered":"<ul>\n<li>Angliavandeni\u0173 ir elektrolit\u0173 g\u0117rimas.<\/li>\n<li>Mikroelementai &#8211; kalcis, magnis.<\/li>\n<li>Greita hidratacija.<\/li>\n<li>Antidopingo garantija.<\/li>\n<\/ul>\n","protected":false},"featured_media":54970,"comment_status":"open","ping_status":"closed","template":"","meta":[],"product_brand":[2100],"product_cat":[166,160],"product_tag":[],"class_list":{"0":"post-3166","1":"product","2":"type-product","3":"status-publish","4":"has-post-thumbnail","6":"product_brand-isostar-lt","7":"product_cat-izotoniniai-gerimai","8":"product_cat-greitos-energijos","9":"pa_garsa-greipfruto","10":"pa_lietosanas-laiks-veikla","11":"pa_lietosanas-laiks-paruosimas","12":"pa_lietosanas-merkis-greita-energijos-lt","14":"first","15":"instock","16":"shipping-taxable","17":"purchasable","18":"product-type-simple"},"composite_virtual":false,"composite_layout":"","composite_add_to_cart_form_location":"","composite_editable_in_cart":false,"composite_sold_individually_context":"","composite_shop_price_calc":"","composite_components":[],"composite_scenarios":[],"_links":{"self":[{"href":"https:\/\/v2.intervals.lv\/lv\/wp-json\/wp\/v2\/product\/3166","targetHints":{"allow":["GET"]}}],"collection":[{"href":"https:\/\/v2.intervals.lv\/lv\/wp-json\/wp\/v2\/product"}],"about":[{"href":"https:\/\/v2.intervals.lv\/lv\/wp-json\/wp\/v2\/types\/product"}],"replies":[{"embeddable":true,"href":"https:\/\/v2.intervals.lv\/lv\/wp-json\/wp\/v2\/comments?post=3166"}],"wp:featuredmedia":[{"embeddable":true,"href":"https:\/\/v2.intervals.lv\/lv\/wp-json\/wp\/v2\/media\/54970"}],"wp:attachment":[{"href":"https:\/\/v2.intervals.lv\/lv\/wp-json\/wp\/v2\/media?parent=3166"}],"wp:term":[{"taxonomy":"product_brand","embeddable":true,"href":"https:\/\/v2.intervals.lv\/lv\/wp-json\/wp\/v2\/product_brand?post=3166"},{"taxonomy":"product_cat","embeddable":true,"href":"https:\/\/v2.intervals.lv\/lv\/wp-json\/wp\/v2\/product_cat?post=3166"},{"taxonomy":"product_tag","embeddable":true,"href":"https:\/\/v2.intervals.lv\/lv\/wp-json\/wp\/v2\/product_tag?post=3166"}],"curies":[{"name":"wp","href":"https:\/\/api.w.org\/{rel}","templated":true}]}}