{"id":31837,"date":"2020-06-04T10:00:34","date_gmt":"2020-06-04T08:00:34","guid":{"rendered":"https:\/\/isostar.lv\/?post_type=product&#038;p=31837"},"modified":"2026-03-01T07:10:09","modified_gmt":"2026-03-01T05:10:09","slug":"isostar-reload-sport-bar-chocolate-40g","status":"publish","type":"product","link":"https:\/\/v2.intervals.lv\/lv\/product\/isostar-reload-sport-bar-chocolate-40g\/","title":{"rendered":"Isostar Reload Sport batoni\u0146\u0161 Chocolate 40g"},"content":{"rendered":"<p><strong>Isostar Reload Sport Bar Chocolate<\/strong> batoni\u0146\u0161 ar \u0161okol\u0101des gar\u0161u ir speci\u0101li izstr\u0101d\u0101ts, lai optimiz\u0113tu atjauno\u0161an\u0101s procesu sportistiem, it \u012bpa\u0161i p\u0113c iztur\u012bbas sporta veidiem. T\u0101 sast\u0101v\u0101 eso\u0161\u0101s olbaltumvielas pal\u012bdz saglab\u0101t un atjaunot musku\u013cu apjomu. Og\u013chidr\u0101ti pal\u012bdz atjaunot izt\u0113r\u0113t\u0101s glikog\u0113na rezerves. Atjaunojo\u0161\u0101 prote\u012bna batoni\u0146\u0101 eso\u0161ie vitam\u012bni un miner\u0101lvielas kompens\u0113 tos zudumus, kuri radu\u0161ies sv\u012b\u0161anas laik\u0101, akt\u012bvi sportojot. Vitam\u012bns B1, vitam\u012bns B2, vitam\u012bns B6 un vitam\u012bns PP \u00a0ir nepiecie\u0161ami, lai organisms p\u0101rv\u0113rstu bar\u012bbas vielas ener\u0123ij\u0101, vitam\u012bns B2 un vitam\u012bns B6 \u00a0ir iesaist\u012bti sarkano asins\u0137ermen\u012b\u0161u veido\u0161an\u0101. Tie ir atbild\u012bgi par sk\u0101bek\u013ca pieg\u0101di musku\u013ciem. Vitam\u012bns B6 ir nepiecie\u0161ams olbaltumvielu un glikog\u0113na metabolism\u0101. Vitam\u012bns C un vitam\u012bns<strong>\u00a0<\/strong>E ir antioksidanti, kas aizsarg\u0101 organisma \u0161\u016bnas no br\u012bvo radik\u0101\u013cu iedarb\u012bbas.<\/p>\n<p>Isostar Reload Sport Bar Chocolate batoni\u0146\u0161 piem\u0113rots lieto\u0161anai p\u0113c fiziskas slodzes.\u00a0 Ieteicams lietot pirmaj\u0101s 15-30 min\u016bt\u0113s p\u0113c slodzes. Var lietot kop\u0101 ar After Sport Reload dz\u0113rienu.<br \/>\nLietot k\u0101 papildin\u0101jumu vesel\u012bgam dz\u012bvesveidam un sabalans\u0113tam uzturam.<\/p>\n<p>Ra\u017eot\u0101ja m\u0101jaslapa: <a href=\"http:\/\/www.isostar.fr\">isostar.fr<\/a><\/p>\n","protected":false},"excerpt":{"rendered":"<ul>\n<li>Atjauno\u0161an\u0101s batoni\u0146\u0161 p\u0113c fiziskas slodzes.<\/li>\n<li>Sast\u0101v\u0101 og\u013chidr\u0101ti, kas atjauno ener\u0123iju.<\/li>\n<li>Sast\u0101v\u0101 olbaltumvielas (10g\/bat.), kas uztur musku\u013cu masu.<\/li>\n<li>Vitam\u012bni B1, B2, B6, E, C un PP.<\/li>\n<li>Miner\u0101lvielas &#8211; kalcijs, magnijs, k\u0101lijs.<\/li>\n<\/ul>\n","protected":false},"featured_media":40402,"comment_status":"open","ping_status":"closed","template":"","meta":[],"product_brand":[944],"product_cat":[23,14],"product_tag":[],"class_list":{"0":"post-31837","1":"product","2":"type-product","3":"status-publish","4":"has-post-thumbnail","6":"product_brand-isostar","7":"product_cat-batonini","8":"product_cat-merkis-organisma-stiprinasana","9":"pa_citi-ar-proteinu","10":"pa_garsa-sokolades","11":"pa_lietosanas-laiks-pec","12":"pa_lietosanas-merkis-organisma-stiprinasanai","14":"first","15":"instock","16":"shipping-taxable","17":"purchasable","18":"product-type-simple"},"composite_virtual":false,"composite_layout":"","composite_add_to_cart_form_location":"","composite_editable_in_cart":false,"composite_sold_individually_context":"","composite_shop_price_calc":"","composite_components":[],"composite_scenarios":[],"_links":{"self":[{"href":"https:\/\/v2.intervals.lv\/lv\/wp-json\/wp\/v2\/product\/31837","targetHints":{"allow":["GET"]}}],"collection":[{"href":"https:\/\/v2.intervals.lv\/lv\/wp-json\/wp\/v2\/product"}],"about":[{"href":"https:\/\/v2.intervals.lv\/lv\/wp-json\/wp\/v2\/types\/product"}],"replies":[{"embeddable":true,"href":"https:\/\/v2.intervals.lv\/lv\/wp-json\/wp\/v2\/comments?post=31837"}],"wp:featuredmedia":[{"embeddable":true,"href":"https:\/\/v2.intervals.lv\/lv\/wp-json\/wp\/v2\/media\/40402"}],"wp:attachment":[{"href":"https:\/\/v2.intervals.lv\/lv\/wp-json\/wp\/v2\/media?parent=31837"}],"wp:term":[{"taxonomy":"product_brand","embeddable":true,"href":"https:\/\/v2.intervals.lv\/lv\/wp-json\/wp\/v2\/product_brand?post=31837"},{"taxonomy":"product_cat","embeddable":true,"href":"https:\/\/v2.intervals.lv\/lv\/wp-json\/wp\/v2\/product_cat?post=31837"},{"taxonomy":"product_tag","embeddable":true,"href":"https:\/\/v2.intervals.lv\/lv\/wp-json\/wp\/v2\/product_tag?post=31837"}],"curies":[{"name":"wp","href":"https:\/\/api.w.org\/{rel}","templated":true}]}}