{"id":31838,"date":"2020-06-04T10:00:34","date_gmt":"2020-06-04T08:00:34","guid":{"rendered":"https:\/\/isostar.lv\/?post_type=product&#038;p=31838"},"modified":"2026-02-28T22:27:13","modified_gmt":"2026-02-28T20:27:13","slug":"isostar-reload-sport-chocolate-batoon-40g","status":"publish","type":"product","link":"https:\/\/v2.intervals.lv\/lv\/product\/isostar-reload-sport-chocolate-batoon-40g\/","title":{"rendered":"Isostar Reload Sport Chocolate batoon 40g"},"content":{"rendered":"<p><strong>Isostar Reload Sport Chocolate<\/strong> on m\u00f5eldud sportlastele taastumisfaasi kiirendamiseks, eriti vastupidavusalade puhul. Batoon sisaldab v\u00e4hemalt 25% valke, mis aitavad valgus\u00fcnteesil ja lihaste taastumisel kohe p\u00e4rast treeningut alata. S\u00fcsivesikud aitavad kehal gl\u00fckogeenivarusid taastada, laadides keha uuesti energiaga; vitamiinid ja mineraalid asendavad treeningul higistamisega kaotatud aineid. \u0160okolaadimaitselist batooni on lihtne k\u00f5ikjal kaasas kanda &#8211; see aitab iga\u00fchel taastumisperioodi efektiivseks ja nauditavaks muuta.<\/p>\n<p>Tootja veebisait: <a href=\"http:\/\/www.isostar.fr\">isostar.fr<\/a><\/p>\n","protected":false},"excerpt":{"rendered":"<ul>\n<li>Taastumisriba p\u00e4rast treeningut.<\/li>\n<li>Sisaldab energiat taastavaid s\u00fcsivesikuid.<\/li>\n<li>Sisaldab valku (10 g batti kohta), mis s\u00e4ilitab lihasmassi.<\/li>\n<li>Vitamiinid B1, B2, B6, E, C ja PP.<\/li>\n<li>Mineraalid &#8211; kaltsium, magneesium, kaalium.<\/li>\n<\/ul>\n","protected":false},"featured_media":40403,"comment_status":"open","ping_status":"closed","template":"","meta":[],"product_brand":[2102],"product_cat":[471,467],"product_tag":[],"class_list":{"0":"post-31838","1":"product","2":"type-product","3":"status-publish","4":"has-post-thumbnail","6":"product_brand-isostar-ee","7":"product_cat-energiabatoonid","8":"product_cat-organismi-tugevdamine","9":"pa_citi-valguga","10":"pa_garsa-sokolaadi","11":"pa_lietosanas-laiks-enne","12":"pa_lietosanas-merkis-organisma-stiprinasanai-et","14":"first","15":"instock","16":"shipping-taxable","17":"purchasable","18":"product-type-simple"},"composite_virtual":false,"composite_layout":"","composite_add_to_cart_form_location":"","composite_editable_in_cart":false,"composite_sold_individually_context":"","composite_shop_price_calc":"","composite_components":[],"composite_scenarios":[],"_links":{"self":[{"href":"https:\/\/v2.intervals.lv\/lv\/wp-json\/wp\/v2\/product\/31838","targetHints":{"allow":["GET"]}}],"collection":[{"href":"https:\/\/v2.intervals.lv\/lv\/wp-json\/wp\/v2\/product"}],"about":[{"href":"https:\/\/v2.intervals.lv\/lv\/wp-json\/wp\/v2\/types\/product"}],"replies":[{"embeddable":true,"href":"https:\/\/v2.intervals.lv\/lv\/wp-json\/wp\/v2\/comments?post=31838"}],"wp:featuredmedia":[{"embeddable":true,"href":"https:\/\/v2.intervals.lv\/lv\/wp-json\/wp\/v2\/media\/40403"}],"wp:attachment":[{"href":"https:\/\/v2.intervals.lv\/lv\/wp-json\/wp\/v2\/media?parent=31838"}],"wp:term":[{"taxonomy":"product_brand","embeddable":true,"href":"https:\/\/v2.intervals.lv\/lv\/wp-json\/wp\/v2\/product_brand?post=31838"},{"taxonomy":"product_cat","embeddable":true,"href":"https:\/\/v2.intervals.lv\/lv\/wp-json\/wp\/v2\/product_cat?post=31838"},{"taxonomy":"product_tag","embeddable":true,"href":"https:\/\/v2.intervals.lv\/lv\/wp-json\/wp\/v2\/product_tag?post=31838"}],"curies":[{"name":"wp","href":"https:\/\/api.w.org\/{rel}","templated":true}]}}