{"id":31839,"date":"2020-06-04T10:00:34","date_gmt":"2020-06-04T08:00:34","guid":{"rendered":"https:\/\/isostar.lv\/?post_type=product&#038;p=31839"},"modified":"2026-02-19T16:06:12","modified_gmt":"2026-02-19T14:06:12","slug":"isostar-batonelis-reload-after-sport-chocolate-40g","status":"publish","type":"product","link":"https:\/\/v2.intervals.lv\/lv\/product\/isostar-batonelis-reload-after-sport-chocolate-40g\/","title":{"rendered":"Isostar baton\u0117lis Reload After Sport Chocolate 40g"},"content":{"rendered":"<p><strong>Isostar Reload After Sport Bar<\/strong> \u0161okolado baton\u0117lis. Siekdami u\u017etikrinti optimal\u0173 raumen\u0173 funkcij\u0173 atstatym\u0105 ir med\u017eiag\u0173 apykait\u0105, suvalgykite 1 baton\u0117l\u012f pra\u0117jus 15 minu\u010di\u0173 po treniruo\u010di\u0173. Optimalus angliavandeni\u0173 junginys. 6 vitaminai: E, C, B1, B6, B2 ir PP (niacinas). 2 mineralin\u0117s med\u017eiagos: kalcis ir magnis.<\/p>\n<p>Gamintojo svetain\u0117: <a href=\"http:\/\/www.isostar.fr\">isostar.fr<\/a><\/p>\n","protected":false},"excerpt":{"rendered":"<ul>\n<li>25% baltym\u0173.<\/li>\n<li>Optimalus angliavandeni\u0173 junginys.<\/li>\n<li>6 vitaminai: E, C, B1, B6, B2 ir PP.<\/li>\n<li>Mineralin\u0117s med\u017eiagos: kalcis ir magnis.<\/li>\n<\/ul>\n","protected":false},"featured_media":40404,"comment_status":"open","ping_status":"closed","template":"","meta":[],"product_brand":[2100],"product_cat":[164,159],"product_tag":[],"class_list":{"0":"post-31839","1":"product","2":"type-product","3":"status-publish","4":"has-post-thumbnail","6":"product_brand-isostar-lt","7":"product_cat-batoneliai","8":"product_cat-stiprinti-organizma","9":"pa_citi-su-baltymu","10":"pa_garsa-sokolado","11":"pa_lietosanas-laiks-atsigavimui","12":"pa_lietosanas-merkis-organisma-stiprinantys-lt","14":"first","15":"instock","16":"shipping-taxable","17":"purchasable","18":"product-type-simple"},"composite_virtual":false,"composite_layout":"","composite_add_to_cart_form_location":"","composite_editable_in_cart":false,"composite_sold_individually_context":"","composite_shop_price_calc":"","composite_components":[],"composite_scenarios":[],"_links":{"self":[{"href":"https:\/\/v2.intervals.lv\/lv\/wp-json\/wp\/v2\/product\/31839","targetHints":{"allow":["GET"]}}],"collection":[{"href":"https:\/\/v2.intervals.lv\/lv\/wp-json\/wp\/v2\/product"}],"about":[{"href":"https:\/\/v2.intervals.lv\/lv\/wp-json\/wp\/v2\/types\/product"}],"replies":[{"embeddable":true,"href":"https:\/\/v2.intervals.lv\/lv\/wp-json\/wp\/v2\/comments?post=31839"}],"wp:featuredmedia":[{"embeddable":true,"href":"https:\/\/v2.intervals.lv\/lv\/wp-json\/wp\/v2\/media\/40404"}],"wp:attachment":[{"href":"https:\/\/v2.intervals.lv\/lv\/wp-json\/wp\/v2\/media?parent=31839"}],"wp:term":[{"taxonomy":"product_brand","embeddable":true,"href":"https:\/\/v2.intervals.lv\/lv\/wp-json\/wp\/v2\/product_brand?post=31839"},{"taxonomy":"product_cat","embeddable":true,"href":"https:\/\/v2.intervals.lv\/lv\/wp-json\/wp\/v2\/product_cat?post=31839"},{"taxonomy":"product_tag","embeddable":true,"href":"https:\/\/v2.intervals.lv\/lv\/wp-json\/wp\/v2\/product_tag?post=31839"}],"curies":[{"name":"wp","href":"https:\/\/api.w.org\/{rel}","templated":true}]}}