{"id":34556,"date":"2020-10-20T07:48:57","date_gmt":"2020-10-20T05:48:57","guid":{"rendered":"https:\/\/isostar.lv\/?post_type=product&#038;p=34556"},"modified":"2025-07-16T09:15:39","modified_gmt":"2025-07-16T07:15:39","slug":"isostar-hydrate-perform-ecosize-pulber-1-5kg-x-6","status":"publish","type":"product","link":"https:\/\/v2.intervals.lv\/lv\/product\/isostar-hydrate-perform-ecosize-pulber-1-5kg-x-6\/","title":{"rendered":"Isostar Hydrate &#038; Perform Ecosize pulber 1.5kg x 6"},"content":{"rendered":"<p><strong>Isostar Hydrate &amp; Perform Ecosize <\/strong>isotooniline joogipulber on m\u00f5eldud sportlase varustamiseks kehas vajaliku koguse vedeliku, energia ja mikroelementidega enne, p\u00e4rast ja p\u00e4rast treeningut. Spetsiaalne isotooniline valem tagab vedeliku kiirema imendumise kehas. Enne trenni joomisega tagate vajalikud vedelikuvarud. Vedeliku tarbimine treeningu ajal aitab parandada j\u00f5udlust ja vastupidavust, v\u00e4hendades seedetrakti probleemide riski. Toote kasutamine p\u00e4rast treeningut tagab parema taastumisprotsessi. Isotooniline jook on suurep\u00e4rane energia- ja mikroelementide, eriti kaltsiumi ja magneesiumi allikas \u2013 tagab lihaste funktsiooni treeningu ja taastumise ajal. See sisaldab rikkalikult annust B1-vitamiini, mis tagab toitainete muundamise energiaks.<\/p>\n<p>Tootja veebisait: <a href=\"http:\/\/www.isostar.fr\"> isostar.fr<\/a><\/p>\n","protected":false},"excerpt":{"rendered":"<ul>\n<li>S\u00fcsivesikute ja elektrol\u00fc\u00fctide jook.<\/li>\n<li>Keha optimaalne h\u00fcdratsioon treeningute ja v\u00f5istluste ajal.<\/li>\n<li>V\u00e4rvaineid pole.<\/li>\n<li>Naturaalsed l\u00f5hna- ja maitseained.<\/li>\n<li>Sisaldab B1 vitamiin, kaltsiumi ja magneesiumi.<\/li>\n<li>\u00dcks pakend: 1.5kg.<\/li>\n<\/ul>\n<p>Komplekt sisaldab 6 pakki Hydrate &amp; Perform ecosize pulbrit. Valige allpool maitse &#8211; apelsini, sidruni v\u00f5i j\u00f5hvika.<\/p>\n","protected":false},"featured_media":139551,"comment_status":"open","ping_status":"closed","template":"","meta":[],"product_brand":[2102],"product_cat":[469,461,472],"product_tag":[],"class_list":{"0":"post-34556","1":"product","2":"type-product","3":"status-publish","4":"has-post-thumbnail","6":"product_brand-isostar-ee","7":"product_cat-outlet-et","8":"product_cat-ostke-hulgi","9":"product_cat-isotoonilised-joogid","10":"pa_lietosanas-laiks-ajal","11":"pa_lietosanas-merkis-ilgstosai-energijai-et","13":"first","14":"instock","15":"sale","16":"shipping-taxable","17":"purchasable","18":"product-type-composite"},"composite_virtual":false,"composite_layout":"paged-componentized","composite_add_to_cart_form_location":"after_summary","composite_editable_in_cart":true,"composite_sold_individually_context":"product","composite_shop_price_calc":"min_max","composite_components":[{"id":"1603180517","title":"1","description":"","query_type":"product_ids","query_ids":[30831,32634,140154],"default_option_id":140154,"thumbnail_id":"","thumbnail_src":"","quantity_min":2,"quantity_max":2,"priced_individually":false,"shipped_individually":false,"optional":false,"discount":30,"options_style":"thumbnails","pagination_style":"classic","display_prices":"absolute","show_sorting_options":false,"show_filtering_options":false,"attribute_filter_ids":[],"select_action":"transition","product_title_visible":true,"product_descr_visible":true,"product_price_visible":true,"product_thumb_visible":true,"subtotal_visible_product":true,"subtotal_visible_cart":true,"subtotal_visible_orders":true},{"id":"1620035449","title":"2","description":"","query_type":"product_ids","query_ids":[30831,32634,140154],"default_option_id":32634,"thumbnail_id":"","thumbnail_src":"","quantity_min":2,"quantity_max":2,"priced_individually":false,"shipped_individually":false,"optional":false,"discount":30,"options_style":"thumbnails","pagination_style":"classic","display_prices":"absolute","show_sorting_options":false,"show_filtering_options":false,"attribute_filter_ids":[],"select_action":"transition","product_title_visible":true,"product_descr_visible":true,"product_price_visible":true,"product_thumb_visible":true,"subtotal_visible_product":true,"subtotal_visible_cart":true,"subtotal_visible_orders":true},{"id":"1752655956","title":"3","description":"","query_type":"product_ids","query_ids":[30831,32634,140154],"default_option_id":30831,"thumbnail_id":"","thumbnail_src":"","quantity_min":2,"quantity_max":2,"priced_individually":false,"shipped_individually":false,"optional":false,"discount":"","options_style":"thumbnails","pagination_style":"classic","display_prices":"absolute","show_sorting_options":false,"show_filtering_options":false,"attribute_filter_ids":[],"select_action":"view","product_title_visible":true,"product_descr_visible":true,"product_price_visible":true,"product_thumb_visible":true,"subtotal_visible_product":true,"subtotal_visible_cart":true,"subtotal_visible_orders":true}],"composite_scenarios":[],"_links":{"self":[{"href":"https:\/\/v2.intervals.lv\/lv\/wp-json\/wp\/v2\/product\/34556","targetHints":{"allow":["GET"]}}],"collection":[{"href":"https:\/\/v2.intervals.lv\/lv\/wp-json\/wp\/v2\/product"}],"about":[{"href":"https:\/\/v2.intervals.lv\/lv\/wp-json\/wp\/v2\/types\/product"}],"replies":[{"embeddable":true,"href":"https:\/\/v2.intervals.lv\/lv\/wp-json\/wp\/v2\/comments?post=34556"}],"wp:featuredmedia":[{"embeddable":true,"href":"https:\/\/v2.intervals.lv\/lv\/wp-json\/wp\/v2\/media\/139551"}],"wp:attachment":[{"href":"https:\/\/v2.intervals.lv\/lv\/wp-json\/wp\/v2\/media?parent=34556"}],"wp:term":[{"taxonomy":"product_brand","embeddable":true,"href":"https:\/\/v2.intervals.lv\/lv\/wp-json\/wp\/v2\/product_brand?post=34556"},{"taxonomy":"product_cat","embeddable":true,"href":"https:\/\/v2.intervals.lv\/lv\/wp-json\/wp\/v2\/product_cat?post=34556"},{"taxonomy":"product_tag","embeddable":true,"href":"https:\/\/v2.intervals.lv\/lv\/wp-json\/wp\/v2\/product_tag?post=34556"}],"curies":[{"name":"wp","href":"https:\/\/api.w.org\/{rel}","templated":true}]}}