{"id":34557,"date":"2020-10-20T07:48:57","date_gmt":"2020-10-20T05:48:57","guid":{"rendered":"https:\/\/isostar.lv\/?post_type=product&#038;p=34557"},"modified":"2025-07-24T13:25:43","modified_gmt":"2025-07-24T11:25:43","slug":"isostar-hydrate-perform-ecosize-milteliai-1-5kg-x-6","status":"publish","type":"product","link":"https:\/\/v2.intervals.lv\/lv\/product\/isostar-hydrate-perform-ecosize-milteliai-1-5kg-x-6\/","title":{"rendered":"Isostar Hydrate &#038; Perform Ecosize milteliai 1.5kg x 6"},"content":{"rendered":"<p><strong>Isostar Hydrate &amp; Perform Ecosize<\/strong> izotoniniai g\u0117rim\u0173 milteliai yra skirti apr\u016bpinti sportinink\u0105 reikiamu skys\u010di\u0173, energijos ir mikroelement\u0173 kiekiu prie\u0161, po ir po treniruot\u0117s. Speciali izotonin\u0117 formul\u0117 u\u017etikrina greitesn\u012f skys\u010di\u0173 pasisavinim\u0105 organizme. Gerdami prie\u0161 mank\u0161t\u0105, gausite reikiam\u0105 skys\u010di\u0173 kiek\u012f. Skys\u010dio suvartojimas mank\u0161tos metu pad\u0117s pagerinti atlikim\u0105 ir i\u0161tverm\u0119, nes suma\u017eins vir\u0161kinimo trakto problem\u0173 rizik\u0105. Produkto u\u017ed\u0117jimas po apkrovos u\u017etikrins geresn\u012f atk\u016brimo proces\u0105. G\u0117rimas yra puikus energijos ir mikroelement\u0173, ypa\u010d kalcio ir magnio, \u0161altinis \u2013 u\u017etikrinantis raumen\u0173 funkcij\u0105 mank\u0161tos metu ir atsigaunant. Jame gausu vitamino B1 doz\u0117s, u\u017etikrinan\u010dios maistini\u0173 med\u017eiag\u0173 pavertim\u0105 energija.<\/p>\n<p>Tai yra maisto papildas. Labai svarbu \u012fvairi ir subalansuota mityba bei sveika gyvensena.<\/p>\n<p>Gamintojo svetain\u0117: <a href=\"http:\/\/www.isostar.fr\">isostar.fr<\/a><\/p>\n","protected":false},"excerpt":{"rendered":"<ul>\n<li>Angliavandeni\u0173 ir elektrolit\u0173 g\u0117rimas.<\/li>\n<li>Optimali k\u016bno hidratacija treniruo\u010di\u0173 ir var\u017eyb\u0173 metu.<\/li>\n<li>Be da\u017eikli\u0173.<\/li>\n<li>Nat\u016bralios kvapiosios med\u017eiagos.<\/li>\n<li>Sud\u0117tyje yra vitamino B1,\u00a0 kalcio ir magnio.<\/li>\n<li>Viena pakuot\u0117: 1.5 kg<\/li>\n<\/ul>\n<p>\u012e komplekt\u0105 \u012feina 6x Hydrate &amp; Perform Ecosize 1.5kg milteliai. \u017demiau pasirinkite skon\u012f &#8211; apelsin\u0173, citrin\u0173 arba spanguoli\u0173.<\/p>\n","protected":false},"featured_media":139552,"comment_status":"open","ping_status":"closed","template":"","meta":[],"product_brand":[2100],"product_cat":[410,341,166],"product_tag":[],"class_list":{"0":"post-34557","1":"product","2":"type-product","3":"status-publish","4":"has-post-thumbnail","6":"product_brand-isostar-lt","7":"product_cat-outlet-lt","8":"product_cat-pirkti-urmu","9":"product_cat-izotoniniai-gerimai","10":"pa_lietosanas-laiks-veikla","11":"pa_lietosanas-merkis-ilgalaiki-energijos-lt","13":"first","14":"instock","15":"sale","16":"shipping-taxable","17":"purchasable","18":"product-type-composite"},"composite_virtual":false,"composite_layout":"paged-componentized","composite_add_to_cart_form_location":"after_summary","composite_editable_in_cart":true,"composite_sold_individually_context":"product","composite_shop_price_calc":"min_max","composite_components":[{"id":"1603180517","title":"1","description":"","query_type":"product_ids","query_ids":[6458,32635,140155],"default_option_id":140155,"thumbnail_id":"","thumbnail_src":"","quantity_min":2,"quantity_max":2,"priced_individually":false,"shipped_individually":false,"optional":false,"discount":30,"options_style":"thumbnails","pagination_style":"classic","display_prices":"absolute","show_sorting_options":false,"show_filtering_options":false,"attribute_filter_ids":[],"select_action":"transition","product_title_visible":true,"product_descr_visible":true,"product_price_visible":true,"product_thumb_visible":true,"subtotal_visible_product":true,"subtotal_visible_cart":true,"subtotal_visible_orders":true},{"id":"1620035449","title":"2","description":"","query_type":"product_ids","query_ids":[6458,32635,140155],"default_option_id":32635,"thumbnail_id":"","thumbnail_src":"","quantity_min":2,"quantity_max":2,"priced_individually":false,"shipped_individually":false,"optional":false,"discount":30,"options_style":"thumbnails","pagination_style":"classic","display_prices":"absolute","show_sorting_options":false,"show_filtering_options":false,"attribute_filter_ids":[],"select_action":"transition","product_title_visible":true,"product_descr_visible":true,"product_price_visible":true,"product_thumb_visible":true,"subtotal_visible_product":true,"subtotal_visible_cart":true,"subtotal_visible_orders":true},{"id":"1752655956","title":"3","description":"","query_type":"product_ids","query_ids":[6458,32635,140155],"default_option_id":6458,"thumbnail_id":"","thumbnail_src":"","quantity_min":2,"quantity_max":2,"priced_individually":false,"shipped_individually":false,"optional":false,"discount":"","options_style":"thumbnails","pagination_style":"classic","display_prices":"absolute","show_sorting_options":false,"show_filtering_options":false,"attribute_filter_ids":[],"select_action":"view","product_title_visible":true,"product_descr_visible":true,"product_price_visible":true,"product_thumb_visible":true,"subtotal_visible_product":true,"subtotal_visible_cart":true,"subtotal_visible_orders":true}],"composite_scenarios":[],"_links":{"self":[{"href":"https:\/\/v2.intervals.lv\/lv\/wp-json\/wp\/v2\/product\/34557","targetHints":{"allow":["GET"]}}],"collection":[{"href":"https:\/\/v2.intervals.lv\/lv\/wp-json\/wp\/v2\/product"}],"about":[{"href":"https:\/\/v2.intervals.lv\/lv\/wp-json\/wp\/v2\/types\/product"}],"replies":[{"embeddable":true,"href":"https:\/\/v2.intervals.lv\/lv\/wp-json\/wp\/v2\/comments?post=34557"}],"wp:featuredmedia":[{"embeddable":true,"href":"https:\/\/v2.intervals.lv\/lv\/wp-json\/wp\/v2\/media\/139552"}],"wp:attachment":[{"href":"https:\/\/v2.intervals.lv\/lv\/wp-json\/wp\/v2\/media?parent=34557"}],"wp:term":[{"taxonomy":"product_brand","embeddable":true,"href":"https:\/\/v2.intervals.lv\/lv\/wp-json\/wp\/v2\/product_brand?post=34557"},{"taxonomy":"product_cat","embeddable":true,"href":"https:\/\/v2.intervals.lv\/lv\/wp-json\/wp\/v2\/product_cat?post=34557"},{"taxonomy":"product_tag","embeddable":true,"href":"https:\/\/v2.intervals.lv\/lv\/wp-json\/wp\/v2\/product_tag?post=34557"}],"curies":[{"name":"wp","href":"https:\/\/api.w.org\/{rel}","templated":true}]}}