{"id":35058,"date":"2020-11-24T15:07:42","date_gmt":"2020-11-24T13:07:42","guid":{"rendered":"https:\/\/isostar.lv\/?post_type=product&#038;p=35058"},"modified":"2025-12-24T05:52:33","modified_gmt":"2025-12-24T03:52:33","slug":"isostar-hydrate-perform-pulveri-x-6","status":"publish","type":"product","link":"https:\/\/v2.intervals.lv\/lv\/product\/isostar-hydrate-perform-pulveri-x-6\/","title":{"rendered":"Isostar Hydrate &#038; Perform pulveri x 6"},"content":{"rendered":"\n<p><strong>Isostar Hydrate &amp; Perform<\/strong> <strong>pulveri <\/strong>&#8211; izotoniska elektrol\u012btu dz\u0113riena pagatavo\u0161anai ir paredz\u0113ts, lai sportistam, pirms, p\u0113c un slodzes laik\u0101, nodro\u0161in\u0101tu nepiecie\u0161amo \u0161\u0137idruma, ener\u0123ijas un mikroelementu daudzumu organism\u0101. Past\u0101v\u012bga \u0161\u0137idruma uz\u0146em\u0161ana ir svar\u012bgs nosac\u012bjums visos sporta veidos. Ilgsto\u0161as slodzes laik\u0101 nepietiekamas hidrat\u0101cijas d\u0113\u013c organisms var zaud\u0113t 7-10% sava svara. Pateicoties \u012bpa\u0161ai formulai, ISOSTAR izotoniskais un vitam\u012bniem bag\u0101tin\u0101tais dz\u0113riens uzs\u016bcas organism\u0101 \u0101tr\u0101k k\u0101 \u016bdens un nodro\u0161ina t\u016bl\u012bt\u0113ju organisma hidrat\u0101ciju, nepiecie\u0161am\u0101s ener\u0123ijas un vitam\u012bnu pieg\u0101di.<\/p>\n\n\n\n<p>Dzerot Hydrate &amp; Perform izotonisko dz\u0113rienu pirms slodzes, J\u016bs nodro\u0161in\u0101siet nepiecie\u0161am\u0101s \u0161\u0137idruma rezerves. \u0160\u0137idruma uz\u0146em\u0161ana slodzes laik\u0101 pal\u012bdz\u0113s uzlabot sniegumu un iztur\u012bbu, samazinot ku\u0146\u0123a \u2013 zarnu trakta probl\u0113mu risku. Lietojot produktu p\u0113c slodzes, nodro\u0161in\u0101siet lab\u0101ku atjauno\u0161an\u0101s procesu. Izotoniskais dz\u0113riens, zin\u0101ms k\u0101 elektrol\u012btu dz\u0113riens, ir lielisks ener\u0123ijas un mikroelementu avots, \u012bpa\u0161i, kalcijs un magnijs \u2013 nodro\u0161ina musku\u013cu darb\u012bbu slodzes un atjauno\u0161an\u0101s laik\u0101. T\u0101 sast\u0101v\u0101 ir bag\u0101t\u012bga B1 vitam\u012bna deva, kas nodro\u0161ina bar\u012bbas vielu p\u0101rv\u0113r\u0161anu ener\u0123ij\u0101.<\/p>\n\n\n\n<p>Isostar Hydrate &amp; Perform pulveri &#8211; hidrat\u0101cija, elektrol\u012bti un ener\u0123ija jebkuras intens\u012bvas slodzes laik\u0101.<\/p>\n\n\n\n<p>Ra\u017eot\u0101ja m\u0101jaslapa: <a href=\"http:\/\/www.isostar.fr\">isostar.fr<\/a><\/p>\n\n\n\n<div style=\"position:relative;max-width:800px;margin:0 auto 20px;\">\n  <a href=\"https:\/\/www.youtube.com\/watch?v=JWs0KrSN_qE\" target=\"_blank\" rel=\"noopener noreferrer\" style=\"display:block;position:relative;\">\n    <img decoding=\"async\" src=\"https:\/\/v2.intervals.lv\/wp-content\/uploads\/youtube-thumbnails\/JWs0KrSN_qE.jpg\" alt=\"Skat\u012bties video YouTube\" style=\"width:100%;height:auto;border-radius:8px;box-shadow:0 4px 12px rgba(0,0,0,0.15);\">\n    <div style=\"position:absolute;top:50%;left:50%;transform:translate(-50%,-50%);width:80px;height:80px;background:rgba(255,0,0,0.9);border-radius:50%;display:flex;align-items:center;justify-content:center;box-shadow:0 4px 12px rgba(0,0,0,0.3);\">\n      <div style=\"width:0;height:0;border-left:30px solid white;border-top:18px solid transparent;border-bottom:18px solid transparent;margin-left:8px;\"><\/div>\n    <\/div>\n  <\/a>\n<\/div>\n","protected":false},"excerpt":{"rendered":"<ul>\n<li>Izotonisks og\u013chidr\u0101tu un elektrol\u012btu dz\u0113riens.<\/li>\n<li>Mikroelementi \u2013 kalcijs, magnijs, n\u0101trijs.<\/li>\n<li>Optim\u0101la organisma hidrat\u0101cija treni\u0146u un sacens\u012bbu laik\u0101.<\/li>\n<li>Satur vitam\u012bnus C un B1.<\/li>\n<li>Satur n\u0101triju.<\/li>\n<li>Bez kr\u0101sviel\u0101m.<\/li>\n<\/ul>\n<p style=\"text-align: justify;\">Komplekt\u0101 ietilpst 6 izotoniskie dz\u0113rieni, p\u0113c J\u016bsu izv\u0113les &#8211; varat tos kombin\u0113t p\u0113c vajadz\u012bbas, gan izv\u0113loties vair\u0101kus vien\u0101dus, gan da\u017e\u0101dus pulverus.<\/p>\n","protected":false},"featured_media":87943,"comment_status":"open","ping_status":"closed","template":"","meta":[],"product_brand":[944],"product_cat":[409,97,340,54,48],"product_tag":[],"class_list":{"0":"post-35058","1":"product","2":"type-product","3":"status-publish","4":"has-post-thumbnail","6":"product_brand-isostar","7":"product_cat-outlet","8":"product_cat-komplekti","9":"product_cat-perc-vairuma","10":"product_cat-prod-izotoniskie-dzerieni","11":"product_cat-merkis-atrai-energijai","12":"pa_lietosanas-merkis-atrai-energijai","14":"first","15":"instock","16":"sale","17":"shipping-taxable","18":"purchasable","19":"product-type-composite"},"composite_virtual":false,"composite_layout":"paged-componentized","composite_add_to_cart_form_location":"after_summary","composite_editable_in_cart":true,"composite_sold_individually_context":"product","composite_shop_price_calc":"min_max","composite_components":[{"id":"1488696140","title":"1","description":"","query_type":"product_ids","query_ids":[691,689,693,690],"default_option_id":691,"thumbnail_id":40875,"thumbnail_src":"https:\/\/v2.intervals.lv\/wp-content\/uploads\/2017\/03\/2Artboard-17.png","quantity_min":1,"quantity_max":1,"priced_individually":false,"shipped_individually":false,"optional":false,"discount":30,"options_style":"thumbnails","pagination_style":"classic","display_prices":"absolute","show_sorting_options":false,"show_filtering_options":false,"attribute_filter_ids":[],"select_action":"transition","product_title_visible":false,"product_descr_visible":false,"product_price_visible":true,"product_thumb_visible":true,"subtotal_visible_product":true,"subtotal_visible_cart":true,"subtotal_visible_orders":true},{"id":"1606725049","title":"2","description":"","query_type":"product_ids","query_ids":[689,690,691,693],"default_option_id":690,"thumbnail_id":40875,"thumbnail_src":"https:\/\/v2.intervals.lv\/wp-content\/uploads\/2017\/03\/2Artboard-17.png","quantity_min":1,"quantity_max":1,"priced_individually":false,"shipped_individually":false,"optional":false,"discount":30,"options_style":"thumbnails","pagination_style":"classic","display_prices":"absolute","show_sorting_options":false,"show_filtering_options":false,"attribute_filter_ids":[],"select_action":"transition","product_title_visible":true,"product_descr_visible":true,"product_price_visible":true,"product_thumb_visible":true,"subtotal_visible_product":true,"subtotal_visible_cart":true,"subtotal_visible_orders":true},{"id":"1606725050","title":"3","description":"","query_type":"product_ids","query_ids":[689,693,690,691],"default_option_id":689,"thumbnail_id":40875,"thumbnail_src":"https:\/\/v2.intervals.lv\/wp-content\/uploads\/2017\/03\/2Artboard-17.png","quantity_min":1,"quantity_max":1,"priced_individually":false,"shipped_individually":false,"optional":false,"discount":30,"options_style":"thumbnails","pagination_style":"classic","display_prices":"absolute","show_sorting_options":false,"show_filtering_options":false,"attribute_filter_ids":[],"select_action":"transition","product_title_visible":true,"product_descr_visible":true,"product_price_visible":true,"product_thumb_visible":true,"subtotal_visible_product":true,"subtotal_visible_cart":true,"subtotal_visible_orders":true},{"id":"1606725051","title":"4","description":"","query_type":"product_ids","query_ids":[689,691,690,693],"default_option_id":693,"thumbnail_id":40875,"thumbnail_src":"https:\/\/v2.intervals.lv\/wp-content\/uploads\/2017\/03\/2Artboard-17.png","quantity_min":1,"quantity_max":1,"priced_individually":false,"shipped_individually":false,"optional":false,"discount":30,"options_style":"thumbnails","pagination_style":"classic","display_prices":"absolute","show_sorting_options":false,"show_filtering_options":false,"attribute_filter_ids":[],"select_action":"transition","product_title_visible":true,"product_descr_visible":true,"product_price_visible":true,"product_thumb_visible":true,"subtotal_visible_product":true,"subtotal_visible_cart":true,"subtotal_visible_orders":true},{"id":"1606725052","title":"5","description":"","query_type":"product_ids","query_ids":[689,690,691,693],"default_option_id":693,"thumbnail_id":40875,"thumbnail_src":"https:\/\/v2.intervals.lv\/wp-content\/uploads\/2017\/03\/2Artboard-17.png","quantity_min":1,"quantity_max":1,"priced_individually":false,"shipped_individually":false,"optional":false,"discount":30,"options_style":"thumbnails","pagination_style":"classic","display_prices":"absolute","show_sorting_options":false,"show_filtering_options":false,"attribute_filter_ids":[],"select_action":"transition","product_title_visible":true,"product_descr_visible":true,"product_price_visible":true,"product_thumb_visible":true,"subtotal_visible_product":true,"subtotal_visible_cart":true,"subtotal_visible_orders":true},{"id":"1606725053","title":"6","description":"","query_type":"product_ids","query_ids":[689,690,691,693],"default_option_id":690,"thumbnail_id":40875,"thumbnail_src":"https:\/\/v2.intervals.lv\/wp-content\/uploads\/2017\/03\/2Artboard-17.png","quantity_min":1,"quantity_max":1,"priced_individually":false,"shipped_individually":false,"optional":false,"discount":30,"options_style":"thumbnails","pagination_style":"classic","display_prices":"absolute","show_sorting_options":false,"show_filtering_options":false,"attribute_filter_ids":[],"select_action":"transition","product_title_visible":true,"product_descr_visible":true,"product_price_visible":true,"product_thumb_visible":true,"subtotal_visible_product":true,"subtotal_visible_cart":true,"subtotal_visible_orders":true}],"composite_scenarios":[],"_links":{"self":[{"href":"https:\/\/v2.intervals.lv\/lv\/wp-json\/wp\/v2\/product\/35058","targetHints":{"allow":["GET"]}}],"collection":[{"href":"https:\/\/v2.intervals.lv\/lv\/wp-json\/wp\/v2\/product"}],"about":[{"href":"https:\/\/v2.intervals.lv\/lv\/wp-json\/wp\/v2\/types\/product"}],"replies":[{"embeddable":true,"href":"https:\/\/v2.intervals.lv\/lv\/wp-json\/wp\/v2\/comments?post=35058"}],"wp:featuredmedia":[{"embeddable":true,"href":"https:\/\/v2.intervals.lv\/lv\/wp-json\/wp\/v2\/media\/87943"}],"wp:attachment":[{"href":"https:\/\/v2.intervals.lv\/lv\/wp-json\/wp\/v2\/media?parent=35058"}],"wp:term":[{"taxonomy":"product_brand","embeddable":true,"href":"https:\/\/v2.intervals.lv\/lv\/wp-json\/wp\/v2\/product_brand?post=35058"},{"taxonomy":"product_cat","embeddable":true,"href":"https:\/\/v2.intervals.lv\/lv\/wp-json\/wp\/v2\/product_cat?post=35058"},{"taxonomy":"product_tag","embeddable":true,"href":"https:\/\/v2.intervals.lv\/lv\/wp-json\/wp\/v2\/product_tag?post=35058"}],"curies":[{"name":"wp","href":"https:\/\/api.w.org\/{rel}","templated":true}]}}