{"id":35060,"date":"2020-11-24T15:07:42","date_gmt":"2020-11-24T13:07:42","guid":{"rendered":"https:\/\/isostar.lv\/?post_type=product&#038;p=35060"},"modified":"2025-12-24T05:52:33","modified_gmt":"2025-12-24T03:52:33","slug":"isostar-hydrate-perform-milteliai-400g-x-6","status":"publish","type":"product","link":"https:\/\/v2.intervals.lv\/lv\/product\/isostar-hydrate-perform-milteliai-400g-x-6\/","title":{"rendered":"Isostar Hydrate &#038; Perform milteliai 400g x 6"},"content":{"rendered":"<p>Hydrate&amp;Perform izotoniniai g\u0117rim\u0173 milteliai yra skirti suteikti b\u016btin\u0105 kiek\u012f skys\u010di\u0173, energijos ir mikroelement\u0173 organizme prie\u0161 treniruotes, per ir po j\u0173. Speciali izotonin\u0117 formul\u0117 u\u017etikrina greitesn\u0119 skys\u010dio absorbcij\u0105 organizme. Geriant prie\u0161, j\u016bs gausite reikiamas skys\u010di\u0173 atsargas. Skys\u010dio vartojimas kr\u016bvio metu pad\u0117s pagerinti rezultatus ir i\u0161tverm\u0119, suma\u017einant vir\u0161kinimo trakto sutrikim\u0173 rizik\u0105. Naudodamas produkt\u0105 po kr\u016bvio, u\u017etikrinsite geresn\u012f atsistatymo proces\u0105. G\u0117rimas yra puikus energijos \u0161altinis, sud\u0117tyje yra ir mikroelementai, ypa\u010d kalcio ir magnio, kurie u\u017etikrina raumen\u0173 aktyvum\u0105 kr\u016bvio metu ir pagerina atsistatym\u0105. Jame yra daug vitamino B1, kuris pagerina med\u017eiag\u0173 \u012fsisavinima.<\/p>\n<p>Gamintojo svetain\u0117: <a href=\"http:\/\/www.isostar.fr\">isostar.fr<\/a><\/p>\n","protected":false},"excerpt":{"rendered":"<p>Nuolatinis skys\u010di\u0173 vartojimas yra svarbi s\u0105lyga visose sporto \u0161akose. Ilgai sportuodami, j\u016bs\u0173 organizmas gali prarasti 7\u201310% savo svorio d\u0117l nepakankamos hidratacijos. Specialios formul\u0117s d\u0117ka izotoninis ir vitamin\u0173 turtingas g\u0117rimas ISOSTAR organizmas absorbuojamas grei\u010diau nei vanduo ir suteikia greit\u0105 hidratacij\u0105, energij\u0105 ir vitaminus.<\/p>\n<p>Hidratuokite ir pagaminkite izotoninius g\u0117rim\u0173 miltelius, skirtus suteikti sportininkui reikiam\u0105 kiek\u012f skys\u010di\u0173, energijos ir mikroelement\u0173 prie\u0161, po ir po treniruot\u0117s.<\/p>\n<p>\u012e rinkin\u012f \u012feina 6 j\u016bs\u0173 pasirinkti izotoniniai milteliai &#8211; juos galite derinti pagal poreik\u012f, rinkdamiesi tarp skirting\u0173 milteli\u0173.<\/p>\n","protected":false},"featured_media":87945,"comment_status":"open","ping_status":"closed","template":"","meta":[],"product_brand":[2100],"product_cat":[410,153,341,166,160],"product_tag":[],"class_list":{"0":"post-35060","1":"product","2":"type-product","3":"status-publish","4":"has-post-thumbnail","6":"product_brand-isostar-lt","7":"product_cat-outlet-lt","8":"product_cat-rinkiniai","9":"product_cat-pirkti-urmu","10":"product_cat-izotoniniai-gerimai","11":"product_cat-greitos-energijos","12":"pa_lietosanas-merkis-atrai-energijai","14":"first","15":"instock","16":"sale","17":"shipping-taxable","18":"purchasable","19":"product-type-composite"},"composite_virtual":false,"composite_layout":"paged-componentized","composite_add_to_cart_form_location":"after_summary","composite_editable_in_cart":true,"composite_sold_individually_context":"product","composite_shop_price_calc":"min_max","composite_components":[{"id":"1488696140","title":"1","description":"","query_type":"product_ids","query_ids":[3162,150294,3154,3166],"default_option_id":3162,"thumbnail_id":40875,"thumbnail_src":"https:\/\/v2.intervals.lv\/wp-content\/uploads\/2017\/03\/2Artboard-17.png","quantity_min":1,"quantity_max":1,"priced_individually":false,"shipped_individually":false,"optional":false,"discount":30,"options_style":"thumbnails","pagination_style":"classic","display_prices":"absolute","show_sorting_options":false,"show_filtering_options":false,"attribute_filter_ids":[],"select_action":"transition","product_title_visible":false,"product_descr_visible":false,"product_price_visible":true,"product_thumb_visible":true,"subtotal_visible_product":true,"subtotal_visible_cart":true,"subtotal_visible_orders":true},{"id":"1606725049","title":"2","description":"","query_type":"product_ids","query_ids":[150294,3166,3162,3154],"default_option_id":3166,"thumbnail_id":40875,"thumbnail_src":"https:\/\/v2.intervals.lv\/wp-content\/uploads\/2017\/03\/2Artboard-17.png","quantity_min":1,"quantity_max":1,"priced_individually":false,"shipped_individually":false,"optional":false,"discount":30,"options_style":"thumbnails","pagination_style":"classic","display_prices":"absolute","show_sorting_options":false,"show_filtering_options":false,"attribute_filter_ids":[],"select_action":"transition","product_title_visible":true,"product_descr_visible":true,"product_price_visible":true,"product_thumb_visible":true,"subtotal_visible_product":true,"subtotal_visible_cart":true,"subtotal_visible_orders":true},{"id":"1606725050","title":"3","description":"","query_type":"product_ids","query_ids":[150294,3154,3166,3162],"default_option_id":150294,"thumbnail_id":40875,"thumbnail_src":"https:\/\/v2.intervals.lv\/wp-content\/uploads\/2017\/03\/2Artboard-17.png","quantity_min":1,"quantity_max":1,"priced_individually":false,"shipped_individually":false,"optional":false,"discount":30,"options_style":"thumbnails","pagination_style":"classic","display_prices":"absolute","show_sorting_options":false,"show_filtering_options":false,"attribute_filter_ids":[],"select_action":"transition","product_title_visible":true,"product_descr_visible":true,"product_price_visible":true,"product_thumb_visible":true,"subtotal_visible_product":true,"subtotal_visible_cart":true,"subtotal_visible_orders":true},{"id":"1606725051","title":"4","description":"","query_type":"product_ids","query_ids":[150294,3162,3166,3154],"default_option_id":3154,"thumbnail_id":40875,"thumbnail_src":"https:\/\/v2.intervals.lv\/wp-content\/uploads\/2017\/03\/2Artboard-17.png","quantity_min":1,"quantity_max":1,"priced_individually":false,"shipped_individually":false,"optional":false,"discount":30,"options_style":"thumbnails","pagination_style":"classic","display_prices":"absolute","show_sorting_options":false,"show_filtering_options":false,"attribute_filter_ids":[],"select_action":"transition","product_title_visible":true,"product_descr_visible":true,"product_price_visible":true,"product_thumb_visible":true,"subtotal_visible_product":true,"subtotal_visible_cart":true,"subtotal_visible_orders":true},{"id":"1606725052","title":"5","description":"","query_type":"product_ids","query_ids":[150294,3166,3162,3154],"default_option_id":3154,"thumbnail_id":40875,"thumbnail_src":"https:\/\/v2.intervals.lv\/wp-content\/uploads\/2017\/03\/2Artboard-17.png","quantity_min":1,"quantity_max":1,"priced_individually":false,"shipped_individually":false,"optional":false,"discount":30,"options_style":"thumbnails","pagination_style":"classic","display_prices":"absolute","show_sorting_options":false,"show_filtering_options":false,"attribute_filter_ids":[],"select_action":"transition","product_title_visible":true,"product_descr_visible":true,"product_price_visible":true,"product_thumb_visible":true,"subtotal_visible_product":true,"subtotal_visible_cart":true,"subtotal_visible_orders":true},{"id":"1606725053","title":"6","description":"","query_type":"product_ids","query_ids":[150294,3166,3162,3154],"default_option_id":3166,"thumbnail_id":40875,"thumbnail_src":"https:\/\/v2.intervals.lv\/wp-content\/uploads\/2017\/03\/2Artboard-17.png","quantity_min":1,"quantity_max":1,"priced_individually":false,"shipped_individually":false,"optional":false,"discount":30,"options_style":"thumbnails","pagination_style":"classic","display_prices":"absolute","show_sorting_options":false,"show_filtering_options":false,"attribute_filter_ids":[],"select_action":"transition","product_title_visible":true,"product_descr_visible":true,"product_price_visible":true,"product_thumb_visible":true,"subtotal_visible_product":true,"subtotal_visible_cart":true,"subtotal_visible_orders":true}],"composite_scenarios":[],"_links":{"self":[{"href":"https:\/\/v2.intervals.lv\/lv\/wp-json\/wp\/v2\/product\/35060","targetHints":{"allow":["GET"]}}],"collection":[{"href":"https:\/\/v2.intervals.lv\/lv\/wp-json\/wp\/v2\/product"}],"about":[{"href":"https:\/\/v2.intervals.lv\/lv\/wp-json\/wp\/v2\/types\/product"}],"replies":[{"embeddable":true,"href":"https:\/\/v2.intervals.lv\/lv\/wp-json\/wp\/v2\/comments?post=35060"}],"wp:featuredmedia":[{"embeddable":true,"href":"https:\/\/v2.intervals.lv\/lv\/wp-json\/wp\/v2\/media\/87945"}],"wp:attachment":[{"href":"https:\/\/v2.intervals.lv\/lv\/wp-json\/wp\/v2\/media?parent=35060"}],"wp:term":[{"taxonomy":"product_brand","embeddable":true,"href":"https:\/\/v2.intervals.lv\/lv\/wp-json\/wp\/v2\/product_brand?post=35060"},{"taxonomy":"product_cat","embeddable":true,"href":"https:\/\/v2.intervals.lv\/lv\/wp-json\/wp\/v2\/product_cat?post=35060"},{"taxonomy":"product_tag","embeddable":true,"href":"https:\/\/v2.intervals.lv\/lv\/wp-json\/wp\/v2\/product_tag?post=35060"}],"curies":[{"name":"wp","href":"https:\/\/api.w.org\/{rel}","templated":true}]}}