{"id":35894,"date":"2021-01-25T17:02:40","date_gmt":"2021-01-25T15:02:40","guid":{"rendered":"https:\/\/isostar.lv\/?post_type=product&#038;p=35894"},"modified":"2026-03-01T07:10:03","modified_gmt":"2026-03-01T05:10:03","slug":"isostar-pulse-chocolate-guarana-bar-23g","status":"publish","type":"product","link":"https:\/\/v2.intervals.lv\/lv\/product\/isostar-pulse-chocolate-guarana-bar-23g\/","title":{"rendered":"Isostar Pulse batoni\u0146\u0161 Chocolate Guarana 23g"},"content":{"rendered":"<p><strong>Isostar Pulse Chocolate Guarana <\/strong>ener\u0123ijas batoni\u0146\u0161 ar \u0161okol\u0101des gar\u0161u. Sast\u0101v\u0101 ir vienk\u0101r\u0161o un salikto og\u013chidr\u0101tu komplekss un guarana, kas nodro\u0161ina ener\u0123iju intens\u012bvu slod\u017eu laik\u0101. Batoni\u0146\u0161 satur vitam\u012bnus E, C, B1, B2, PP un B6. Vitam\u012bni C, B1, B2, PP un B6 pal\u012bdz nodro\u0161in\u0101t optim\u0101lu metabolismu jeb p\u0101rv\u0113rst bar\u012bbas vielas ener\u0123ij\u0101. Vitam\u012bni C, B2, PP un B6 pal\u012bdz mazin\u0101t nogurumu un bezsp\u0113ku. Piem\u0113rots lieto\u0161anai pirms fiziskas slodzes (15 min pirms) vai slodzes laik\u0101.<br \/>\nLietot k\u0101 papildin\u0101jumu vesel\u012bgam dz\u012bvesveidam un sabalans\u0113tam uzturam.<\/p>\n<p>Ra\u017eot\u0101ja m\u0101jaslapa:\u00a0<a href=\"http:\/\/www.isostar.fr\/\">isostar.fr<\/a><\/p>\n","protected":false},"excerpt":{"rendered":"<ul>\n<li>Batoni\u0146\u0161 ener\u0123ijas ieg\u016b\u0161anai slodzes laik\u0101.<\/li>\n<li>Satur guaranu.<\/li>\n<li>Sast\u0101v\u0101 vienk\u0101r\u0161ie un saliktie og\u013chidr\u0101ti (17g).<\/li>\n<li>Vitam\u012bni E, B1, B2, B6, C un PP.<\/li>\n<li>Piem\u0113rots lieto\u0161anai pirms slodzes un slodzes laik\u0101.<\/li>\n<\/ul>\n","protected":false},"featured_media":55086,"comment_status":"open","ping_status":"closed","template":"","meta":[],"product_brand":[944],"product_cat":[23,48],"product_tag":[],"class_list":{"0":"post-35894","1":"product","2":"type-product","3":"status-publish","4":"has-post-thumbnail","6":"product_brand-isostar","7":"product_cat-batonini","8":"product_cat-merkis-atrai-energijai","9":"pa_citi-ar-guaranu","10":"pa_lietosanas-laiks-laika","11":"pa_lietosanas-laiks-pirms","12":"pa_lietosanas-merkis-atrai-energijai","14":"first","15":"instock","16":"sale","17":"shipping-taxable","18":"purchasable","19":"product-type-simple"},"composite_virtual":false,"composite_layout":"","composite_add_to_cart_form_location":"","composite_editable_in_cart":false,"composite_sold_individually_context":"","composite_shop_price_calc":"","composite_components":[],"composite_scenarios":[],"_links":{"self":[{"href":"https:\/\/v2.intervals.lv\/lv\/wp-json\/wp\/v2\/product\/35894","targetHints":{"allow":["GET"]}}],"collection":[{"href":"https:\/\/v2.intervals.lv\/lv\/wp-json\/wp\/v2\/product"}],"about":[{"href":"https:\/\/v2.intervals.lv\/lv\/wp-json\/wp\/v2\/types\/product"}],"replies":[{"embeddable":true,"href":"https:\/\/v2.intervals.lv\/lv\/wp-json\/wp\/v2\/comments?post=35894"}],"wp:featuredmedia":[{"embeddable":true,"href":"https:\/\/v2.intervals.lv\/lv\/wp-json\/wp\/v2\/media\/55086"}],"wp:attachment":[{"href":"https:\/\/v2.intervals.lv\/lv\/wp-json\/wp\/v2\/media?parent=35894"}],"wp:term":[{"taxonomy":"product_brand","embeddable":true,"href":"https:\/\/v2.intervals.lv\/lv\/wp-json\/wp\/v2\/product_brand?post=35894"},{"taxonomy":"product_cat","embeddable":true,"href":"https:\/\/v2.intervals.lv\/lv\/wp-json\/wp\/v2\/product_cat?post=35894"},{"taxonomy":"product_tag","embeddable":true,"href":"https:\/\/v2.intervals.lv\/lv\/wp-json\/wp\/v2\/product_tag?post=35894"}],"curies":[{"name":"wp","href":"https:\/\/api.w.org\/{rel}","templated":true}]}}