{"id":35895,"date":"2021-01-25T17:02:40","date_gmt":"2021-01-25T15:02:40","guid":{"rendered":"https:\/\/isostar.lv\/?post_type=product&#038;p=35895"},"modified":"2026-02-28T22:27:12","modified_gmt":"2026-02-28T20:27:12","slug":"isostar-pulse-chocolate-guarana-batoon-23g","status":"publish","type":"product","link":"https:\/\/v2.intervals.lv\/lv\/product\/isostar-pulse-chocolate-guarana-batoon-23g\/","title":{"rendered":"Isostar Pulse Chocolate Guarana batoon 23g"},"content":{"rendered":"<p><strong>Isostar Pulse Chocolate Guarana <\/strong>\u0161okolaadi energiabatoon sisaldab keerukate ja komplekssete s\u00fcsivesikute kompleksi, mis annavad energiat intensiivsete ja pikaajaliste koormuste ajal. Nad on rikkad vitamiinide E, C, B1, B2, PP, ja B6-vitamiini poolest. Vitamiinid C, B1, B2, PP ja B6 aitavad tagada optimaalse energiavahetuse. Vitamiinid C, B2, PP ja B6 aitavad muundada toitaineid energiaks ning v\u00e4hendada v\u00e4simust ja v\u00e4simust. E-vitamiin aitab kaitsta rakke oks\u00fcdatiivse stressi eest. Sobib kasutamiseks enne treeningut (15 min) v\u00f5i treeningu ajal.<br \/>\nKasutage tervisliku eluviisi ja tasakaalustatud toitumise lisana.<\/p>\n<p>Tootja veebisait: <a href=\"http:\/\/www.isostar.fr\">isostar.fr<\/a><\/p>\n","protected":false},"excerpt":{"rendered":"<ul>\n<li>Energia: valitud s\u00fcsivesikud.<\/li>\n<li>Vitamiinid B1, B2, B6, C, E ja PP.<\/li>\n<li>Sisaldab guaraanat.<\/li>\n<\/ul>\n","protected":false},"featured_media":55087,"comment_status":"open","ping_status":"closed","template":"","meta":[],"product_brand":[2102],"product_cat":[471,468],"product_tag":[],"class_list":{"0":"post-35895","1":"product","2":"type-product","3":"status-publish","4":"has-post-thumbnail","6":"product_brand-isostar-ee","7":"product_cat-energiabatoonid","8":"product_cat-kiireks-energiaks","9":"pa_citi-guaraanaga","10":"pa_lietosanas-laiks-ajal","11":"pa_lietosanas-laiks-parast","12":"pa_lietosanas-merkis-atrai-energijai-et","14":"first","15":"instock","16":"sale","17":"shipping-taxable","18":"purchasable","19":"product-type-simple"},"composite_virtual":false,"composite_layout":"","composite_add_to_cart_form_location":"","composite_editable_in_cart":false,"composite_sold_individually_context":"","composite_shop_price_calc":"","composite_components":[],"composite_scenarios":[],"_links":{"self":[{"href":"https:\/\/v2.intervals.lv\/lv\/wp-json\/wp\/v2\/product\/35895","targetHints":{"allow":["GET"]}}],"collection":[{"href":"https:\/\/v2.intervals.lv\/lv\/wp-json\/wp\/v2\/product"}],"about":[{"href":"https:\/\/v2.intervals.lv\/lv\/wp-json\/wp\/v2\/types\/product"}],"replies":[{"embeddable":true,"href":"https:\/\/v2.intervals.lv\/lv\/wp-json\/wp\/v2\/comments?post=35895"}],"wp:featuredmedia":[{"embeddable":true,"href":"https:\/\/v2.intervals.lv\/lv\/wp-json\/wp\/v2\/media\/55087"}],"wp:attachment":[{"href":"https:\/\/v2.intervals.lv\/lv\/wp-json\/wp\/v2\/media?parent=35895"}],"wp:term":[{"taxonomy":"product_brand","embeddable":true,"href":"https:\/\/v2.intervals.lv\/lv\/wp-json\/wp\/v2\/product_brand?post=35895"},{"taxonomy":"product_cat","embeddable":true,"href":"https:\/\/v2.intervals.lv\/lv\/wp-json\/wp\/v2\/product_cat?post=35895"},{"taxonomy":"product_tag","embeddable":true,"href":"https:\/\/v2.intervals.lv\/lv\/wp-json\/wp\/v2\/product_tag?post=35895"}],"curies":[{"name":"wp","href":"https:\/\/api.w.org\/{rel}","templated":true}]}}