{"id":35896,"date":"2021-01-25T17:02:40","date_gmt":"2021-01-25T15:02:40","guid":{"rendered":"https:\/\/isostar.lv\/?post_type=product&#038;p=35896"},"modified":"2026-02-04T14:25:04","modified_gmt":"2026-02-04T12:25:04","slug":"isostar-batonelis-pulse-chocolate-guarana-23g","status":"publish","type":"product","link":"https:\/\/v2.intervals.lv\/lv\/product\/isostar-batonelis-pulse-chocolate-guarana-23g\/","title":{"rendered":"Isostar baton\u0117lis Pulse Chocolate Guarana 23g"},"content":{"rendered":"<p><strong>Baton\u0117lis Pulse Chocolate Guarana<\/strong> sud\u0117tyje yra paprast\u0173j\u0173 ir sud\u0117tini\u0173 angliavandeni\u0173 mi\u0161inys, kuriuo intensyvaus kr\u016bvio metu u\u017etikrinamas greitas energijos \u012fsisavinimas ir angliavandeni\u0173 atk\u016brimas. Vitaminais C, B1, B2, PP ir B6 u\u017etikrinamas normalus energijos metabolizmas. Vitaminai C, B2, PP ir P6 padeda suma\u017einti nuovarg\u012f. Idealus vartoti treniruo\u010di\u0173 ir var\u017eyb\u0173 metu.<\/p>\n<p>Gamintojo svetain\u0117: <a href=\"http:\/\/www.isostar.fr\">isostar.fr<\/a><\/p>\n","protected":false},"excerpt":{"rendered":"<div class=\"woocommerce-product-details__short-description\">\n<ul>\n<li>Energinis baton\u0117lis, skirtas suteikti sportininkui b\u016btin\u0173 maistini\u0173 med\u017eiag\u0173.<\/li>\n<li>Sud\u0117tyje yra guarana.<\/li>\n<li>Vitaminai E, B1, B2, B6, C ir PP.<\/li>\n<\/ul>\n<\/div>\n","protected":false},"featured_media":55088,"comment_status":"open","ping_status":"closed","template":"","meta":[],"product_brand":[2100],"product_cat":[164,160],"product_tag":[],"class_list":{"0":"post-35896","1":"product","2":"type-product","3":"status-publish","4":"has-post-thumbnail","6":"product_brand-isostar-lt","7":"product_cat-batoneliai","8":"product_cat-greitos-energijos","9":"pa_citi-su-guarana","10":"pa_lietosanas-laiks-veikla","11":"pa_lietosanas-laiks-paruosimas","12":"pa_lietosanas-merkis-greita-energijos-lt","14":"first","15":"instock","16":"sale","17":"shipping-taxable","18":"purchasable","19":"product-type-simple"},"composite_virtual":false,"composite_layout":"","composite_add_to_cart_form_location":"","composite_editable_in_cart":false,"composite_sold_individually_context":"","composite_shop_price_calc":"","composite_components":[],"composite_scenarios":[],"_links":{"self":[{"href":"https:\/\/v2.intervals.lv\/lv\/wp-json\/wp\/v2\/product\/35896","targetHints":{"allow":["GET"]}}],"collection":[{"href":"https:\/\/v2.intervals.lv\/lv\/wp-json\/wp\/v2\/product"}],"about":[{"href":"https:\/\/v2.intervals.lv\/lv\/wp-json\/wp\/v2\/types\/product"}],"replies":[{"embeddable":true,"href":"https:\/\/v2.intervals.lv\/lv\/wp-json\/wp\/v2\/comments?post=35896"}],"wp:featuredmedia":[{"embeddable":true,"href":"https:\/\/v2.intervals.lv\/lv\/wp-json\/wp\/v2\/media\/55088"}],"wp:attachment":[{"href":"https:\/\/v2.intervals.lv\/lv\/wp-json\/wp\/v2\/media?parent=35896"}],"wp:term":[{"taxonomy":"product_brand","embeddable":true,"href":"https:\/\/v2.intervals.lv\/lv\/wp-json\/wp\/v2\/product_brand?post=35896"},{"taxonomy":"product_cat","embeddable":true,"href":"https:\/\/v2.intervals.lv\/lv\/wp-json\/wp\/v2\/product_cat?post=35896"},{"taxonomy":"product_tag","embeddable":true,"href":"https:\/\/v2.intervals.lv\/lv\/wp-json\/wp\/v2\/product_tag?post=35896"}],"curies":[{"name":"wp","href":"https:\/\/api.w.org\/{rel}","templated":true}]}}