{"id":36074,"date":"2021-02-03T08:50:52","date_gmt":"2021-02-03T06:50:52","guid":{"rendered":"https:\/\/isostar.lv\/?post_type=product&#038;p=36074"},"modified":"2025-11-27T15:06:04","modified_gmt":"2025-11-27T13:06:04","slug":"isostar-batonelis-high-protein-30-toffee-crunchy-55g","status":"publish","type":"product","link":"https:\/\/v2.intervals.lv\/lv\/product\/isostar-batonelis-high-protein-30-toffee-crunchy-55g\/","title":{"rendered":"Isostar baton\u0117lis High Protein 30 Toffee Crunchy 55g"},"content":{"rendered":"<p><strong>Isostar High Protein 30 Toffee Crunchy<\/strong>, tai karamel\u0117s skonio baton\u0117lis, kurio sud\u0117tyje yra didelis kiekis baltym\u0173. Baltymai (16g arba 30%) padeda palaikyti ir padidinti raumen\u0173 mas\u0119 po intensyvaus sporto. Baton\u0117lio sud\u0117tyje n\u0117ra saldikli\u0173 ir da\u017eikli\u0173. Baton\u0117lyje suma\u017eintas cukraus ir riebal\u0173 kiekis.<br \/>\nTinka naudoti sporto metu arba i\u0161kart po sporto.<\/p>\n<p>Tai yra maisto papildas. Labai svarbu \u012fvairi ir subalansuota mityba bei sveika gyvensena.<\/p>\n<p>Gamintojo svetain\u0117: <a href=\"http:\/\/www.isostar.fr\">isostar.fr<\/a><\/p>\n","protected":false},"excerpt":{"rendered":"<ul>\n<li>30% baltym\u0173.<\/li>\n<li>Tinka naudoti sporto metu arba i\u0161kart po sporto.<\/li>\n<li>Sud\u0117tyje n\u0117ra saldikli\u0173 ir da\u017eikli\u0173.<\/li>\n<\/ul>\n","protected":false},"featured_media":138035,"comment_status":"open","ping_status":"closed","template":"","meta":[],"product_brand":[2100],"product_cat":[164,157],"product_tag":[],"class_list":{"0":"post-36074","1":"product","2":"type-product","3":"status-publish","4":"has-post-thumbnail","6":"product_brand-isostar-lt","7":"product_cat-batoneliai","8":"product_cat-raumenu-ir-fitneso","9":"pa_citi-su-baltymu","10":"pa_garsa-karameles","11":"pa_lietosanas-laiks-paruosimas","12":"pa_lietosanas-laiks-atsigavimui","13":"pa_lietosanas-merkis-raumenims-fitness","15":"first","16":"instock","17":"shipping-taxable","18":"purchasable","19":"product-type-simple"},"composite_virtual":false,"composite_layout":"","composite_add_to_cart_form_location":"","composite_editable_in_cart":false,"composite_sold_individually_context":"","composite_shop_price_calc":"","composite_components":[],"composite_scenarios":[],"_links":{"self":[{"href":"https:\/\/v2.intervals.lv\/lv\/wp-json\/wp\/v2\/product\/36074","targetHints":{"allow":["GET"]}}],"collection":[{"href":"https:\/\/v2.intervals.lv\/lv\/wp-json\/wp\/v2\/product"}],"about":[{"href":"https:\/\/v2.intervals.lv\/lv\/wp-json\/wp\/v2\/types\/product"}],"replies":[{"embeddable":true,"href":"https:\/\/v2.intervals.lv\/lv\/wp-json\/wp\/v2\/comments?post=36074"}],"wp:featuredmedia":[{"embeddable":true,"href":"https:\/\/v2.intervals.lv\/lv\/wp-json\/wp\/v2\/media\/138035"}],"wp:attachment":[{"href":"https:\/\/v2.intervals.lv\/lv\/wp-json\/wp\/v2\/media?parent=36074"}],"wp:term":[{"taxonomy":"product_brand","embeddable":true,"href":"https:\/\/v2.intervals.lv\/lv\/wp-json\/wp\/v2\/product_brand?post=36074"},{"taxonomy":"product_cat","embeddable":true,"href":"https:\/\/v2.intervals.lv\/lv\/wp-json\/wp\/v2\/product_cat?post=36074"},{"taxonomy":"product_tag","embeddable":true,"href":"https:\/\/v2.intervals.lv\/lv\/wp-json\/wp\/v2\/product_tag?post=36074"}],"curies":[{"name":"wp","href":"https:\/\/api.w.org\/{rel}","templated":true}]}}