{"id":36086,"date":"2021-02-03T10:59:27","date_gmt":"2021-02-03T08:59:27","guid":{"rendered":"https:\/\/isostar.lv\/?post_type=product&#038;p=36086"},"modified":"2026-02-05T23:13:09","modified_gmt":"2026-02-05T21:13:09","slug":"isostar-high-protein-30-chocolate-crispy-batoon-55g","status":"publish","type":"product","link":"https:\/\/v2.intervals.lv\/lv\/product\/isostar-high-protein-30-chocolate-crispy-batoon-55g\/","title":{"rendered":"Isostar High Protein 30 Chocolate Crispy batoon 55g"},"content":{"rendered":"<p><strong>Isostar High Protein 30 Chocolate Crispy <\/strong>\u0161okolaadi maitsega ja suure valgusisaldusega batoon. Selle koostises olevad valgud (16g ehk 30%) aitavad s\u00e4ilitada ja suurendada lihasmassi p\u00e4rast intensiivset koormust. Batoon ei sisalda magustajaid ega v\u00e4rvaineid. Batoonil on v\u00e4iksem suhkru- ja rasvasisaldus. Sobib kasutamiseks f\u00fc\u00fcsilise koormuse ajal v\u00f5i kohe p\u00e4rast koormust.<\/p>\n<p>Kasutage tervisliku eluviisi ja tasakaalustatud toitumise lisana.<\/p>\n<p>Tootja veebisait: <a href=\"http:\/\/www.isostar.fr\">isostar.fr<\/a><\/p>\n","protected":false},"excerpt":{"rendered":"<ul>\n<li>Sisaldab valku (16 g ehk 30% batti kohta), mis s\u00e4ilitab lihasmassi.<\/li>\n<li>V\u00e4rvideta ja magusaineteta.<\/li>\n<li>Sobib kasutamiseks treeningu ajal v\u00f5i vahetult p\u00e4rast seda.<\/li>\n<\/ul>\n","protected":false},"featured_media":138046,"comment_status":"open","ping_status":"closed","template":"","meta":[],"product_brand":[2102],"product_cat":[471,466],"product_tag":[],"class_list":{"0":"post-36086","1":"product","2":"type-product","3":"status-publish","4":"has-post-thumbnail","6":"product_brand-isostar-ee","7":"product_cat-energiabatoonid","8":"product_cat-lihastele-ja-fitnessiks","9":"pa_citi-valguga","10":"pa_garsa-sokolaadi","11":"pa_lietosanas-laiks-parast","12":"pa_lietosanas-laiks-enne","13":"pa_lietosanas-merkis-lihastele-fitnessile","15":"first","16":"instock","17":"shipping-taxable","18":"purchasable","19":"product-type-simple"},"composite_virtual":false,"composite_layout":"","composite_add_to_cart_form_location":"","composite_editable_in_cart":false,"composite_sold_individually_context":"","composite_shop_price_calc":"","composite_components":[],"composite_scenarios":[],"_links":{"self":[{"href":"https:\/\/v2.intervals.lv\/lv\/wp-json\/wp\/v2\/product\/36086","targetHints":{"allow":["GET"]}}],"collection":[{"href":"https:\/\/v2.intervals.lv\/lv\/wp-json\/wp\/v2\/product"}],"about":[{"href":"https:\/\/v2.intervals.lv\/lv\/wp-json\/wp\/v2\/types\/product"}],"replies":[{"embeddable":true,"href":"https:\/\/v2.intervals.lv\/lv\/wp-json\/wp\/v2\/comments?post=36086"}],"wp:featuredmedia":[{"embeddable":true,"href":"https:\/\/v2.intervals.lv\/lv\/wp-json\/wp\/v2\/media\/138046"}],"wp:attachment":[{"href":"https:\/\/v2.intervals.lv\/lv\/wp-json\/wp\/v2\/media?parent=36086"}],"wp:term":[{"taxonomy":"product_brand","embeddable":true,"href":"https:\/\/v2.intervals.lv\/lv\/wp-json\/wp\/v2\/product_brand?post=36086"},{"taxonomy":"product_cat","embeddable":true,"href":"https:\/\/v2.intervals.lv\/lv\/wp-json\/wp\/v2\/product_cat?post=36086"},{"taxonomy":"product_tag","embeddable":true,"href":"https:\/\/v2.intervals.lv\/lv\/wp-json\/wp\/v2\/product_tag?post=36086"}],"curies":[{"name":"wp","href":"https:\/\/api.w.org\/{rel}","templated":true}]}}