{"id":41795,"date":"2021-06-29T12:54:05","date_gmt":"2021-06-29T10:54:05","guid":{"rendered":"https:\/\/isostar.lv\/?post_type=product&#038;p=41795"},"modified":"2025-11-24T09:02:27","modified_gmt":"2025-11-24T07:02:27","slug":"isostar-batonelis-high-protein-25-hazelnut-35g","status":"publish","type":"product","link":"https:\/\/v2.intervals.lv\/lv\/product\/isostar-batonelis-high-protein-25-hazelnut-35g\/","title":{"rendered":"Isostar baton\u0117lis High Protein 25 Hazelnut 35g"},"content":{"rendered":"<p><strong>Isostar High Protein 25 Hazelnut <\/strong>auk\u0161tos kokyb\u0117s baltym\u0173 baton\u0117lis, puikus vitamin\u0173 E, C, B1, B2, B6, PP \u0161altinis. Produktas sukurtas atsi\u017evelgiant \u012f sportinink\u0173 poreikius. Produktas praturtintas auk\u0161tos biologin\u0117s vert\u0117s pieno baltymais. Rekomenduojama vartoti vien\u0105 35g baton\u0117l\u012f treniruot\u0117s, trunkan\u010dios ilgiau nei valand\u0105, metu.<\/p>\n<p>Gamintojo svetain\u0117: <a href=\"http:\/\/www.isostar.fr\">isostar.fr<\/a><\/p>\n","protected":false},"excerpt":{"rendered":"<ul>\n<li>Auk\u0161tos kokyb\u0117s baltym\u0173 baton\u0117lis (25%).<\/li>\n<li>Sud\u0117tyje yra kalio ir kalcio.<\/li>\n<li>6 vitaminai B1, B2, PP, B6, E ir C.<\/li>\n<\/ul>\n","protected":false},"featured_media":41801,"comment_status":"open","ping_status":"closed","template":"","meta":[],"product_brand":[2100],"product_cat":[164,157],"product_tag":[],"class_list":{"0":"post-41795","1":"product","2":"type-product","3":"status-publish","4":"has-post-thumbnail","6":"product_brand-isostar-lt","7":"product_cat-batoneliai","8":"product_cat-raumenu-ir-fitneso","9":"pa_citi-su-baltymu","10":"pa_garsa-lazdyno-riesutu","11":"pa_lietosanas-laiks-veikla","12":"pa_lietosanas-laiks-atsigavimui","13":"pa_lietosanas-merkis-organisma-stiprinantys-lt","14":"pa_lietosanas-merkis-raumenims-fitness","16":"first","17":"instock","18":"shipping-taxable","19":"purchasable","20":"product-type-simple"},"composite_virtual":false,"composite_layout":"","composite_add_to_cart_form_location":"","composite_editable_in_cart":false,"composite_sold_individually_context":"","composite_shop_price_calc":"","composite_components":[],"composite_scenarios":[],"_links":{"self":[{"href":"https:\/\/v2.intervals.lv\/lv\/wp-json\/wp\/v2\/product\/41795","targetHints":{"allow":["GET"]}}],"collection":[{"href":"https:\/\/v2.intervals.lv\/lv\/wp-json\/wp\/v2\/product"}],"about":[{"href":"https:\/\/v2.intervals.lv\/lv\/wp-json\/wp\/v2\/types\/product"}],"replies":[{"embeddable":true,"href":"https:\/\/v2.intervals.lv\/lv\/wp-json\/wp\/v2\/comments?post=41795"}],"wp:featuredmedia":[{"embeddable":true,"href":"https:\/\/v2.intervals.lv\/lv\/wp-json\/wp\/v2\/media\/41801"}],"wp:attachment":[{"href":"https:\/\/v2.intervals.lv\/lv\/wp-json\/wp\/v2\/media?parent=41795"}],"wp:term":[{"taxonomy":"product_brand","embeddable":true,"href":"https:\/\/v2.intervals.lv\/lv\/wp-json\/wp\/v2\/product_brand?post=41795"},{"taxonomy":"product_cat","embeddable":true,"href":"https:\/\/v2.intervals.lv\/lv\/wp-json\/wp\/v2\/product_cat?post=41795"},{"taxonomy":"product_tag","embeddable":true,"href":"https:\/\/v2.intervals.lv\/lv\/wp-json\/wp\/v2\/product_tag?post=41795"}],"curies":[{"name":"wp","href":"https:\/\/api.w.org\/{rel}","templated":true}]}}