{"id":41803,"date":"2021-06-29T13:35:43","date_gmt":"2021-06-29T11:35:43","guid":{"rendered":"https:\/\/isostar.lv\/?post_type=product&#038;p=41803"},"modified":"2026-03-01T07:09:45","modified_gmt":"2026-03-01T05:09:45","slug":"isostar-high-protein-joghurt-bar-35g","status":"publish","type":"product","link":"https:\/\/v2.intervals.lv\/lv\/product\/isostar-high-protein-joghurt-bar-35g\/","title":{"rendered":"Isostar High Protein batoni\u0146\u0161 Joghurt 35g"},"content":{"rendered":"<p><strong>Isostar High Protein Joghurt Bar<\/strong> batoni\u0146\u0161 ar jogurta gar\u0161u ir \u012bpa\u0161i piem\u0113rots atjauno\u0161an\u0101s procesu veicin\u0101\u0161anai. T\u0101 sast\u0101v\u0101 eso\u0161\u0101s olbaltumvielas (25%) pal\u012bdz saglab\u0101t un atjaunot musku\u013cus p\u0113c intens\u012bv\u0101m slodz\u0113m. Og\u013chidr\u0101ti pal\u012bdz atjaunot izt\u0113r\u0113t\u0101s glikog\u0113na rezerves. Prote\u012bna batoni\u0146\u0161 satur ar\u012b slodzes laik\u0101 izt\u0113r\u0113tos vitam\u012bnus &#8211; B1, B2, PP, E un C. Vitam\u012bns B6 pal\u012bdz nodro\u0161in\u0101t optim\u0101lu olbaltumvielu un glikog\u0113na metabolismu. Vitam\u012bni C, B2, PP un B6 pal\u012bdz mazin\u0101t nogurumu un nesp\u0113ku. Batoni\u0146a sast\u0101v\u0101 ar\u012b miner\u0101lvielas &#8211; k\u0101lijs un kalcijs. Piem\u0113rots lieto\u0161anai fiziskas slodzes laik\u0101 vai uzreiz p\u0113c slodzes.<\/p>\n<p>Lietot k\u0101 papildin\u0101jumu vesel\u012bgam dz\u012bvesveidam un sabalans\u0113tam uzturam.<\/p>\n<p>Ra\u017eot\u0101ja m\u0101jaslapa: <a href=\"http:\/\/www.isostar.fr\">isostar.fr<\/a><\/p>\n","protected":false},"excerpt":{"rendered":"<ul>\n<li>Batoni\u0146\u0161 ar augstu olbaltumvielu saturu (25%).<\/li>\n<li>Augsts og\u013chidr\u0101tu saturs (50%).<\/li>\n<li>Sast\u0101v\u0101 k\u0101lijs un kalcijs.<\/li>\n<li>Vitam\u012bni B1, B2, PP, B6, E un C.<\/li>\n<li>Nesatur kr\u0101svielas.<\/li>\n<li>Lieto\u0161anai slodzes laik\u0101 vai p\u0113c.<\/li>\n<\/ul>\n","protected":false},"featured_media":41807,"comment_status":"open","ping_status":"closed","template":"","meta":[],"product_brand":[944],"product_cat":[23,13],"product_tag":[],"class_list":{"0":"post-41803","1":"product","2":"type-product","3":"status-publish","4":"has-post-thumbnail","6":"product_brand-isostar","7":"product_cat-batonini","8":"product_cat-muskuliem-un-fitnesam","9":"pa_citi-ar-proteinu","10":"pa_garsa-jogurta","11":"pa_lietosanas-laiks-laika","12":"pa_lietosanas-laiks-pec","13":"pa_lietosanas-merkis-muskuliem-fitnesam","14":"pa_lietosanas-merkis-organisma-stiprinasanai","16":"first","17":"instock","18":"shipping-taxable","19":"purchasable","20":"product-type-simple"},"composite_virtual":false,"composite_layout":"","composite_add_to_cart_form_location":"","composite_editable_in_cart":false,"composite_sold_individually_context":"","composite_shop_price_calc":"","composite_components":[],"composite_scenarios":[],"_links":{"self":[{"href":"https:\/\/v2.intervals.lv\/lv\/wp-json\/wp\/v2\/product\/41803","targetHints":{"allow":["GET"]}}],"collection":[{"href":"https:\/\/v2.intervals.lv\/lv\/wp-json\/wp\/v2\/product"}],"about":[{"href":"https:\/\/v2.intervals.lv\/lv\/wp-json\/wp\/v2\/types\/product"}],"replies":[{"embeddable":true,"href":"https:\/\/v2.intervals.lv\/lv\/wp-json\/wp\/v2\/comments?post=41803"}],"wp:featuredmedia":[{"embeddable":true,"href":"https:\/\/v2.intervals.lv\/lv\/wp-json\/wp\/v2\/media\/41807"}],"wp:attachment":[{"href":"https:\/\/v2.intervals.lv\/lv\/wp-json\/wp\/v2\/media?parent=41803"}],"wp:term":[{"taxonomy":"product_brand","embeddable":true,"href":"https:\/\/v2.intervals.lv\/lv\/wp-json\/wp\/v2\/product_brand?post=41803"},{"taxonomy":"product_cat","embeddable":true,"href":"https:\/\/v2.intervals.lv\/lv\/wp-json\/wp\/v2\/product_cat?post=41803"},{"taxonomy":"product_tag","embeddable":true,"href":"https:\/\/v2.intervals.lv\/lv\/wp-json\/wp\/v2\/product_tag?post=41803"}],"curies":[{"name":"wp","href":"https:\/\/api.w.org\/{rel}","templated":true}]}}