{"id":41804,"date":"2021-06-29T13:35:43","date_gmt":"2021-06-29T11:35:43","guid":{"rendered":"https:\/\/isostar.lv\/?post_type=product&#038;p=41804"},"modified":"2026-01-12T18:45:08","modified_gmt":"2026-01-12T16:45:08","slug":"isostar-high-protein-joghurt-batoon-35g","status":"publish","type":"product","link":"https:\/\/v2.intervals.lv\/lv\/product\/isostar-high-protein-joghurt-batoon-35g\/","title":{"rendered":"Isostar High Protein Joghurt batoon 35g"},"content":{"rendered":"<p><strong>Isostar High Protein Joghurt batoon<\/strong> spetsiaalselt loodud selleks, et pakkuda lihasmassi loomiseks t\u00e4iendavaid valke. K\u00f5rge valgusisaldus (25%),m\u00f5eldud lihaste s\u00e4ilitamiseks ja arendamiseks k\u00f5ikidel spordialadel. E-, C-, B1-, B2-, B6-, PP-vitamiinid aitavad taastada j\u00f5upingutusest tekkinud kadu ning soodustavad s\u00fcsivesikute omastamist.<br \/>\nIdeaalne lihasj\u00f5u s\u00e4ilitamiseks ja eriti lihasmassi suurendamiseks, tarbida eraldi v\u00f5i lisaks pulbristatud valkudele. V\u00f5ib s\u00fc\u00fca enne f\u00fc\u00fcsilist tegevust, selle ajal v\u00f5i p\u00e4rast seda.<\/p>\n<p>Kasutada t\u00e4iustamaks mitmekesist ja tasakaalustatud toitumist ja tervislikke eluviise.<\/p>\n<p>Tootja veebisait: <a href=\"http:\/\/www.isostar.fr\">isostar.fr<\/a><\/p>\n","protected":false},"excerpt":{"rendered":"<ul>\n<li>K\u00f5rge valgusisaldus (25%).<\/li>\n<li>Sisaldab kaaliumi ja kaltsiumi.<\/li>\n<li>Vitamiinid B1, B2, PP, B6, E ja C.<\/li>\n<li>V\u00f5ib s\u00fc\u00fca enne f\u00fc\u00fcsilist tegevust, selle ajal v\u00f5i p\u00e4rast seda.<\/li>\n<\/ul>\n","protected":false},"featured_media":41809,"comment_status":"open","ping_status":"closed","template":"","meta":[],"product_brand":[2102],"product_cat":[471,466],"product_tag":[],"class_list":{"0":"post-41804","1":"product","2":"type-product","3":"status-publish","4":"has-post-thumbnail","6":"product_brand-isostar-ee","7":"product_cat-energiabatoonid","8":"product_cat-lihastele-ja-fitnessiks","9":"pa_citi-valguga","10":"pa_garsa-jogurti","11":"pa_lietosanas-laiks-ajal","12":"pa_lietosanas-laiks-enne","13":"pa_lietosanas-merkis-organisma-stiprinasanai-et","14":"pa_lietosanas-merkis-lihastele-fitnessile","16":"first","17":"instock","18":"shipping-taxable","19":"purchasable","20":"product-type-simple"},"composite_virtual":false,"composite_layout":"","composite_add_to_cart_form_location":"","composite_editable_in_cart":false,"composite_sold_individually_context":"","composite_shop_price_calc":"","composite_components":[],"composite_scenarios":[],"_links":{"self":[{"href":"https:\/\/v2.intervals.lv\/lv\/wp-json\/wp\/v2\/product\/41804","targetHints":{"allow":["GET"]}}],"collection":[{"href":"https:\/\/v2.intervals.lv\/lv\/wp-json\/wp\/v2\/product"}],"about":[{"href":"https:\/\/v2.intervals.lv\/lv\/wp-json\/wp\/v2\/types\/product"}],"replies":[{"embeddable":true,"href":"https:\/\/v2.intervals.lv\/lv\/wp-json\/wp\/v2\/comments?post=41804"}],"wp:featuredmedia":[{"embeddable":true,"href":"https:\/\/v2.intervals.lv\/lv\/wp-json\/wp\/v2\/media\/41809"}],"wp:attachment":[{"href":"https:\/\/v2.intervals.lv\/lv\/wp-json\/wp\/v2\/media?parent=41804"}],"wp:term":[{"taxonomy":"product_brand","embeddable":true,"href":"https:\/\/v2.intervals.lv\/lv\/wp-json\/wp\/v2\/product_brand?post=41804"},{"taxonomy":"product_cat","embeddable":true,"href":"https:\/\/v2.intervals.lv\/lv\/wp-json\/wp\/v2\/product_cat?post=41804"},{"taxonomy":"product_tag","embeddable":true,"href":"https:\/\/v2.intervals.lv\/lv\/wp-json\/wp\/v2\/product_tag?post=41804"}],"curies":[{"name":"wp","href":"https:\/\/api.w.org\/{rel}","templated":true}]}}