{"id":47120,"date":"2021-09-23T09:23:48","date_gmt":"2021-09-23T07:23:48","guid":{"rendered":"https:\/\/isostar.lv\/?post_type=product&#038;p=47120"},"modified":"2025-12-23T13:46:35","modified_gmt":"2025-12-23T11:46:35","slug":"isostar-high-protein-batonini-55g-x-16","status":"publish","type":"product","link":"https:\/\/v2.intervals.lv\/lv\/product\/isostar-high-protein-batonini-55g-x-16\/","title":{"rendered":"Isostar High Protein batoni\u0146i 55g x 16"},"content":{"rendered":"<p><strong>Isostar High Protein 30 <\/strong>prote\u012bna batoni\u0146\u0161, kura sast\u0101v\u0101 ir 30% olbaltumvielu. Olbaltumvielas pal\u012bdz atjaunoties p\u0113c slodzes un saglab\u0101t musku\u013cu apjomu. Batoni\u0146\u0161 nesatur saldin\u0101t\u0101jus un kr\u0101svielas. Piem\u0113rots lieto\u0161anai pirms slodzes un uzreiz p\u0113c slodzes. \u012apa\u0161i piel\u0101gots CrossFit un sp\u0113ka treni\u0146iem.<\/p>\n<p>Lietot k\u0101 papildin\u0101jumu vesel\u012bgam dz\u012bvesveidam un sabalans\u0113tam uzturam.<\/p>\n<p>Ra\u017eot\u0101ja m\u0101jaslapa:\u00a0<a href=\"http:\/\/www.isostar.fr\/\">isostar.fr<\/a><\/p>\n","protected":false},"excerpt":{"rendered":"<ul>\n<li>Batoni\u0146\u0161 ar 30% prote\u012bna saturu.<\/li>\n<li>Perfekta uzkoda pirms vai p\u0113c treni\u0146a.<\/li>\n<li>Bez kr\u0101sviel\u0101m un saldin\u0101t\u0101jiem.<\/li>\n<\/ul>\n<p>Komplekt\u0101 ietilpst 16 High Protein 55g batoni\u0146i. Zem\u0101k vari izv\u0113l\u0113ties gar\u0161u &#8211; karame\u013cu, \u0161okol\u0101des, vani\u013cas dz\u0113rve\u0146u vai kokosriekstu.<\/p>\n","protected":false},"featured_media":87984,"comment_status":"open","ping_status":"closed","template":"","meta":[],"product_brand":[944],"product_cat":[409,97,340,23],"product_tag":[],"class_list":{"0":"post-47120","1":"product","2":"type-product","3":"status-publish","4":"has-post-thumbnail","6":"product_brand-isostar","7":"product_cat-outlet","8":"product_cat-komplekti","9":"product_cat-perc-vairuma","10":"product_cat-batonini","12":"first","13":"instock","14":"sale","15":"shipping-taxable","16":"purchasable","17":"product-type-composite"},"composite_virtual":false,"composite_layout":"paged-componentized","composite_add_to_cart_form_location":"after_summary","composite_editable_in_cart":true,"composite_sold_individually_context":"product","composite_shop_price_calc":"min_max","composite_components":[{"id":"1502193508","title":"1","description":"","query_type":"product_ids","query_ids":[36085,36072,87373,132921],"default_option_id":36085,"thumbnail_id":"","thumbnail_src":"","quantity_min":4,"quantity_max":4,"priced_individually":false,"shipped_individually":false,"optional":false,"discount":25,"options_style":"thumbnails","pagination_style":"classic","display_prices":"absolute","show_sorting_options":false,"show_filtering_options":false,"attribute_filter_ids":[],"select_action":"transition","product_title_visible":true,"product_descr_visible":true,"product_price_visible":true,"product_thumb_visible":false,"subtotal_visible_product":true,"subtotal_visible_cart":true,"subtotal_visible_orders":true},{"id":"1632389362","title":"2","description":"","query_type":"product_ids","query_ids":[36072,36085,87373,132921],"default_option_id":36072,"thumbnail_id":"","thumbnail_src":"","quantity_min":4,"quantity_max":4,"priced_individually":false,"shipped_individually":false,"optional":false,"discount":25,"options_style":"thumbnails","pagination_style":"classic","display_prices":"absolute","show_sorting_options":false,"show_filtering_options":false,"attribute_filter_ids":[],"select_action":"transition","product_title_visible":true,"product_descr_visible":true,"product_price_visible":true,"product_thumb_visible":true,"subtotal_visible_product":true,"subtotal_visible_cart":true,"subtotal_visible_orders":true},{"id":"1746699328","title":"3","description":"","query_type":"product_ids","query_ids":[87373,36072,36085,132921],"default_option_id":132921,"thumbnail_id":"","thumbnail_src":"","quantity_min":4,"quantity_max":4,"priced_individually":false,"shipped_individually":false,"optional":false,"discount":"","options_style":"thumbnails","pagination_style":"classic","display_prices":"absolute","show_sorting_options":false,"show_filtering_options":false,"attribute_filter_ids":[],"select_action":"transition","product_title_visible":true,"product_descr_visible":true,"product_price_visible":true,"product_thumb_visible":true,"subtotal_visible_product":true,"subtotal_visible_cart":true,"subtotal_visible_orders":true},{"id":"1746699329","title":"4","description":"","query_type":"product_ids","query_ids":[132921,87373,36072,36085],"default_option_id":87373,"thumbnail_id":"","thumbnail_src":"","quantity_min":4,"quantity_max":4,"priced_individually":false,"shipped_individually":false,"optional":false,"discount":"","options_style":"thumbnails","pagination_style":"classic","display_prices":"absolute","show_sorting_options":false,"show_filtering_options":false,"attribute_filter_ids":[],"select_action":"transition","product_title_visible":true,"product_descr_visible":true,"product_price_visible":true,"product_thumb_visible":true,"subtotal_visible_product":true,"subtotal_visible_cart":true,"subtotal_visible_orders":true}],"composite_scenarios":[],"_links":{"self":[{"href":"https:\/\/v2.intervals.lv\/lv\/wp-json\/wp\/v2\/product\/47120","targetHints":{"allow":["GET"]}}],"collection":[{"href":"https:\/\/v2.intervals.lv\/lv\/wp-json\/wp\/v2\/product"}],"about":[{"href":"https:\/\/v2.intervals.lv\/lv\/wp-json\/wp\/v2\/types\/product"}],"replies":[{"embeddable":true,"href":"https:\/\/v2.intervals.lv\/lv\/wp-json\/wp\/v2\/comments?post=47120"}],"wp:featuredmedia":[{"embeddable":true,"href":"https:\/\/v2.intervals.lv\/lv\/wp-json\/wp\/v2\/media\/87984"}],"wp:attachment":[{"href":"https:\/\/v2.intervals.lv\/lv\/wp-json\/wp\/v2\/media?parent=47120"}],"wp:term":[{"taxonomy":"product_brand","embeddable":true,"href":"https:\/\/v2.intervals.lv\/lv\/wp-json\/wp\/v2\/product_brand?post=47120"},{"taxonomy":"product_cat","embeddable":true,"href":"https:\/\/v2.intervals.lv\/lv\/wp-json\/wp\/v2\/product_cat?post=47120"},{"taxonomy":"product_tag","embeddable":true,"href":"https:\/\/v2.intervals.lv\/lv\/wp-json\/wp\/v2\/product_tag?post=47120"}],"curies":[{"name":"wp","href":"https:\/\/api.w.org\/{rel}","templated":true}]}}