{"id":47121,"date":"2021-09-23T09:23:48","date_gmt":"2021-09-23T07:23:48","guid":{"rendered":"https:\/\/isostar.lv\/?post_type=product&#038;p=47121"},"modified":"2025-08-25T06:58:36","modified_gmt":"2025-08-25T04:58:36","slug":"isostar-high-protein-55g-batoonid-x-16","status":"publish","type":"product","link":"https:\/\/v2.intervals.lv\/lv\/product\/isostar-high-protein-55g-batoonid-x-16\/","title":{"rendered":"Isostar High Protein 55g batoonid x 16"},"content":{"rendered":"<div class=\"woocommerce-tabs wc-tabs-wrapper\">\n<div id=\"tab-description\" class=\"woocommerce-Tabs-panel woocommerce-Tabs-panel--description panel entry-content wc-tab\" role=\"tabpanel\" aria-labelledby=\"tab-title-description\">\n<p><strong>Isostar High Protein 30 <\/strong>on suure valgusisaldusega batoon. Selle koostises olevad valgud (16g ehk 30%) aitavad s\u00e4ilitada ja suurendada lihasmassi p\u00e4rast intensiivset koormust. Batoon ei sisalda magustajaid ega v\u00e4rvaineid. Batoonil on v\u00e4iksem suhkru- ja rasvasisaldus. Sobib kasutamiseks f\u00fc\u00fcsilise koormuse ajal v\u00f5i kohe p\u00e4rast koormust.<\/p>\n<p>Kasutage tervisliku eluviisi ja tasakaalustatud toitumise lisana.<\/p>\n<p>Tootja veebisait: <a href=\"http:\/\/www.isostar.fr\/\">isostar.fr<\/a><\/p>\n<\/div>\n<\/div>\n","protected":false},"excerpt":{"rendered":"<ul>\n<li>Sisaldab valku (16 g ehk 30% batti kohta), mis s\u00e4ilitab lihasmassi.<\/li>\n<li>V\u00e4rvideta ja magusaineteta.<\/li>\n<li>Sobib kasutamiseks treeningu ajal v\u00f5i vahetult p\u00e4rast seda.<\/li>\n<\/ul>\n<p>Komplektis on 16 valgubatooni. Allpool saate valida maitse &#8211; karamelli v\u00f5i \u0161okolaadi.<\/p>\n","protected":false},"featured_media":87985,"comment_status":"open","ping_status":"closed","template":"","meta":[],"product_brand":[2102],"product_cat":[469,460,461,471],"product_tag":[],"class_list":{"0":"post-47121","1":"product","2":"type-product","3":"status-publish","4":"has-post-thumbnail","6":"product_brand-isostar-ee","7":"product_cat-outlet-et","8":"product_cat-komplektid","9":"product_cat-ostke-hulgi","10":"product_cat-energiabatoonid","12":"first","13":"instock","14":"sale","15":"shipping-taxable","16":"purchasable","17":"product-type-composite"},"composite_virtual":false,"composite_layout":"paged-componentized","composite_add_to_cart_form_location":"after_summary","composite_editable_in_cart":true,"composite_sold_individually_context":"product","composite_shop_price_calc":"min_max","composite_components":[{"id":"1502193508","title":"1","description":"","query_type":"product_ids","query_ids":[36086,36073,87374,132922],"default_option_id":36086,"thumbnail_id":"","thumbnail_src":"","quantity_min":4,"quantity_max":4,"priced_individually":false,"shipped_individually":false,"optional":false,"discount":25,"options_style":"thumbnails","pagination_style":"classic","display_prices":"absolute","show_sorting_options":false,"show_filtering_options":false,"attribute_filter_ids":[],"select_action":"transition","product_title_visible":true,"product_descr_visible":true,"product_price_visible":true,"product_thumb_visible":false,"subtotal_visible_product":true,"subtotal_visible_cart":true,"subtotal_visible_orders":true},{"id":"1632389362","title":"2","description":"","query_type":"product_ids","query_ids":[36073,36086,87374,132922],"default_option_id":36073,"thumbnail_id":"","thumbnail_src":"","quantity_min":4,"quantity_max":4,"priced_individually":false,"shipped_individually":false,"optional":false,"discount":25,"options_style":"thumbnails","pagination_style":"classic","display_prices":"absolute","show_sorting_options":false,"show_filtering_options":false,"attribute_filter_ids":[],"select_action":"transition","product_title_visible":true,"product_descr_visible":true,"product_price_visible":true,"product_thumb_visible":true,"subtotal_visible_product":true,"subtotal_visible_cart":true,"subtotal_visible_orders":true},{"id":"1746699328","title":"3","description":"","query_type":"product_ids","query_ids":[87374,36073,36086,132922],"default_option_id":132922,"thumbnail_id":"","thumbnail_src":"","quantity_min":4,"quantity_max":4,"priced_individually":false,"shipped_individually":false,"optional":false,"discount":"","options_style":"thumbnails","pagination_style":"classic","display_prices":"absolute","show_sorting_options":false,"show_filtering_options":false,"attribute_filter_ids":[],"select_action":"transition","product_title_visible":true,"product_descr_visible":true,"product_price_visible":true,"product_thumb_visible":true,"subtotal_visible_product":true,"subtotal_visible_cart":true,"subtotal_visible_orders":true},{"id":"1746699329","title":"4","description":"","query_type":"product_ids","query_ids":[132922,87374,36073,36086],"default_option_id":87374,"thumbnail_id":"","thumbnail_src":"","quantity_min":4,"quantity_max":4,"priced_individually":false,"shipped_individually":false,"optional":false,"discount":"","options_style":"thumbnails","pagination_style":"classic","display_prices":"absolute","show_sorting_options":false,"show_filtering_options":false,"attribute_filter_ids":[],"select_action":"transition","product_title_visible":true,"product_descr_visible":true,"product_price_visible":true,"product_thumb_visible":true,"subtotal_visible_product":true,"subtotal_visible_cart":true,"subtotal_visible_orders":true}],"composite_scenarios":[],"_links":{"self":[{"href":"https:\/\/v2.intervals.lv\/lv\/wp-json\/wp\/v2\/product\/47121","targetHints":{"allow":["GET"]}}],"collection":[{"href":"https:\/\/v2.intervals.lv\/lv\/wp-json\/wp\/v2\/product"}],"about":[{"href":"https:\/\/v2.intervals.lv\/lv\/wp-json\/wp\/v2\/types\/product"}],"replies":[{"embeddable":true,"href":"https:\/\/v2.intervals.lv\/lv\/wp-json\/wp\/v2\/comments?post=47121"}],"wp:featuredmedia":[{"embeddable":true,"href":"https:\/\/v2.intervals.lv\/lv\/wp-json\/wp\/v2\/media\/87985"}],"wp:attachment":[{"href":"https:\/\/v2.intervals.lv\/lv\/wp-json\/wp\/v2\/media?parent=47121"}],"wp:term":[{"taxonomy":"product_brand","embeddable":true,"href":"https:\/\/v2.intervals.lv\/lv\/wp-json\/wp\/v2\/product_brand?post=47121"},{"taxonomy":"product_cat","embeddable":true,"href":"https:\/\/v2.intervals.lv\/lv\/wp-json\/wp\/v2\/product_cat?post=47121"},{"taxonomy":"product_tag","embeddable":true,"href":"https:\/\/v2.intervals.lv\/lv\/wp-json\/wp\/v2\/product_tag?post=47121"}],"curies":[{"name":"wp","href":"https:\/\/api.w.org\/{rel}","templated":true}]}}