{"id":47122,"date":"2021-09-23T09:23:48","date_gmt":"2021-09-23T07:23:48","guid":{"rendered":"https:\/\/isostar.lv\/?post_type=product&#038;p=47122"},"modified":"2025-08-25T06:58:37","modified_gmt":"2025-08-25T04:58:37","slug":"isostar-high-protein-batoneliai-55g-x-16","status":"publish","type":"product","link":"https:\/\/v2.intervals.lv\/lv\/product\/isostar-high-protein-batoneliai-55g-x-16\/","title":{"rendered":"Isostar High Protein baton\u0117liai 55g x 16"},"content":{"rendered":"<p><strong>Isostar High Protein 30 <\/strong>baton\u0117lis, kurio sud\u0117tyje yra didelis kiekis baltym\u0173. Baltymai (16g arba 30%) padeda palaikyti ir padidinti raumen\u0173 mas\u0119 po intensyvaus sporto. Baton\u0117lio sud\u0117tyje n\u0117ra saldikli\u0173 ir da\u017eikli\u0173. Baton\u0117lyje suma\u017eintas cukraus ir riebal\u0173 kiekis. Tinka naudoti sporto metu arba i\u0161kart po sporto.<\/p>\n<p>Tai yra maisto papildas. Labai svarbu \u012fvairi ir subalansuota mityba bei sveika gyvensena.<\/p>\n<p>Gamintojo svetain\u0117: <a href=\"http:\/\/www.isostar.fr\/\">isostar.fr<\/a><\/p>\n","protected":false},"excerpt":{"rendered":"<ul>\n<li>30% baltym\u0173.<\/li>\n<li>Tinka naudoti sporto metu arba i\u0161kart po sporto.<\/li>\n<li>Sud\u0117tyje n\u0117ra saldikli\u0173 ir da\u017eikli\u0173.<\/li>\n<\/ul>\n<p>\u012e komplekt\u0105 \u012feina 16 baton\u0117li\u0173.\u00a0 \u017demiau galite pasirinkti skon\u012f &#8211; karamel\u0119 ar \u0161okolad\u0105.<\/p>\n","protected":false},"featured_media":87986,"comment_status":"open","ping_status":"closed","template":"","meta":[],"product_brand":[2100],"product_cat":[410,153,341,164],"product_tag":[],"class_list":{"0":"post-47122","1":"product","2":"type-product","3":"status-publish","4":"has-post-thumbnail","6":"product_brand-isostar-lt","7":"product_cat-outlet-lt","8":"product_cat-rinkiniai","9":"product_cat-pirkti-urmu","10":"product_cat-batoneliai","12":"first","13":"instock","14":"sale","15":"shipping-taxable","16":"purchasable","17":"product-type-composite"},"composite_virtual":false,"composite_layout":"paged-componentized","composite_add_to_cart_form_location":"after_summary","composite_editable_in_cart":true,"composite_sold_individually_context":"product","composite_shop_price_calc":"min_max","composite_components":[{"id":"1502193508","title":"1","description":"","query_type":"product_ids","query_ids":[36087,36074,87375,132923],"default_option_id":36087,"thumbnail_id":"","thumbnail_src":"","quantity_min":4,"quantity_max":4,"priced_individually":false,"shipped_individually":false,"optional":false,"discount":25,"options_style":"thumbnails","pagination_style":"classic","display_prices":"absolute","show_sorting_options":false,"show_filtering_options":false,"attribute_filter_ids":[],"select_action":"transition","product_title_visible":true,"product_descr_visible":true,"product_price_visible":true,"product_thumb_visible":false,"subtotal_visible_product":true,"subtotal_visible_cart":true,"subtotal_visible_orders":true},{"id":"1632389362","title":"2","description":"","query_type":"product_ids","query_ids":[36074,36087,87375,132923],"default_option_id":36074,"thumbnail_id":"","thumbnail_src":"","quantity_min":4,"quantity_max":4,"priced_individually":false,"shipped_individually":false,"optional":false,"discount":25,"options_style":"thumbnails","pagination_style":"classic","display_prices":"absolute","show_sorting_options":false,"show_filtering_options":false,"attribute_filter_ids":[],"select_action":"transition","product_title_visible":true,"product_descr_visible":true,"product_price_visible":true,"product_thumb_visible":true,"subtotal_visible_product":true,"subtotal_visible_cart":true,"subtotal_visible_orders":true},{"id":"1746699328","title":"3","description":"","query_type":"product_ids","query_ids":[87375,36074,36087,132923],"default_option_id":132923,"thumbnail_id":"","thumbnail_src":"","quantity_min":4,"quantity_max":4,"priced_individually":false,"shipped_individually":false,"optional":false,"discount":"","options_style":"thumbnails","pagination_style":"classic","display_prices":"absolute","show_sorting_options":false,"show_filtering_options":false,"attribute_filter_ids":[],"select_action":"transition","product_title_visible":true,"product_descr_visible":true,"product_price_visible":true,"product_thumb_visible":true,"subtotal_visible_product":true,"subtotal_visible_cart":true,"subtotal_visible_orders":true},{"id":"1746699329","title":"4","description":"","query_type":"product_ids","query_ids":[132923,87375,36074,36087],"default_option_id":87375,"thumbnail_id":"","thumbnail_src":"","quantity_min":4,"quantity_max":4,"priced_individually":false,"shipped_individually":false,"optional":false,"discount":"","options_style":"thumbnails","pagination_style":"classic","display_prices":"absolute","show_sorting_options":false,"show_filtering_options":false,"attribute_filter_ids":[],"select_action":"transition","product_title_visible":true,"product_descr_visible":true,"product_price_visible":true,"product_thumb_visible":true,"subtotal_visible_product":true,"subtotal_visible_cart":true,"subtotal_visible_orders":true}],"composite_scenarios":[],"_links":{"self":[{"href":"https:\/\/v2.intervals.lv\/lv\/wp-json\/wp\/v2\/product\/47122","targetHints":{"allow":["GET"]}}],"collection":[{"href":"https:\/\/v2.intervals.lv\/lv\/wp-json\/wp\/v2\/product"}],"about":[{"href":"https:\/\/v2.intervals.lv\/lv\/wp-json\/wp\/v2\/types\/product"}],"replies":[{"embeddable":true,"href":"https:\/\/v2.intervals.lv\/lv\/wp-json\/wp\/v2\/comments?post=47122"}],"wp:featuredmedia":[{"embeddable":true,"href":"https:\/\/v2.intervals.lv\/lv\/wp-json\/wp\/v2\/media\/87986"}],"wp:attachment":[{"href":"https:\/\/v2.intervals.lv\/lv\/wp-json\/wp\/v2\/media?parent=47122"}],"wp:term":[{"taxonomy":"product_brand","embeddable":true,"href":"https:\/\/v2.intervals.lv\/lv\/wp-json\/wp\/v2\/product_brand?post=47122"},{"taxonomy":"product_cat","embeddable":true,"href":"https:\/\/v2.intervals.lv\/lv\/wp-json\/wp\/v2\/product_cat?post=47122"},{"taxonomy":"product_tag","embeddable":true,"href":"https:\/\/v2.intervals.lv\/lv\/wp-json\/wp\/v2\/product_tag?post=47122"}],"curies":[{"name":"wp","href":"https:\/\/api.w.org\/{rel}","templated":true}]}}