{"id":5509,"date":"2017-08-08T11:34:36","date_gmt":"2017-08-08T09:34:36","guid":{"rendered":"https:\/\/isostar.lv\/product\/30x-batonini-energy\/"},"modified":"2026-02-01T08:13:02","modified_gmt":"2026-02-01T06:13:02","slug":"isostar-batoneliai-x-30","status":"publish","type":"product","link":"https:\/\/v2.intervals.lv\/lv\/product\/isostar-batoneliai-x-30\/","title":{"rendered":"Isostar baton\u0117liai x 30"},"content":{"rendered":"<p><strong>Endurance+ Cereal &amp; Fruit 40g<\/strong> baton\u0117lis pagamintas i\u0161 gr\u016bd\u0173 dribsni\u0173 ir d\u017eiovint\u0173 vaisi\u0173. Jame yra paprasti ir sud\u0117tingi angliavandeniai, kurie ilgainiui suteikia b\u016btin\u0105 energij\u0105. Jis turtingas vitaminu B1, vitaminu B2, vitaminu PP, vitaminu B6, vitaminu C ir vitaminu E, kuris kr\u016bvio metu padeda paversti maistines med\u017eiagas energija ir apsaugo k\u016bno l\u0105steles nuo laisv\u0173j\u0173 radikal\u0173 poveikio. Vitaminas B6 dalyvauja raudon\u0173j\u0173 kraujo k\u016bneli\u0173 formavime. Jie atlieka svarb\u0173 vaidmen\u012f pasiekiant raumen\u0173 audin\u012f.<\/p>\n<p><strong>Energy Banana 40g<\/strong> juose yra paprast\u0173 ir sud\u0117ting\u0173 angliavandeni\u0173 kompleksas, kuris suteikia energijos intensyvaus ir ilgalaikio kr\u016bvio metu. Sud\u0117tyje yra daug vitamin\u0173 B1, vitamino B2, vitamino PP, vitamino C ir vitamino E, kurie padeda perdirbti maistines med\u017eiagas \u012f energij\u0105 ir apsaugoti l\u0105steles nuo laisv\u0173j\u0173 radikal\u0173 poveikio. Jame yra ma\u017eas lipid\u0173 kiekis, kuris pagerina absorbcijos greit\u012f.<\/p>\n<p><strong>Energy Chocolate 35g<\/strong> juose yra paprast\u0173 ir sud\u0117ting\u0173 angliavandeni\u0173 mi\u0161inys, kuris intensyvaus ir ilgalaikio kr\u016bvio metu u\u017etikrina greit\u0105 energijos suvartojim\u0105 ir angliavandeni\u0173 atstatym\u0105. Vitaminas B1 ir vitaminas PP u\u017etikrina ger\u0105 med\u017eiag\u0173 apykait\u0105. Vitaminas C, vitaminas B2, vitaminas B6 ir vitaminas PP padeda suma\u017einti nuovarg\u012f.<\/p>\n<p><strong>Energy Raisin Cranberry 40g<\/strong> sud\u0117tyje yra paprast\u0173 ir sud\u0117ting\u0173 angliavandeni\u0173 kompleksas, kuris suteikia energijos intensyvaus ir ilgalaikio kr\u016bvio metu. Jie yra gaus\u016bs vitaminu B1, vitaminu B2, vitaminu PP, vitaminu C ir vitaminu E, kurie padeda perdirbti maistines med\u017eiagas \u012f energij\u0105 ir saugo l\u0105steles nuo laisv\u0173j\u0173 radikal\u0173 poveikio. Jame yra ma\u017eas lipid\u0173 kiekis, kuris pagerina absorbcijos greit\u012f.<\/p>\n<p><strong>High Protein 25 Strawberry 35g<\/strong>  ypa\u010d tinka atsistatymo procesams skatinti. Jo baltym\u0173 kiekis (25%) padeda palaikyti ir atkurti raumenis po intensyvaus kr\u016bvio. Angliavandeniai padeda atkurti i\u0161sekusias glikogeno atsargas. Baton\u0117lyje taip pat yra vitamin\u0173, sunaudot\u0173 pratim\u0173 metu. Vitaminas B1, vitaminas B6 ir vitaminas PP yra b\u016btini norint paversti organizm\u0105 maistine energija, vitaminas B2 ir vitaminas B6 dalyvauja raudon\u0173j\u0173 kraujo k\u016bneli\u0173 susidarymoje. Jie yra atsakingi u\u017e deguonies tiekim\u0105 raumenims. Vitaminas B6 reikalingas baltym\u0173 ir glikogen\u0173 metabolizmui. Vitaminas C ir vitaminas E yra antioksidantai, apsaugantys k\u016bno l\u0105steles nuo laisv\u0173j\u0173 radikal\u0173<\/p>\n<p><strong>Reload Chocolate 40g<\/strong> yra specialiai sukurtas siekiant optimizuoti sportinink\u0173 atsistatymo proces\u0105, ypa\u010d po i\u0161tverm\u0117s sporto. Jame esantys baltymai (25%) padeda i\u0161laikyti ir atkurti raumen\u0173 mas\u0119. Angliavandeniai padeda atkurti i\u0161sekusias glikogeno atsargas. Buteliuke esantys vitaminai ir mineralai kompensuoja nuostolius, kurie \u012fvyko aktyviaus sporto metu. Vitaminas B1, vitaminas B2, vitaminas B6 ir vitaminas PP yra b\u016btini, kad organizmas paverst\u0173 maistines med\u017eiagas energija, vitaminas B2 ir vitaminas B6 dalyvauja raudon\u0173j\u0173 kraujo k\u016bneli\u0173 formavime. Jie yra atsakingi u\u017e deguonies tiekim\u0105 raumenims. Vitaminas B6 reikalingas baltym\u0173 ir glikogen\u0173 metabolizmui. Vitaminas C ir vitaminas E yra antioksidantai, apsaugantys k\u016bno l\u0105steles nuo laisv\u0173j\u0173 radikal\u0173.<\/p>\n<p>Gamintojo svetain\u0117: <a href=\"http:\/\/www.isostar.fr\">isostar.fr<\/a><\/p>\n","protected":false},"excerpt":{"rendered":"<p>Papildoma energijos suvartojimas yra b\u016btinas norint pagerinti kr\u016bvio na\u0161um\u0105. Vidutinis valandinis \u017emogaus organizmas gali \u012fsisavinti 60-90 g angliavandeni\u0173, priklausomai nuo angliavandeni\u0173 r\u016b\u0161ies yra apie 300kcal per valand\u0105. Isostar turi kelet\u0105 baton\u0117li\u0173 tip\u0173, tai auk\u0161tos energijos, kuri rekomenduojama naudoti prie\u0161, po ir fizinio kr\u016bvio metu. Baton\u0117liai yra prisotinti vitaminais ir mineralais, teikiant sportininko organizmui energijos, reikalingos fizinio kr\u016bvio metu. Prie\u0161 treniruot\u0119, baton\u0117lis taip pat yra puikus maitinimosi pakaitalas ir puikaus skonio. Jie turi malon\u0173 skon\u012f ir yra lengvai vir\u0161kinami.<\/p>\n<p>\u012e komplekt\u0105 \u012feina 30 baton\u0117li\u0173 pagal j\u016bs\u0173 pasirinkim\u0105 \u2013 galite pasirinkti, kiek ir koki\u0173 reikia, ir pasirinkti i\u0161 identi\u0161k\u0173 ir skirting\u0173 baltym\u0173 baton\u0117li\u0173.<\/p>\n<p>Galimi bton\u0117li\u0173 tipai:<\/p>\n<p>\u2013 Baton\u0117lis Endurance+ Cereal &amp; Fruit 40g<br \/>\n\u2013 Baton\u0117lis Energy Banana 40g<br \/>\n\u2013 Baton\u0117lis Energy Chocolate 35g<br \/>\n\u2013 Baton\u0117lis Energy Raisin Cranberry 40g<br \/>\n\u2013 Baton\u0117lis High Protein 25 Strawberry 35g<br \/>\n&#8211; Baton\u0117lis High Protein 25 Hazelnut 35g<br \/>\n&#8211; Baton\u0117lis High Protein 25 Joghurt 35g<br \/>\n\u2013 Baton\u0117lis Reload Chocolate 40g<\/p>\n","protected":false},"featured_media":87998,"comment_status":"open","ping_status":"closed","template":"","meta":[],"product_brand":[2100],"product_cat":[410,153,341,164],"product_tag":[],"class_list":{"0":"post-5509","1":"product","2":"type-product","3":"status-publish","4":"has-post-thumbnail","6":"product_brand-isostar-lt","7":"product_cat-outlet-lt","8":"product_cat-rinkiniai","9":"product_cat-pirkti-urmu","10":"product_cat-batoneliai","12":"first","13":"instock","14":"sale","15":"shipping-taxable","16":"purchasable","17":"product-type-composite"},"composite_virtual":false,"composite_layout":"paged-componentized","composite_add_to_cart_form_location":"after_summary","composite_editable_in_cart":true,"composite_sold_individually_context":"product","composite_shop_price_calc":"min_max","composite_components":[{"id":"1502192077","title":"1","description":"","query_type":"product_ids","query_ids":[3094,3090,3086,3082,31839,41795,41805,37407],"default_option_id":3094,"thumbnail_id":40901,"thumbnail_src":"https:\/\/v2.intervals.lv\/wp-content\/uploads\/2017\/03\/2Artboard-7.png","quantity_min":5,"quantity_max":5,"priced_individually":false,"shipped_individually":false,"optional":false,"discount":25,"options_style":"thumbnails","pagination_style":"classic","display_prices":"absolute","show_sorting_options":false,"show_filtering_options":false,"attribute_filter_ids":[],"select_action":"transition","product_title_visible":true,"product_descr_visible":true,"product_price_visible":true,"product_thumb_visible":true,"subtotal_visible_product":true,"subtotal_visible_cart":true,"subtotal_visible_orders":true},{"id":"1502192078","title":"2","description":"","query_type":"product_ids","query_ids":[3094,3090,3086,3082,31839,41795,41805,37407],"default_option_id":3090,"thumbnail_id":40901,"thumbnail_src":"https:\/\/v2.intervals.lv\/wp-content\/uploads\/2017\/03\/2Artboard-7.png","quantity_min":5,"quantity_max":5,"priced_individually":false,"shipped_individually":false,"optional":false,"discount":25,"options_style":"thumbnails","pagination_style":"classic","display_prices":"absolute","show_sorting_options":false,"show_filtering_options":false,"attribute_filter_ids":[],"select_action":"transition","product_title_visible":true,"product_descr_visible":true,"product_price_visible":true,"product_thumb_visible":true,"subtotal_visible_product":true,"subtotal_visible_cart":true,"subtotal_visible_orders":true},{"id":"1502193505","title":"3","description":"","query_type":"product_ids","query_ids":[3094,3090,3086,3082,31839,41795,41805,37407],"default_option_id":3086,"thumbnail_id":40901,"thumbnail_src":"https:\/\/v2.intervals.lv\/wp-content\/uploads\/2017\/03\/2Artboard-7.png","quantity_min":5,"quantity_max":5,"priced_individually":false,"shipped_individually":false,"optional":false,"discount":25,"options_style":"thumbnails","pagination_style":"classic","display_prices":"absolute","show_sorting_options":false,"show_filtering_options":false,"attribute_filter_ids":[],"select_action":"transition","product_title_visible":true,"product_descr_visible":true,"product_price_visible":true,"product_thumb_visible":true,"subtotal_visible_product":true,"subtotal_visible_cart":true,"subtotal_visible_orders":true},{"id":"1502193506","title":"4","description":"","query_type":"product_ids","query_ids":[3094,3090,3086,3082,31839,41795,41805,37407],"default_option_id":3082,"thumbnail_id":40901,"thumbnail_src":"https:\/\/v2.intervals.lv\/wp-content\/uploads\/2017\/03\/2Artboard-7.png","quantity_min":5,"quantity_max":5,"priced_individually":false,"shipped_individually":false,"optional":false,"discount":25,"options_style":"thumbnails","pagination_style":"classic","display_prices":"absolute","show_sorting_options":false,"show_filtering_options":false,"attribute_filter_ids":[],"select_action":"transition","product_title_visible":true,"product_descr_visible":true,"product_price_visible":true,"product_thumb_visible":true,"subtotal_visible_product":true,"subtotal_visible_cart":true,"subtotal_visible_orders":true},{"id":"1502193507","title":"5","description":"","query_type":"product_ids","query_ids":[3094,3090,3086,3082,31839,41795,41805,37407],"default_option_id":31839,"thumbnail_id":40901,"thumbnail_src":"https:\/\/v2.intervals.lv\/wp-content\/uploads\/2017\/03\/2Artboard-7.png","quantity_min":5,"quantity_max":5,"priced_individually":false,"shipped_individually":false,"optional":false,"discount":25,"options_style":"thumbnails","pagination_style":"classic","display_prices":"absolute","show_sorting_options":false,"show_filtering_options":false,"attribute_filter_ids":[],"select_action":"transition","product_title_visible":true,"product_descr_visible":true,"product_price_visible":true,"product_thumb_visible":true,"subtotal_visible_product":true,"subtotal_visible_cart":true,"subtotal_visible_orders":true},{"id":"1502193508","title":"6","description":"","query_type":"product_ids","query_ids":[3094,3090,3086,3082,31839,41795,41805,37407],"default_option_id":37407,"thumbnail_id":40901,"thumbnail_src":"https:\/\/v2.intervals.lv\/wp-content\/uploads\/2017\/03\/2Artboard-7.png","quantity_min":5,"quantity_max":5,"priced_individually":false,"shipped_individually":false,"optional":false,"discount":25,"options_style":"thumbnails","pagination_style":"classic","display_prices":"absolute","show_sorting_options":false,"show_filtering_options":false,"attribute_filter_ids":[],"select_action":"transition","product_title_visible":true,"product_descr_visible":true,"product_price_visible":true,"product_thumb_visible":false,"subtotal_visible_product":true,"subtotal_visible_cart":true,"subtotal_visible_orders":true}],"composite_scenarios":[],"_links":{"self":[{"href":"https:\/\/v2.intervals.lv\/lv\/wp-json\/wp\/v2\/product\/5509","targetHints":{"allow":["GET"]}}],"collection":[{"href":"https:\/\/v2.intervals.lv\/lv\/wp-json\/wp\/v2\/product"}],"about":[{"href":"https:\/\/v2.intervals.lv\/lv\/wp-json\/wp\/v2\/types\/product"}],"replies":[{"embeddable":true,"href":"https:\/\/v2.intervals.lv\/lv\/wp-json\/wp\/v2\/comments?post=5509"}],"wp:featuredmedia":[{"embeddable":true,"href":"https:\/\/v2.intervals.lv\/lv\/wp-json\/wp\/v2\/media\/87998"}],"wp:attachment":[{"href":"https:\/\/v2.intervals.lv\/lv\/wp-json\/wp\/v2\/media?parent=5509"}],"wp:term":[{"taxonomy":"product_brand","embeddable":true,"href":"https:\/\/v2.intervals.lv\/lv\/wp-json\/wp\/v2\/product_brand?post=5509"},{"taxonomy":"product_cat","embeddable":true,"href":"https:\/\/v2.intervals.lv\/lv\/wp-json\/wp\/v2\/product_cat?post=5509"},{"taxonomy":"product_tag","embeddable":true,"href":"https:\/\/v2.intervals.lv\/lv\/wp-json\/wp\/v2\/product_tag?post=5509"}],"curies":[{"name":"wp","href":"https:\/\/api.w.org\/{rel}","templated":true}]}}