{"id":599,"date":"2017-02-03T12:21:53","date_gmt":"2017-02-03T10:21:53","guid":{"rendered":"http:\/\/isostar.lvpress\/?post_type=product&#038;p=599"},"modified":"2026-03-01T07:09:21","modified_gmt":"2026-03-01T05:09:21","slug":"isostar-energy-bar-raisin-cranberry-40g","status":"publish","type":"product","link":"https:\/\/v2.intervals.lv\/lv\/product\/isostar-energy-bar-raisin-cranberry-40g\/","title":{"rendered":"Isostar ener\u0123ijas batoni\u0146\u0161 Raisin Cranberry 40g"},"content":{"rendered":"<p><strong>Isostar Energy Bar Raisin Cranberry <\/strong>ener\u0123ijas batoni\u0146\u0161 ar roz\u012b\u0146u un dz\u0113rve\u0146u gar\u0161u satur vienk\u0101r\u0161o un salikto og\u013chidr\u0101tu kompleksu, kas nodro\u0161ina ener\u0123iju intens\u012bvu un ilgsto\u0161u slod\u017eu laik\u0101. Tie ir bag\u0101t\u012bgi ar vitam\u012bnu B1, vitam\u012bnu B2, vitam\u012bnu PP, vitam\u012bnu C un vitam\u012bnu E. Vitam\u012bni B2, B6 un C pal\u012bdz nodro\u0161in\u0101t optim\u0101lu ener\u0123ijas metabolismu jeb p\u0101rv\u0113rst bar\u012bbas vielas ener\u0123ij\u0101 un mazin\u0101t nesp\u0113ku un nogurumu. Vitam\u012bns E pal\u012bdz pasarg\u0101t \u0161\u016bnas no oksidat\u012bv\u0101 stresa. Ener\u0123ijas batoni\u0146a sast\u0101v\u0101 ir zems lip\u012bdu daudzums, kas uzlabo uzs\u016bk\u0161an\u0101s \u0101trumu.\u00a0Piem\u0113rots lieto\u0161anai pirms fiziskas slodzes (3h l\u012bdz 1h30 min pirms) vai slodzes laik\u0101.<br \/>\nLietot k\u0101 papildin\u0101jumu vesel\u012bgam dz\u012bvesveidam un sabalans\u0113tam uzturam.<\/p>\n<p>Ra\u017eot\u0101ja m\u0101jaslapa: <a href=\"http:\/\/www.isostar.fr\">isostar.fr<\/a><\/p>\n","protected":false},"excerpt":{"rendered":"<ul>\n<li>Batoni\u0146\u0161 ener\u0123ijas ieg\u016b\u0161anai slodzes laik\u0101.<\/li>\n<li>Sast\u0101v\u0101 vienk\u0101r\u0161ie un saliktie og\u013chidr\u0101ti (29g).<\/li>\n<li>162 kalorijas batoni\u0146\u0101.<\/li>\n<li>Vitam\u012bni B1, B2, B6, C, E un PP.<\/li>\n<li>Piem\u0113rots lieto\u0161anai pirms slodzes un slodzes laik\u0101.<\/li>\n<\/ul>\n","protected":false},"featured_media":54885,"comment_status":"open","ping_status":"closed","template":"","meta":[],"product_brand":[944],"product_cat":[23,48],"product_tag":[],"class_list":{"0":"post-599","1":"product","2":"type-product","3":"status-publish","4":"has-post-thumbnail","6":"product_brand-isostar","7":"product_cat-batonini","8":"product_cat-merkis-atrai-energijai","9":"pa_garsa-dzervenu","10":"pa_lietosanas-laiks-laika","11":"pa_lietosanas-laiks-pirms","12":"pa_lietosanas-merkis-atrai-energijai","14":"first","15":"instock","16":"shipping-taxable","17":"purchasable","18":"product-type-simple"},"composite_virtual":false,"composite_layout":"","composite_add_to_cart_form_location":"","composite_editable_in_cart":false,"composite_sold_individually_context":"","composite_shop_price_calc":"","composite_components":[],"composite_scenarios":[],"_links":{"self":[{"href":"https:\/\/v2.intervals.lv\/lv\/wp-json\/wp\/v2\/product\/599","targetHints":{"allow":["GET"]}}],"collection":[{"href":"https:\/\/v2.intervals.lv\/lv\/wp-json\/wp\/v2\/product"}],"about":[{"href":"https:\/\/v2.intervals.lv\/lv\/wp-json\/wp\/v2\/types\/product"}],"replies":[{"embeddable":true,"href":"https:\/\/v2.intervals.lv\/lv\/wp-json\/wp\/v2\/comments?post=599"}],"wp:featuredmedia":[{"embeddable":true,"href":"https:\/\/v2.intervals.lv\/lv\/wp-json\/wp\/v2\/media\/54885"}],"wp:attachment":[{"href":"https:\/\/v2.intervals.lv\/lv\/wp-json\/wp\/v2\/media?parent=599"}],"wp:term":[{"taxonomy":"product_brand","embeddable":true,"href":"https:\/\/v2.intervals.lv\/lv\/wp-json\/wp\/v2\/product_brand?post=599"},{"taxonomy":"product_cat","embeddable":true,"href":"https:\/\/v2.intervals.lv\/lv\/wp-json\/wp\/v2\/product_cat?post=599"},{"taxonomy":"product_tag","embeddable":true,"href":"https:\/\/v2.intervals.lv\/lv\/wp-json\/wp\/v2\/product_tag?post=599"}],"curies":[{"name":"wp","href":"https:\/\/api.w.org\/{rel}","templated":true}]}}